{"id":1078,"date":"2024-05-10T13:38:08","date_gmt":"2024-05-10T18:38:08","guid":{"rendered":"https:\/\/transparencia.psiquiatricodecampeche.com\/?page_id=1078"},"modified":"2024-05-10T13:41:20","modified_gmt":"2024-05-10T18:41:20","slug":"1078-2","status":"publish","type":"page","link":"https:\/\/transparencia.psiquiatricodecampeche.com\/index.php\/1078-2\/","title":{"rendered":"NORMATIVIDAD VIGENTE"},"content":{"rendered":"<p>[et_pb_section fb_built=\u00bb1&#8243; _builder_version=\u00bb4.20.0&#8243; _module_preset=\u00bbdefault\u00bb custom_padding=\u00bb0px||0px|||\u00bb da_disable_devices=\u00bboff|off|off\u00bb global_colors_info=\u00bb{}\u00bb da_is_popup=\u00bboff\u00bb da_exit_intent=\u00bboff\u00bb da_has_close=\u00bbon\u00bb da_alt_close=\u00bboff\u00bb da_dark_close=\u00bboff\u00bb da_not_modal=\u00bbon\u00bb da_is_singular=\u00bboff\u00bb da_with_loader=\u00bboff\u00bb da_has_shadow=\u00bbon\u00bb][et_pb_row _builder_version=\u00bb4.20.0&#8243; _module_preset=\u00bbdefault\u00bb global_colors_info=\u00bb{}\u00bb][et_pb_column type=\u00bb4_4&#8243; _builder_version=\u00bb4.20.0&#8243; _module_preset=\u00bbdefault\u00bb global_colors_info=\u00bb{}\u00bb][et_pb_text _builder_version=\u00bb4.22.2&#8243; _module_preset=\u00bbdefault\u00bb text_font=\u00bbMontserrat|600|||||||\u00bb text_text_color=\u00bb#9F2241&#8243; text_font_size=\u00bb30px\u00bb global_colors_info=\u00bb{}\u00bb]<\/p>\n<p style=\"text-align: center;\"><strong>CONTABILIDAD GUBERNAMENTAL<\/strong><\/p>\n<p>[\/et_pb_text][\/et_pb_column][\/et_pb_row][et_pb_row _builder_version=\u00bb4.20.0&#8243; _module_preset=\u00bbdefault\u00bb global_colors_info=\u00bb{}\u00bb][et_pb_column type=\u00bb4_4&#8243; _builder_version=\u00bb4.20.0&#8243; _module_preset=\u00bbdefault\u00bb global_colors_info=\u00bb{}\u00bb][et_pb_text _builder_version=\u00bb4.22.2&#8243; _module_preset=\u00bbdefault\u00bb text_font=\u00bbMontserrat|600|||||||\u00bb text_text_color=\u00bb#000000&#8243; text_font_size=\u00bb15px\u00bb text_line_height=\u00bb1em\u00bb global_colors_info=\u00bb{}\u00bb]<\/p>\n<p>Con fecha 7 de mayo de 2008, se public\u00f3 el decreto que reforma, adiciona y deroga diversas disposiciones de la Constituci\u00f3n Pol\u00edtica de los Estados Unidos Mexicanos, mediante el cual se adiciona la fracci\u00f3n XXVIII al art\u00edculo 73 de nuestra carta magna para facultar al Congreso para expedir leyes en materia de contabilidad gubernamental que regir\u00e1n la contabilidad p\u00fablica y la presentaci\u00f3n homog\u00e9nea de informaci\u00f3n financiera, de ingresos y egresos, as\u00ed como patrimonial, para la Federaci\u00f3n, los estados, los municipios, el Distrito Federal y los \u00f3rganos pol\u00edticos administrativos de sus demarcaciones territoriales, a fin de garantizar su armonizaci\u00f3n a nivel nacional.<\/p>\n<p>Con base en lo anterior, el 1 de enero de 2009, entr\u00f3 en vigor la Ley General de Contabilidad Gubernamental la cual, contempla como principal objetivo establecer los criterios generales que regir\u00e1n la contabilidad gubernamental y la emisi\u00f3n de informaci\u00f3n financiera de los entes p\u00fablicos para lograr su adecuada armonizaci\u00f3n.<\/p>\n<p>[\/et_pb_text][\/et_pb_column][\/et_pb_row][\/et_pb_section][et_pb_section fb_built=\u00bb1&#8243; _builder_version=\u00bb4.20.2&#8243; _module_preset=\u00bbdefault\u00bb da_disable_devices=\u00bboff|off|off\u00bb global_colors_info=\u00bb{}\u00bb da_is_popup=\u00bboff\u00bb da_exit_intent=\u00bboff\u00bb da_has_close=\u00bbon\u00bb da_alt_close=\u00bboff\u00bb da_dark_close=\u00bboff\u00bb da_not_modal=\u00bbon\u00bb da_is_singular=\u00bboff\u00bb da_with_loader=\u00bboff\u00bb da_has_shadow=\u00bbon\u00bb][et_pb_row _builder_version=\u00bb4.20.2&#8243; _module_preset=\u00bbdefault\u00bb custom_margin=\u00bb-71px|auto||auto||\u00bb global_colors_info=\u00bb{}\u00bb][et_pb_column type=\u00bb4_4&#8243; _builder_version=\u00bb4.20.2&#8243; _module_preset=\u00bbdefault\u00bb global_colors_info=\u00bb{}\u00bb][et_pb_button button_url=\u00bbhttps:\/\/www.conac.gob.mx\/es\/CONAC\/Normatividad_Vigente\u00bb url_new_window=\u00bbon\u00bb button_text=\u00bbNORMATIVIDAD VIGENTE\u00bb button_alignment=\u00bbcenter\u00bb _builder_version=\u00bb4.25.1&#8243; _module_preset=\u00bbdefault\u00bb custom_button=\u00bbon\u00bb button_text_size=\u00bb30px\u00bb button_text_color=\u00bb#9F2241&#8243; button_border_width=\u00bb4px\u00bb button_font=\u00bbMontserrat|800|||||||\u00bb custom_css_main_element=\u00bbmin-width: 100%;||text-align:center;\u00bb global_colors_info=\u00bb{}\u00bb][\/et_pb_button][et_pb_button button_url=\u00bbhttps:\/\/psiquiatricodecampeche.com\/DOCUMN\/INFORMACIONFINANCIERA\/MANUAL%20DE%20CONTABILIDAD%20DEL%20HOSPITAL%20PSIQUIATRICO%20DE%20CAMPECHE.pdf\u00bb url_new_window=\u00bbon\u00bb button_text=\u00bbMANUAL DE CONTABILIDAD HPC\u00bb button_alignment=\u00bbcenter\u00bb _builder_version=\u00bb4.25.1&#8243; _module_preset=\u00bbdefault\u00bb custom_button=\u00bbon\u00bb button_text_size=\u00bb30px\u00bb button_text_color=\u00bb#9F2241&#8243; button_border_width=\u00bb4px\u00bb button_font=\u00bbMontserrat|800|||||||\u00bb hover_enabled=\u00bb0&#8243; custom_css_main_element=\u00bbmin-width: 100%;||text-align:center;\u00bb global_colors_info=\u00bb{}\u00bb sticky_enabled=\u00bb0&#8243;][\/et_pb_button][\/et_pb_column][\/et_pb_row][\/et_pb_section]<\/p>\n","protected":false},"excerpt":{"rendered":"<p>CONTABILIDAD GUBERNAMENTALCon fecha 7 de mayo de 2008, se public\u00f3 el decreto que reforma, adiciona y deroga diversas disposiciones de la Constituci\u00f3n Pol\u00edtica de los Estados Unidos Mexicanos, mediante el cual se adiciona la fracci\u00f3n XXVIII al art\u00edculo 73 de nuestra carta magna para facultar al Congreso para expedir leyes en materia de contabilidad gubernamental [&hellip;]<\/p>\n","protected":false},"author":1,"featured_media":0,"parent":0,"menu_order":0,"comment_status":"closed","ping_status":"closed","template":"","meta":{"_et_pb_use_builder":"on","_et_pb_old_content":"","_et_gb_content_width":"","footnotes":""},"class_list":["post-1078","page","type-page","status-publish","hentry"],"_links":{"self":[{"href":"https:\/\/transparencia.psiquiatricodecampeche.com\/index.php\/wp-json\/wp\/v2\/pages\/1078","targetHints":{"allow":["GET"]}}],"collection":[{"href":"https:\/\/transparencia.psiquiatricodecampeche.com\/index.php\/wp-json\/wp\/v2\/pages"}],"about":[{"href":"https:\/\/transparencia.psiquiatricodecampeche.com\/index.php\/wp-json\/wp\/v2\/types\/page"}],"author":[{"embeddable":true,"href":"https:\/\/transparencia.psiquiatricodecampeche.com\/index.php\/wp-json\/wp\/v2\/users\/1"}],"replies":[{"embeddable":true,"href":"https:\/\/transparencia.psiquiatricodecampeche.com\/index.php\/wp-json\/wp\/v2\/comments?post=1078"}],"version-history":[{"count":5,"href":"https:\/\/transparencia.psiquiatricodecampeche.com\/index.php\/wp-json\/wp\/v2\/pages\/1078\/revisions"}],"predecessor-version":[{"id":1084,"href":"https:\/\/transparencia.psiquiatricodecampeche.com\/index.php\/wp-json\/wp\/v2\/pages\/1078\/revisions\/1084"}],"wp:attachment":[{"href":"https:\/\/transparencia.psiquiatricodecampeche.com\/index.php\/wp-json\/wp\/v2\/media?parent=1078"}],"curies":[{"name":"wp","href":"https:\/\/api.w.org\/{rel}","templated":true}]}}