{"id":128,"date":"2023-03-01T02:36:01","date_gmt":"2023-03-01T02:36:01","guid":{"rendered":"https:\/\/transparencia.psiquiatricodecampeche.com\/?page_id=128"},"modified":"2023-08-10T13:42:08","modified_gmt":"2023-08-10T18:42:08","slug":"obligaciones-especificas","status":"publish","type":"page","link":"https:\/\/transparencia.psiquiatricodecampeche.com\/index.php\/obligaciones-especificas\/","title":{"rendered":"OBLIGACIONES ESPECIFICAS"},"content":{"rendered":"<p>[et_pb_section fb_built=\u00bb1&#8243; _builder_version=\u00bb4.20.0&#8243; _module_preset=\u00bbdefault\u00bb da_disable_devices=\u00bboff|off|off\u00bb global_colors_info=\u00bb{}\u00bb da_is_popup=\u00bboff\u00bb da_exit_intent=\u00bboff\u00bb da_has_close=\u00bbon\u00bb da_alt_close=\u00bboff\u00bb da_dark_close=\u00bboff\u00bb da_not_modal=\u00bbon\u00bb da_is_singular=\u00bboff\u00bb da_with_loader=\u00bboff\u00bb da_has_shadow=\u00bbon\u00bb][et_pb_row _builder_version=\u00bb4.20.0&#8243; _module_preset=\u00bbdefault\u00bb global_colors_info=\u00bb{}\u00bb][et_pb_column type=\u00bb4_4&#8243; _builder_version=\u00bb4.20.0&#8243; _module_preset=\u00bbdefault\u00bb global_colors_info=\u00bb{}\u00bb][et_pb_text _builder_version=\u00bb4.20.0&#8243; _module_preset=\u00bbdefault\u00bb text_font=\u00bbMontserrat|800|||||||\u00bb text_text_color=\u00bb#9F2241&#8243; text_font_size=\u00bb27px\u00bb global_colors_info=\u00bb{}\u00bb]<\/p>\n<p style=\"text-align: center;\">OBLIGACIONES ESPEC\u00cdFICAS DEL HOSPITAL PSIQUI\u00c1TRICO DE CAMPECHE<\/p>\n<p>[\/et_pb_text][et_pb_text _builder_version=\u00bb4.21.0&#8243; _module_preset=\u00bbdefault\u00bb hover_enabled=\u00bb0&#8243; global_colors_info=\u00bb{}\u00bb sticky_enabled=\u00bb0&#8243;]<\/p>\n<table>\n<tbody>\n<tr>\n<td class=\"selected\" colspan=\"1\" style=\"display: table-cell; font-weight: bold; text-align: center; vertical-align: middle; background-color: #9f2241; color: #ffffff;\" rowspan=\"1\">\n<div class=\"wrap\" style=\"justify-content: center;\">\n<div style=\"margin: 10px 5px;\" class=\"\" contenteditable=\"false\">\n<p><span>FRACCI\u00d3N<\/span><\/p>\n<\/div>\n<\/div>\n<\/td>\n<td style=\"background-color: #9f2241; text-align: center; vertical-align: middle; font-weight: bold; color: #ffffff;\" class=\"selected\">\n<div class=\"wrap\" style=\"justify-content: center;\">\n<div style=\"margin: 10px 5px;\" class=\"\" contenteditable=\"false\">\n<p><span>DENOMINACI\u00d3N<\/span><\/p>\n<\/div>\n<\/div>\n<\/td>\n<td style=\"background-color: #9f2241; text-align: center; vertical-align: middle; font-weight: bold; color: #ffffff;\" class=\"selected\">\n<div class=\"wrap\" style=\"justify-content: center;\">\n<div style=\"margin: 10px 5px;\" class=\"\" contenteditable=\"false\">\n<p><span>APLICABILIDAD<\/span><\/p>\n<\/div>\n<\/div>\n<\/td>\n<\/tr>\n<tr>\n<td style=\"background-color: #385623; text-align: center; vertical-align: middle; display: table-cell; color: #ffffff; font-weight: bold;\" colspan=\"3\" rowspan=\"1\" class=\"selected\">\n<div class=\"wrap\" style=\"justify-content: center;\">\n<div style=\"margin: 10px 5px;\" class=\"\" contenteditable=\"false\">\n<p><span>ART. &#8211; 75<\/span><\/p>\n<\/div>\n<\/div>\n<\/td>\n<td style=\"background-color: #385623; text-align: center; vertical-align: middle; display: none;\" rowspan=\"1\" class=\"selected\">\n<div class=\"wrap\" style=\"justify-content: center;\">\n<div style=\"margin: 10px 5px;\"><\/div>\n<\/div>\n<\/td>\n<td style=\"background-color: #385623; text-align: center; vertical-align: middle; display: none;\" rowspan=\"1\" class=\"selected\">\n<div class=\"wrap\" style=\"justify-content: center;\">\n<div style=\"margin: 10px 5px;\"><\/div>\n<\/div>\n<\/td>\n<\/tr>\n<tr>\n<td style=\"background-color: #ffffff; text-align: center; vertical-align: middle; font-weight: bold;\" class=\"selected\">\n<div class=\"wrap\" style=\"justify-content: center;\">\n<div style=\"margin: 10px 5px;\" class=\"\" contenteditable=\"false\">\n<p><span style=\"color: #9f2241;\">VI<\/span><\/p>\n<\/div>\n<\/div>\n<\/td>\n<td style=\"background-color: #ffffff; text-align: center; vertical-align: middle; color: #000000; font-weight: bold;\" class=\"selected\">\n<div class=\"wrap\" style=\"justify-content: center;\">\n<div style=\"margin: 10px 5px;\" class=\"\" contenteditable=\"false\">\n<p><a href=\"https:\/\/transparencia.psiquiatricodecampeche.com\/index.php\/vi-disposiciones-administrativas\/\" data-enable-open-in-new-tab=\"false\"><span>DISPOSICIONES ADMINISTRATIVAS, DIRECTAMENTE O A TRAV\u00c9S DE LA AUTORIDAD COMPETENTE<\/span><\/a><\/p>\n<\/div>\n<\/div>\n<\/td>\n<td style=\"background-color: #bca986; text-align: center; vertical-align: middle; font-weight: bold; color: #ffffff;\" class=\"selected\">\n<div class=\"wrap\" style=\"justify-content: center;\">\n<div style=\"margin: 10px 5px;\" class=\"\" contenteditable=\"false\">\n<p><span>APLICA<\/span><\/p>\n<\/div>\n<\/div>\n<\/td>\n<\/tr>\n<tr>\n<td style=\"background-color: #385623; text-align: center; vertical-align: middle; display: table-cell; color: #ffffff; font-weight: bold;\" colspan=\"3\" rowspan=\"1\" class=\"selected\">\n<div class=\"wrap\" style=\"justify-content: center;\">\n<div style=\"margin: 10px 5px;\" class=\"\" contenteditable=\"false\">\n<p><span>ART. 71<\/span><\/p>\n<\/div>\n<\/div>\n<\/td>\n<td style=\"background-color: #385623; text-align: center; vertical-align: middle; display: none;\" rowspan=\"1\" class=\"selected\">\n<div class=\"wrap\" style=\"justify-content: center;\">\n<div style=\"margin: 10px 5px;\"><\/div>\n<\/div>\n<\/td>\n<td style=\"background-color: #385623; text-align: center; vertical-align: middle; display: none;\" rowspan=\"1\" class=\"selected\">\n<div class=\"wrap\" style=\"justify-content: center;\">\n<div style=\"margin: 10px 5px;\"><\/div>\n<\/div>\n<\/td>\n<\/tr>\n<tr>\n<td style=\"background-color: #ffffff; text-align: center; vertical-align: middle; font-weight: bold;\" class=\"selected\">\n<div class=\"wrap\" style=\"justify-content: center;\">\n<div style=\"margin: 10px 5px;\" class=\"\" contenteditable=\"false\">\n<p><span style=\"color: #9f2241;\">I-F<\/span><\/p>\n<\/div>\n<\/div>\n<\/td>\n<td style=\"background-color: #ffffff; text-align: center; vertical-align: middle; color: #000000; font-weight: bold;\" class=\"selected\">\n<div class=\"wrap\" style=\"justify-content: center;\">\n<div style=\"margin: 10px 5px;\" class=\"\" contenteditable=\"false\">\n<p><a href=\"https:\/\/transparencia.psiquiatricodecampeche.com\/index.php\/if-plan-de-desarrollo-urbano\/\" data-enable-open-in-new-tab=\"false\"><span>PLAN DE DESARROLLO URBANO<\/span><\/a><\/p>\n<\/div>\n<\/div>\n<\/td>\n<td style=\"background-color: #bca986; text-align: center; vertical-align: middle; font-weight: bold; color: #ffffff;\" class=\"selected\">\n<div class=\"wrap\" style=\"justify-content: center;\">\n<div style=\"margin: 10px 5px;\" class=\"\" contenteditable=\"false\">\n<p><span>APLICA<\/span><\/p>\n<\/div>\n<\/div>\n<\/td>\n<\/tr>\n<\/tbody>\n<\/table>\n<p>[\/et_pb_text][et_pb_text _builder_version=\u00bb4.21.0&#8243; _module_preset=\u00bbdefault\u00bb global_colors_info=\u00bb{}\u00bb]<\/p>\n<p>Para consultar la informaci\u00f3n de clic sobre la denominaci\u00f3n correspondiente.<\/p>\n<p>[\/et_pb_text][\/et_pb_column][\/et_pb_row][\/et_pb_section]<\/p>\n","protected":false},"excerpt":{"rendered":"<p>OBLIGACIONES ESPEC\u00cdFICAS DEL HOSPITAL PSIQUI\u00c1TRICO DE CAMPECHE FRACCI\u00d3N DENOMINACI\u00d3N APLICABILIDAD ART. &#8211; 75 VI DISPOSICIONES ADMINISTRATIVAS, DIRECTAMENTE O A TRAV\u00c9S DE LA AUTORIDAD COMPETENTE APLICA ART. 71 I-F PLAN DE DESARROLLO URBANO APLICA Para consultar la informaci\u00f3n de clic sobre la denominaci\u00f3n correspondiente.<\/p>\n","protected":false},"author":1,"featured_media":0,"parent":0,"menu_order":0,"comment_status":"closed","ping_status":"closed","template":"","meta":{"_et_pb_use_builder":"on","_et_pb_old_content":"","_et_gb_content_width":"","footnotes":""},"class_list":["post-128","page","type-page","status-publish","hentry"],"_links":{"self":[{"href":"https:\/\/transparencia.psiquiatricodecampeche.com\/index.php\/wp-json\/wp\/v2\/pages\/128","targetHints":{"allow":["GET"]}}],"collection":[{"href":"https:\/\/transparencia.psiquiatricodecampeche.com\/index.php\/wp-json\/wp\/v2\/pages"}],"about":[{"href":"https:\/\/transparencia.psiquiatricodecampeche.com\/index.php\/wp-json\/wp\/v2\/types\/page"}],"author":[{"embeddable":true,"href":"https:\/\/transparencia.psiquiatricodecampeche.com\/index.php\/wp-json\/wp\/v2\/users\/1"}],"replies":[{"embeddable":true,"href":"https:\/\/transparencia.psiquiatricodecampeche.com\/index.php\/wp-json\/wp\/v2\/comments?post=128"}],"version-history":[{"count":15,"href":"https:\/\/transparencia.psiquiatricodecampeche.com\/index.php\/wp-json\/wp\/v2\/pages\/128\/revisions"}],"predecessor-version":[{"id":823,"href":"https:\/\/transparencia.psiquiatricodecampeche.com\/index.php\/wp-json\/wp\/v2\/pages\/128\/revisions\/823"}],"wp:attachment":[{"href":"https:\/\/transparencia.psiquiatricodecampeche.com\/index.php\/wp-json\/wp\/v2\/media?parent=128"}],"curies":[{"name":"wp","href":"https:\/\/api.w.org\/{rel}","templated":true}]}}