{"id":223,"date":"2023-03-07T17:24:10","date_gmt":"2023-03-07T17:24:10","guid":{"rendered":"https:\/\/transparencia.psiquiatricodecampeche.com\/?page_id=223"},"modified":"2025-10-06T14:45:09","modified_gmt":"2025-10-06T20:45:09","slug":"iii-facultades-de-cada-area","status":"publish","type":"page","link":"https:\/\/transparencia.psiquiatricodecampeche.com\/index.php\/iii-facultades-de-cada-area\/","title":{"rendered":"III. FACULTADES DE CADA \u00c1REA"},"content":{"rendered":"<p>[et_pb_section fb_built=\u00bb1&#8243; _builder_version=\u00bb4.20.0&#8243; _module_preset=\u00bbdefault\u00bb da_disable_devices=\u00bboff|off|off\u00bb global_colors_info=\u00bb{}\u00bb da_is_popup=\u00bboff\u00bb da_exit_intent=\u00bboff\u00bb da_has_close=\u00bbon\u00bb da_alt_close=\u00bboff\u00bb da_dark_close=\u00bboff\u00bb da_not_modal=\u00bbon\u00bb da_is_singular=\u00bboff\u00bb da_with_loader=\u00bboff\u00bb da_has_shadow=\u00bbon\u00bb][et_pb_row _builder_version=\u00bb4.20.0&#8243; _module_preset=\u00bbdefault\u00bb global_colors_info=\u00bb{}\u00bb][et_pb_column type=\u00bb4_4&#8243; _builder_version=\u00bb4.20.0&#8243; _module_preset=\u00bbdefault\u00bb global_colors_info=\u00bb{}\u00bb][et_pb_text _builder_version=\u00bb4.20.0&#8243; _module_preset=\u00bbdefault\u00bb text_font=\u00bbMontserrat|600|||||||\u00bb text_text_color=\u00bb#9F2241&#8243; text_font_size=\u00bb30px\u00bb global_colors_info=\u00bb{}\u00bb]<\/p>\n<p style=\"text-align: center;\">III. FACULTADES DE CADA \u00c1REA<\/p>\n<p>[\/et_pb_text][\/et_pb_column][\/et_pb_row][et_pb_row _builder_version=\u00bb4.20.0&#8243; _module_preset=\u00bbdefault\u00bb global_colors_info=\u00bb{}\u00bb][et_pb_column type=\u00bb4_4&#8243; _builder_version=\u00bb4.20.0&#8243; _module_preset=\u00bbdefault\u00bb global_colors_info=\u00bb{}\u00bb][et_pb_text _builder_version=\u00bb4.20.0&#8243; _module_preset=\u00bbdefault\u00bb text_font=\u00bbMontserrat|600|||||||\u00bb text_text_color=\u00bb#000000&#8243; text_font_size=\u00bb15px\u00bb text_line_height=\u00bb1em\u00bb global_colors_info=\u00bb{}\u00bb]<\/p>\n<p style=\"text-align: justify;\">En cumplimiento a esta fracci\u00f3n, los sujetos obligados publicar\u00e1n las facultades respecto de cada una de las \u00e1reas previstas en el reglamento interior, estatuto org\u00e1nico o normatividad equivalente respectiva, entendidas \u00e9stas como las aptitudes o potestades que les otorga la ley para para llevar a cabo actos administrativos y\/o legales v\u00e1lidos, de los cuales surgen obligaciones, derechos y atribuciones.<\/p>\n<p style=\"text-align: justify;\">Periodo de actualizaci\u00f3n: Trimestral<\/p>\n<p style=\"text-align: justify;\">Unidad(es) Administrativa(s) que genera(n) o posee(n) la informaci\u00f3n: Unidad Jur\u00eddica<\/p>\n<p>[\/et_pb_text][\/et_pb_column][\/et_pb_row][et_pb_row _builder_version=\u00bb4.20.0&#8243; _module_preset=\u00bbdefault\u00bb min_height=\u00bb326.9px\u00bb custom_margin=\u00bb|auto|-9px|auto||\u00bb custom_padding=\u00bb||0px|||\u00bb global_colors_info=\u00bb{}\u00bb][et_pb_column type=\u00bb4_4&#8243; _builder_version=\u00bb4.20.0&#8243; _module_preset=\u00bbdefault\u00bb global_colors_info=\u00bb{}\u00bb][et_pb_text _builder_version=\u00bb4.27.4&#8243; _module_preset=\u00bbdefault\u00bb hover_enabled=\u00bb0&#8243; global_colors_info=\u00bb{}\u00bb sticky_enabled=\u00bb0&#8243;]<\/p>\n<table>\n<tbody>\n<tr>\n<td class=\"selected\" style=\"text-align: center; vertical-align: middle; font-weight: bold; display: table-cell; background-color: #9f2241; color: #ffffff;\" colspan=\"4\" rowspan=\"1\">\n<div class=\"wrap\" style=\"justify-content: center;\">\n<div style=\"margin: 10px 5px;\">\n<p><span style=\"color: #ffffff; font-weight: bold;\">FRACCI\u00d3N III<\/span><\/p>\n<\/div>\n<\/div>\n<\/td>\n<td style=\"font-weight: bold; background-color: #c52393; text-align: center; color: #ffffff; vertical-align: middle; display: none;\" rowspan=\"1\" class=\"selected\">\n<div class=\"wrap\" style=\"justify-content: center;\">\n<div style=\"margin: 10px 5px;\"><\/div>\n<\/div>\n<\/td>\n<td style=\"font-weight: bold; background-color: #c52393; text-align: center; color: #ffffff; vertical-align: middle; display: none;\" rowspan=\"1\" class=\"selected\">\n<div class=\"wrap\" style=\"justify-content: center;\">\n<div style=\"margin: 10px 5px;\"><\/div>\n<\/div>\n<\/td>\n<td style=\"font-weight: bold; background-color: #c52393; text-align: center; color: #ffffff; vertical-align: middle; display: none;\" rowspan=\"1\" class=\"selected\">\n<div class=\"wrap\" style=\"justify-content: center;\">\n<div style=\"margin: 10px 5px;\"><\/div>\n<\/div>\n<\/td>\n<\/tr>\n<tr>\n<td style=\"font-weight: bold; background-color: #ffffff; text-align: center; color: #000000; vertical-align: middle; display: table-cell;\" colspan=\"1\" rowspan=\"4\" class=\"selected\">\n<div class=\"wrap\" style=\"justify-content: center;\">\n<div style=\"margin: 10px 5px;\">\n<p><span style=\"font-weight: bold;\">Facultades de cada \u00e1rea<\/span><\/p>\n<\/div>\n<\/div>\n<\/td>\n<td style=\"font-weight: bold; background-color: #ffffff; text-align: center; color: #000000; vertical-align: middle; display: table-cell;\" colspan=\"1\" rowspan=\"4\" class=\"selected\">\n<div class=\"wrap\" style=\"justify-content: center;\">\n<div style=\"margin: 10px 5px;\">\n<p><span style=\"font-weight: bold;\">TRIMESTRAL<\/span><\/p>\n<p>&nbsp;<\/p>\n<p><span style=\"font-style: italic;\">Informaci\u00f3n Vigente<\/span><\/p>\n<\/div>\n<\/div>\n<\/td>\n<td style=\"font-weight: bold; background-color: #ffffff; text-align: center; color: #000000; vertical-align: top;\" class=\"selected\">\n<div class=\"wrap\">\n<div style=\"margin: 10px 5px;\">\n<p><a href=\"https:\/\/psiquiatricodecampeche.com\/DOCUMN\/III\/2025\/Fraccion%203%202do%20trimestre%202025.xlsx\" data-enable-open-in-new-tab=\"true\"><span style=\"text-decoration: none;\">2\u00b0 TRIMESTRE 2025<\/span><\/a><\/p>\n<\/div>\n<\/div>\n<\/td>\n<td style=\"background-color: #ffffff; text-align: center; color: #000000; vertical-align: middle;\" class=\"selected\">\n<div class=\"wrap\" style=\"justify-content: center;\">\n<div style=\"margin: 10px 5px;\">\n<p><img loading=\"lazy\" decoding=\"async\" src=\"https:\/\/psiquiatricodecampeche.com\/DOCUMN\/img22\/excel%20logo.png\" alt=\"EXCELICON\" style=\"width: 35px; max-width: 35px; height: 30px; max-height: 30px;\" width=\"35\" height=\"30\" \/><\/p>\n<\/div>\n<\/div>\n<\/td>\n<\/tr>\n<tr>\n<td style=\"font-weight: bold; background-color: #ffffff; text-align: center; color: #000000; vertical-align: middle; display: none;\" colspan=\"1\" class=\"selected\">\n<div class=\"wrap\" style=\"justify-content: center;\">\n<div style=\"margin: 10px 5px;\"><\/div>\n<\/div>\n<\/td>\n<td style=\"font-weight: bold; background-color: #ffffff; text-align: center; color: #000000; vertical-align: middle; display: none;\" colspan=\"1\" class=\"selected\">\n<div class=\"wrap\" style=\"justify-content: center;\">\n<div style=\"margin: 10px 5px;\"><\/div>\n<\/div>\n<\/td>\n<td style=\"font-weight: bold; background-color: #ffffff; text-align: center; color: #000000; vertical-align: top;\" class=\"selected\">\n<div class=\"wrap\">\n<div style=\"margin: 10px 5px;\">\n<p><a href=\"https:\/\/psiquiatricodecampeche.com\/DOCUMN\/III\/Facultades%20Direcci%C3%B3n%20Gral..PDF\" data-enable-open-in-new-tab=\"true\"><span style=\"text-decoration: none;\">Acuerdo del Ejecutivo que Crea el Hospital Psiqui\u00e1trico de Campeche Art\u00edculo 9 y Reglamento Interior del Hospital Psiqui\u00e1trico de Campeche Art\u00edculo 12<\/span><\/a><\/p>\n<\/div>\n<\/div>\n<\/td>\n<td style=\"background-color: #ffffff; text-align: center; color: #000000; vertical-align: middle;\" class=\"selected\">\n<div class=\"wrap\" style=\"justify-content: center;\">\n<div style=\"margin: 10px 5px;\">\n<p><img loading=\"lazy\" decoding=\"async\" src=\"https:\/\/psiquiatricodecampeche.com\/DOCUMN\/img22\/PDF2.png\" alt=\"PDF\" style=\"width: 35px; max-width: 35px; height: 35px; max-height: 35px;\" width=\"35\" height=\"35\" \/><\/p>\n<\/div>\n<\/div>\n<\/td>\n<\/tr>\n<tr>\n<td style=\"font-weight: bold; background-color: #ffffff; text-align: center; color: #000000; vertical-align: middle; display: none;\" colspan=\"1\" class=\"selected\">\n<div class=\"wrap\" style=\"justify-content: center;\">\n<div style=\"margin: 10px 5px;\"><\/div>\n<\/div>\n<\/td>\n<td style=\"font-weight: bold; background-color: #ffffff; text-align: center; color: #000000; vertical-align: middle; display: none;\" colspan=\"1\" class=\"selected\">\n<div class=\"wrap\" style=\"justify-content: center;\">\n<div style=\"margin: 10px 5px;\"><\/div>\n<\/div>\n<\/td>\n<td style=\"font-weight: bold; background-color: #ffffff; text-align: center; color: #000000; vertical-align: top;\" class=\"selected\">\n<div class=\"wrap\">\n<div style=\"margin: 10px 5px;\">\n<p><a href=\"https:\/\/psiquiatricodecampeche.com\/DOCUMN\/III\/Facultades%20Sub%20Admon.PDF\" data-enable-open-in-new-tab=\"true\"><span style=\"text-decoration: none;\">Reglamento Interior del Hospital Psiqui\u00e1trico de Campeche Art\u00edculos 17 y 19<\/span><\/a><\/p>\n<\/div>\n<\/div>\n<\/td>\n<td style=\"background-color: #ffffff; text-align: center; color: #000000; vertical-align: middle;\" class=\"selected\">\n<div class=\"wrap\" style=\"justify-content: center;\">\n<div style=\"margin: 10px 5px;\">\n<p><img loading=\"lazy\" decoding=\"async\" src=\"https:\/\/psiquiatricodecampeche.com\/DOCUMN\/img22\/PDF2.png\" alt=\"PDF\" style=\"width: 35px; max-width: 35px; height: 35px; max-height: 35px;\" width=\"35\" height=\"35\" \/><\/p>\n<\/div>\n<\/div>\n<\/td>\n<\/tr>\n<tr>\n<td style=\"font-weight: bold; background-color: #ffffff; text-align: center; color: #000000; vertical-align: middle; display: none;\" colspan=\"1\" class=\"selected\">\n<div class=\"wrap\" style=\"justify-content: center;\">\n<div style=\"margin: 10px 5px;\"><\/div>\n<\/div>\n<\/td>\n<td style=\"font-weight: bold; background-color: #ffffff; text-align: center; color: #000000; vertical-align: middle; display: none;\" colspan=\"1\" class=\"selected\">\n<div class=\"wrap\" style=\"justify-content: center;\">\n<div style=\"margin: 10px 5px;\"><\/div>\n<\/div>\n<\/td>\n<td style=\"font-weight: bold; background-color: #ffffff; text-align: center; color: #000000; vertical-align: top;\" class=\"selected\">\n<div class=\"wrap\">\n<div style=\"margin: 10px 5px;\">\n<p><a href=\"https:\/\/psiquiatricodecampeche.com\/DOCUMN\/III\/Facultades%20de%20la%20Sub%20M%C3%A9dica.PDF\" data-enable-open-in-new-tab=\"true\"><span style=\"text-decoration: none;\">Reglamento Interior del Hospital Psiqui\u00e1trico de Campeche Art\u00edculos 17 y 18<\/span><\/a><\/p>\n<\/div>\n<\/div>\n<\/td>\n<td style=\"background-color: #ffffff; text-align: center; color: #000000; vertical-align: middle;\" class=\"selected\">\n<div class=\"wrap\" style=\"justify-content: center;\">\n<div style=\"margin: 10px 5px;\">\n<p><img loading=\"lazy\" decoding=\"async\" src=\"https:\/\/psiquiatricodecampeche.com\/DOCUMN\/img22\/PDF2.png\" alt=\"PDF\" style=\"width: 35px; max-width: 35px; height: 35px; max-height: 35px;\" width=\"35\" height=\"35\" \/><\/p>\n<\/div>\n<\/div>\n<\/td>\n<\/tr>\n<\/tbody>\n<\/table>\n<p>[\/et_pb_text][\/et_pb_column][\/et_pb_row][et_pb_row _builder_version=\u00bb4.21.0&#8243; _module_preset=\u00bbdefault\u00bb global_colors_info=\u00bb{}\u00bb][et_pb_column type=\u00bb4_4&#8243; _builder_version=\u00bb4.21.0&#8243; _module_preset=\u00bbdefault\u00bb global_colors_info=\u00bb{}\u00bb][et_pb_text _builder_version=\u00bb4.21.0&#8243; _module_preset=\u00bbdefault\u00bb global_colors_info=\u00bb{}\u00bb]<\/p>\n<p>Para realizar la descarga de clic sobre el periodo correspondiente.<\/p>\n<p>[\/et_pb_text][\/et_pb_column][\/et_pb_row][\/et_pb_section]<\/p>\n","protected":false},"excerpt":{"rendered":"<p>III. FACULTADES DE CADA \u00c1REAEn cumplimiento a esta fracci\u00f3n, los sujetos obligados publicar\u00e1n las facultades respecto de cada una de las \u00e1reas previstas en el reglamento interior, estatuto org\u00e1nico o normatividad equivalente respectiva, entendidas \u00e9stas como las aptitudes o potestades que les otorga la ley para para llevar a cabo actos administrativos y\/o legales v\u00e1lidos, [&hellip;]<\/p>\n","protected":false},"author":1,"featured_media":0,"parent":0,"menu_order":0,"comment_status":"closed","ping_status":"closed","template":"","meta":{"_et_pb_use_builder":"on","_et_pb_old_content":"","_et_gb_content_width":"","footnotes":""},"class_list":["post-223","page","type-page","status-publish","hentry"],"_links":{"self":[{"href":"https:\/\/transparencia.psiquiatricodecampeche.com\/index.php\/wp-json\/wp\/v2\/pages\/223","targetHints":{"allow":["GET"]}}],"collection":[{"href":"https:\/\/transparencia.psiquiatricodecampeche.com\/index.php\/wp-json\/wp\/v2\/pages"}],"about":[{"href":"https:\/\/transparencia.psiquiatricodecampeche.com\/index.php\/wp-json\/wp\/v2\/types\/page"}],"author":[{"embeddable":true,"href":"https:\/\/transparencia.psiquiatricodecampeche.com\/index.php\/wp-json\/wp\/v2\/users\/1"}],"replies":[{"embeddable":true,"href":"https:\/\/transparencia.psiquiatricodecampeche.com\/index.php\/wp-json\/wp\/v2\/comments?post=223"}],"version-history":[{"count":11,"href":"https:\/\/transparencia.psiquiatricodecampeche.com\/index.php\/wp-json\/wp\/v2\/pages\/223\/revisions"}],"predecessor-version":[{"id":1179,"href":"https:\/\/transparencia.psiquiatricodecampeche.com\/index.php\/wp-json\/wp\/v2\/pages\/223\/revisions\/1179"}],"wp:attachment":[{"href":"https:\/\/transparencia.psiquiatricodecampeche.com\/index.php\/wp-json\/wp\/v2\/media?parent=223"}],"curies":[{"name":"wp","href":"https:\/\/api.w.org\/{rel}","templated":true}]}}