{"id":237,"date":"2023-03-07T17:58:15","date_gmt":"2023-03-07T17:58:15","guid":{"rendered":"https:\/\/transparencia.psiquiatricodecampeche.com\/?page_id=237"},"modified":"2025-10-15T12:13:36","modified_gmt":"2025-10-15T18:13:36","slug":"iv-objetivo-y-metas-de-las-areas","status":"publish","type":"page","link":"https:\/\/transparencia.psiquiatricodecampeche.com\/index.php\/iv-objetivo-y-metas-de-las-areas\/","title":{"rendered":"IV. OBJETIVO Y METAS DE LAS \u00c1REAS"},"content":{"rendered":"<p>[et_pb_section fb_built=\u00bb1&#8243; _builder_version=\u00bb4.20.0&#8243; _module_preset=\u00bbdefault\u00bb da_disable_devices=\u00bboff|off|off\u00bb global_colors_info=\u00bb{}\u00bb da_is_popup=\u00bboff\u00bb da_exit_intent=\u00bboff\u00bb da_has_close=\u00bbon\u00bb da_alt_close=\u00bboff\u00bb da_dark_close=\u00bboff\u00bb da_not_modal=\u00bbon\u00bb da_is_singular=\u00bboff\u00bb da_with_loader=\u00bboff\u00bb da_has_shadow=\u00bbon\u00bb][et_pb_row _builder_version=\u00bb4.20.0&#8243; _module_preset=\u00bbdefault\u00bb global_colors_info=\u00bb{}\u00bb][et_pb_column type=\u00bb4_4&#8243; _builder_version=\u00bb4.20.0&#8243; _module_preset=\u00bbdefault\u00bb global_colors_info=\u00bb{}\u00bb][et_pb_text _builder_version=\u00bb4.20.0&#8243; _module_preset=\u00bbdefault\u00bb text_font=\u00bbMontserrat|600|||||||\u00bb text_text_color=\u00bb#9F2241&#8243; text_font_size=\u00bb30px\u00bb global_colors_info=\u00bb{}\u00bb]<\/p>\n<p style=\"text-align: center;\">IV. OBJETIVO Y METAS DE LAS \u00c1REAS (POA)<\/p>\n<p>[\/et_pb_text][\/et_pb_column][\/et_pb_row][et_pb_row _builder_version=\u00bb4.20.0&#8243; _module_preset=\u00bbdefault\u00bb global_colors_info=\u00bb{}\u00bb][et_pb_column type=\u00bb4_4&#8243; _builder_version=\u00bb4.20.0&#8243; _module_preset=\u00bbdefault\u00bb global_colors_info=\u00bb{}\u00bb][et_pb_text _builder_version=\u00bb4.20.0&#8243; _module_preset=\u00bbdefault\u00bb text_font=\u00bbMontserrat|600|||||||\u00bb text_text_color=\u00bb#000000&#8243; text_font_size=\u00bb15px\u00bb text_line_height=\u00bb1em\u00bb global_colors_info=\u00bb{}\u00bb]<\/p>\n<p style=\"text-align: justify;\">La informaci\u00f3n correspondiente con las metas y objetivos vinculados a los programas operativos, presupuestarios, sectoriales, regionales institucionales, especiales, de trabajo y\/o anuales en t\u00e9rminos de la normatividad que le sea aplicable.<\/p>\n<p style=\"text-align: justify;\">Periodo de actualizaci\u00f3n: Anual<\/p>\n<p style=\"text-align: justify;\">Unidad(es) Administrativa(s) que genera(n) o posee(n) la informaci\u00f3n: Unidad de Contabilidad<\/p>\n<p>[\/et_pb_text][\/et_pb_column][\/et_pb_row][et_pb_row _builder_version=\u00bb4.20.0&#8243; _module_preset=\u00bbdefault\u00bb custom_padding=\u00bb||0px|||\u00bb global_colors_info=\u00bb{}\u00bb][et_pb_column type=\u00bb4_4&#8243; _builder_version=\u00bb4.20.0&#8243; _module_preset=\u00bbdefault\u00bb global_colors_info=\u00bb{}\u00bb][et_pb_text _builder_version=\u00bb4.27.4&#8243; _module_preset=\u00bbdefault\u00bb hover_enabled=\u00bb0&#8243; sticky_enabled=\u00bb0&#8243;]<\/p>\n<style type=\"text\/css\">\n.tg  {border-collapse:collapse;border-spacing:0;margin:0px auto;}\n.tg td{border-color:black;border-style:solid;border-width:1px;font-family:Arial, sans-serif;font-size:14px;\n  overflow:hidden;padding:10px 5px;word-break:normal;}\n.tg th{border-color:black;border-style:solid;border-width:1px;font-family:Arial, sans-serif;font-size:14px;\n  font-weight:normal;overflow:hidden;padding:10px 5px;word-break:normal;}\n.tg .tg-sn7r{background-color:#9F2241;color:#FFF;font-weight:bold;text-align:center;vertical-align:middle}\n.tg .tg-n33o{background-color:#FFF;color:#330001;font-weight:bold;text-align:center;vertical-align:middle}\n.tg .tg-0djp{background-color:#FFF;color:#000000;font-weight:bold;text-align:center;vertical-align:middle}\n@media screen and (max-width: 767px) {.tg {width: auto !important;}.tg col {width: auto !important;}.tg-wrap {overflow-x: auto;-webkit-overflow-scrolling: touch;margin: auto 0px;}}<\/style>\n<div class=\"tg-wrap\">\n<table class=\"tg\">\n<thead>\n<tr>\n<th class=\"tg-sn7r\" colspan=\"4\"><span style=\"color:white;background-color:transparent\">FRACCI\u00d3N IV<\/span><\/th>\n<\/tr>\n<\/thead>\n<tbody>\n<tr>\n<td class=\"tg-n33o\" rowspan=\"2\"><span style=\"font-weight:bold;background-color:transparent\">A<\/span><br \/><span style=\"background-color:transparent\"> <\/span><br \/><span style=\"background-color:transparent\">Estructura Org\u00e1nica Completa<\/span><\/td>\n<td class=\"tg-n33o\" rowspan=\"2\"><span style=\"font-weight:bold;background-color:transparent\">Anual<\/span><br \/><span style=\"background-color:transparent\"> <\/span><br \/><span style=\"text-decoration:none;background-color:transparent\">A\u00f1o en curso y seis anteriores.<\/span><\/td>\n<td class=\"tg-0djp\"><a href=\"https:\/\/psiquiatricodecampeche.com\/DOCUMN\/IV\/2025\/N_F4_LTAIPEC_Art74FrIV-2025.xlsx\" target=\"_blank\" rel=\"noopener noreferrer\">2025<\/a><\/td>\n<td class=\"tg-n33o\"><img loading=\"lazy\" decoding=\"async\" src=\"https:\/\/psiquiatricodecampeche.com\/DOCUMN\/img22\/excel%20logo.png\" alt=\"EXCEL\" width=\"30\" height=\"29\"><\/td>\n<\/tr>\n<tr>\n<td class=\"tg-0djp\"><a href=\"https:\/\/psiquiatricodecampeche.com\/DOCUMN\/IV\/2025\/N_F4_LTAIPEC_Art74FrIV.-2019-2024.zip\" target=\"_blank\" rel=\"noopener noreferrer\">2019-2024<\/a><\/td>\n<td class=\"tg-n33o\"><img loading=\"lazy\" decoding=\"async\" src=\"https:\/\/psiquiatricodecampeche.com\/DOCUMN\/img22\/excel%20logo.png\" alt=\"EXCEL\" width=\"30\" height=\"29\"><\/td>\n<\/tr>\n<\/tbody>\n<\/table>\n<\/div>\n<p>[\/et_pb_text][\/et_pb_column][\/et_pb_row][et_pb_row _builder_version=\u00bb4.21.0&#8243; _module_preset=\u00bbdefault\u00bb global_colors_info=\u00bb{}\u00bb][et_pb_column type=\u00bb4_4&#8243; _builder_version=\u00bb4.21.0&#8243; _module_preset=\u00bbdefault\u00bb global_colors_info=\u00bb{}\u00bb][et_pb_text _builder_version=\u00bb4.21.0&#8243; _module_preset=\u00bbdefault\u00bb global_colors_info=\u00bb{}\u00bb]<\/p>\n<p>Para realizar la descarga de clic sobre el periodo correspondiente.<\/p>\n<p>[\/et_pb_text][\/et_pb_column][\/et_pb_row][\/et_pb_section]<\/p>\n","protected":false},"excerpt":{"rendered":"<p>IV. OBJETIVO Y METAS DE LAS \u00c1REAS (POA)La informaci\u00f3n correspondiente con las metas y objetivos vinculados a los programas operativos, presupuestarios, sectoriales, regionales institucionales, especiales, de trabajo y\/o anuales en t\u00e9rminos de la normatividad que le sea aplicable. Periodo de actualizaci\u00f3n: Anual Unidad(es) Administrativa(s) que genera(n) o posee(n) la informaci\u00f3n: Unidad de Contabilidad FRACCI\u00d3N IV [&hellip;]<\/p>\n","protected":false},"author":1,"featured_media":0,"parent":0,"menu_order":0,"comment_status":"closed","ping_status":"closed","template":"","meta":{"_et_pb_use_builder":"on","_et_pb_old_content":"","_et_gb_content_width":"","footnotes":""},"class_list":["post-237","page","type-page","status-publish","hentry"],"_links":{"self":[{"href":"https:\/\/transparencia.psiquiatricodecampeche.com\/index.php\/wp-json\/wp\/v2\/pages\/237","targetHints":{"allow":["GET"]}}],"collection":[{"href":"https:\/\/transparencia.psiquiatricodecampeche.com\/index.php\/wp-json\/wp\/v2\/pages"}],"about":[{"href":"https:\/\/transparencia.psiquiatricodecampeche.com\/index.php\/wp-json\/wp\/v2\/types\/page"}],"author":[{"embeddable":true,"href":"https:\/\/transparencia.psiquiatricodecampeche.com\/index.php\/wp-json\/wp\/v2\/users\/1"}],"replies":[{"embeddable":true,"href":"https:\/\/transparencia.psiquiatricodecampeche.com\/index.php\/wp-json\/wp\/v2\/comments?post=237"}],"version-history":[{"count":6,"href":"https:\/\/transparencia.psiquiatricodecampeche.com\/index.php\/wp-json\/wp\/v2\/pages\/237\/revisions"}],"predecessor-version":[{"id":1213,"href":"https:\/\/transparencia.psiquiatricodecampeche.com\/index.php\/wp-json\/wp\/v2\/pages\/237\/revisions\/1213"}],"wp:attachment":[{"href":"https:\/\/transparencia.psiquiatricodecampeche.com\/index.php\/wp-json\/wp\/v2\/media?parent=237"}],"curies":[{"name":"wp","href":"https:\/\/api.w.org\/{rel}","templated":true}]}}