{"id":302,"date":"2023-03-09T21:12:45","date_gmt":"2023-03-09T21:12:45","guid":{"rendered":"https:\/\/transparencia.psiquiatricodecampeche.com\/?page_id=302"},"modified":"2023-06-12T09:49:29","modified_gmt":"2023-06-12T14:49:29","slug":"xii-la-informacion-en-version-publica-de-las-declaraciones-patrimoniales","status":"publish","type":"page","link":"https:\/\/transparencia.psiquiatricodecampeche.com\/index.php\/xii-la-informacion-en-version-publica-de-las-declaraciones-patrimoniales\/","title":{"rendered":"XII. LA INFORMACI\u00d3N EN VERSI\u00d3N P\u00daBLICA DE LAS DECLARACIONES PATRIMONIALES"},"content":{"rendered":"<p>[et_pb_section fb_built=\u00bb1&#8243; _builder_version=\u00bb4.20.0&#8243; _module_preset=\u00bbdefault\u00bb da_disable_devices=\u00bboff|off|off\u00bb global_colors_info=\u00bb{}\u00bb da_is_popup=\u00bboff\u00bb da_exit_intent=\u00bboff\u00bb da_has_close=\u00bbon\u00bb da_alt_close=\u00bboff\u00bb da_dark_close=\u00bboff\u00bb da_not_modal=\u00bbon\u00bb da_is_singular=\u00bboff\u00bb da_with_loader=\u00bboff\u00bb da_has_shadow=\u00bbon\u00bb][et_pb_row _builder_version=\u00bb4.20.0&#8243; _module_preset=\u00bbdefault\u00bb global_colors_info=\u00bb{}\u00bb][et_pb_column type=\u00bb4_4&#8243; _builder_version=\u00bb4.20.0&#8243; _module_preset=\u00bbdefault\u00bb global_colors_info=\u00bb{}\u00bb][et_pb_text _builder_version=\u00bb4.20.1&#8243; _module_preset=\u00bbdefault\u00bb text_font=\u00bbMontserrat|600|||||||\u00bb text_text_color=\u00bb#9F2241&#8243; text_font_size=\u00bb30px\u00bb global_colors_info=\u00bb{}\u00bb]<\/p>\n<p style=\"text-align: center;\">XII. LA INFORMACI\u00d3N EN VERSI\u00d3N P\u00daBLICA DE LAS DECLARACIONES PATRIMONIALES, DE LOS SERVIDORES P\u00daBLICOS QUE AS\u00cd LO DETERMINEN, EN LOS SISTEMAS HABILITADOS PARA ELLO DE ACUERDO A LA NORMATIVIDAD APLICABLE<\/p>\n<p>[\/et_pb_text][\/et_pb_column][\/et_pb_row][et_pb_row _builder_version=\u00bb4.20.0&#8243; _module_preset=\u00bbdefault\u00bb global_colors_info=\u00bb{}\u00bb][et_pb_column type=\u00bb4_4&#8243; _builder_version=\u00bb4.20.0&#8243; _module_preset=\u00bbdefault\u00bb global_colors_info=\u00bb{}\u00bb][et_pb_text _builder_version=\u00bb4.20.1&#8243; _module_preset=\u00bbdefault\u00bb text_font=\u00bbMontserrat|600|||||||\u00bb text_text_color=\u00bb#000000&#8243; text_font_size=\u00bb15px\u00bb text_line_height=\u00bb1em\u00bb global_colors_info=\u00bb{}\u00bb]<\/p>\n<p style=\"text-align: justify;\">Los sujetos obligados deber\u00e1n publicar la versi\u00f3n p\u00fablica de la declaraci\u00f3n de situaci\u00f3n patrimonial de los(as) servidores(as) p\u00fablicos(as), integrantes, miembros del sujeto obligado y\/o toda persona que desempe\u00f1e un empleo, cargo o comisi\u00f3n y\/o ejerza actos de autoridad, y que tiene la obligaci\u00f3n de presentar declaraci\u00f3n de situaci\u00f3n patrimonial en sus tres modalidades: inicio, modificaci\u00f3n y de conclusi\u00f3n, de conformidad con la normatividad que resulte aplicable en la materia.<\/p>\n<p>[\/et_pb_text][et_pb_text _builder_version=\u00bb4.20.1&#8243; _module_preset=\u00bbdefault\u00bb text_font=\u00bbMontserrat|600|||||||\u00bb text_text_color=\u00bb#9F2241&#8243; text_font_size=\u00bb50px\u00bb text_line_height=\u00bb1em\u00bb global_colors_info=\u00bb{}\u00bb]<\/p>\n<p style=\"text-align: center;\">NO APLICA \u26d4<\/p>\n<p>[\/et_pb_text][\/et_pb_column][\/et_pb_row][et_pb_row _builder_version=\u00bb4.20.0&#8243; _module_preset=\u00bbdefault\u00bb global_colors_info=\u00bb{}\u00bb][et_pb_column type=\u00bb4_4&#8243; _builder_version=\u00bb4.20.0&#8243; _module_preset=\u00bbdefault\u00bb global_colors_info=\u00bb{}\u00bb][et_pb_text _builder_version=\u00bb4.20.1&#8243; _module_preset=\u00bbdefault\u00bb text_font=\u00bbMontserrat|600|||||||\u00bb text_text_color=\u00bb#000000&#8243; text_font_size=\u00bb15px\u00bb text_line_height=\u00bb1em\u00bb global_colors_info=\u00bb{}\u00bb]<\/p>\n<p style=\"text-align: justify;\">El Hospital Psiqui\u00e1trico de Campeche no genera esta informaci\u00f3n por no estar especificado en sus facultades, competencias y funciones otorgadas por los ordenamientos jur\u00eddicos aplicables. Le corresponde a la Secretaria de la Contralor\u00eda del Gobierno del Estado de Campeche, misma que podr\u00e1 consultar a trav\u00e9s del siguiente link:<\/p>\n<p>[\/et_pb_text][\/et_pb_column][\/et_pb_row][et_pb_row _builder_version=\u00bb4.20.1&#8243; _module_preset=\u00bbdefault\u00bb global_colors_info=\u00bb{}\u00bb][et_pb_column type=\u00bb4_4&#8243; _builder_version=\u00bb4.20.1&#8243; _module_preset=\u00bbdefault\u00bb global_colors_info=\u00bb{}\u00bb][et_pb_text _builder_version=\u00bb4.20.1&#8243; _module_preset=\u00bbdefault\u00bb global_colors_info=\u00bb{}\u00bb]<\/p>\n<table>\n<tbody>\n<tr>\n<td class=\"selected\" colspan=\"1\" style=\"display: table-cell; font-weight: bold; text-align: center; vertical-align: top; background-color: #9f2241; color: #ffffff;\" rowspan=\"1\">\n<div class=\"wrap\">\n<div style=\"margin: 10px 5px;\">\n<p><span style=\"color: #ffffff;\">Declaraciones Patrimoniales<\/span><\/p>\n<\/div>\n<\/div>\n<\/td>\n<td style=\"background-color: #9f2241; text-align: center; color: #333333; vertical-align: top; font-size: 20px;\" class=\"selected\">\n<div class=\"wrap\">\n<div style=\"margin: 10px 5px;\">\n<p><span style=\"font-weight: normal;\">\ud83d\udd17<\/span><\/p>\n<\/div>\n<\/div>\n<\/td>\n<\/tr>\n<tr>\n<td style=\"font-weight: bold; background-color: #ffffff; text-align: center; color: #000000; vertical-align: bottom;\" class=\"selected\">\n<div class=\"wrap\" style=\"justify-content: flex-end;\">\n<div style=\"margin: 10px 5px;\">\n<p><span style=\"font-weight: bold;\">Secretar\u00eda de la Contralor\u00eda<\/span><\/p>\n<\/div>\n<\/div>\n<\/td>\n<td style=\"background-color: #ffffff; text-align: center; color: #000000; vertical-align: top; font-size: 20px;\" class=\"selected\">\n<div class=\"wrap\">\n<div style=\"margin: 10px 5px;\" class=\"\" contenteditable=\"false\">\n<p><a href=\"http:\/\/www.contraloria.campeche.gob.mx\/\" data-enable-open-in-new-tab=\"true\"><span style=\"text-decoration: none;\">\ud83d\udd0d<\/span><\/a><\/p>\n<\/div>\n<\/div>\n<\/td>\n<\/tr>\n<\/tbody>\n<\/table>\n<p>[\/et_pb_text][et_pb_text _builder_version=\u00bb4.21.0&#8243; _module_preset=\u00bbdefault\u00bb hover_enabled=\u00bb0&#8243; sticky_enabled=\u00bb0&#8243;]<\/p>\n<p>Para consultar la informaci\u00f3n de clic sobre el icono de b\u00fasqueda.<\/p>\n<p>[\/et_pb_text][\/et_pb_column][\/et_pb_row][\/et_pb_section]<\/p>\n","protected":false},"excerpt":{"rendered":"<p>XII. LA INFORMACI\u00d3N EN VERSI\u00d3N P\u00daBLICA DE LAS DECLARACIONES PATRIMONIALES, DE LOS SERVIDORES P\u00daBLICOS QUE AS\u00cd LO DETERMINEN, EN LOS SISTEMAS HABILITADOS PARA ELLO DE ACUERDO A LA NORMATIVIDAD APLICABLELos sujetos obligados deber\u00e1n publicar la versi\u00f3n p\u00fablica de la declaraci\u00f3n de situaci\u00f3n patrimonial de los(as) servidores(as) p\u00fablicos(as), integrantes, miembros del sujeto obligado y\/o toda persona [&hellip;]<\/p>\n","protected":false},"author":1,"featured_media":0,"parent":0,"menu_order":0,"comment_status":"closed","ping_status":"closed","template":"","meta":{"_et_pb_use_builder":"on","_et_pb_old_content":"","_et_gb_content_width":"","footnotes":""},"class_list":["post-302","page","type-page","status-publish","hentry"],"_links":{"self":[{"href":"https:\/\/transparencia.psiquiatricodecampeche.com\/index.php\/wp-json\/wp\/v2\/pages\/302","targetHints":{"allow":["GET"]}}],"collection":[{"href":"https:\/\/transparencia.psiquiatricodecampeche.com\/index.php\/wp-json\/wp\/v2\/pages"}],"about":[{"href":"https:\/\/transparencia.psiquiatricodecampeche.com\/index.php\/wp-json\/wp\/v2\/types\/page"}],"author":[{"embeddable":true,"href":"https:\/\/transparencia.psiquiatricodecampeche.com\/index.php\/wp-json\/wp\/v2\/users\/1"}],"replies":[{"embeddable":true,"href":"https:\/\/transparencia.psiquiatricodecampeche.com\/index.php\/wp-json\/wp\/v2\/comments?post=302"}],"version-history":[{"count":4,"href":"https:\/\/transparencia.psiquiatricodecampeche.com\/index.php\/wp-json\/wp\/v2\/pages\/302\/revisions"}],"predecessor-version":[{"id":726,"href":"https:\/\/transparencia.psiquiatricodecampeche.com\/index.php\/wp-json\/wp\/v2\/pages\/302\/revisions\/726"}],"wp:attachment":[{"href":"https:\/\/transparencia.psiquiatricodecampeche.com\/index.php\/wp-json\/wp\/v2\/media?parent=302"}],"curies":[{"name":"wp","href":"https:\/\/api.w.org\/{rel}","templated":true}]}}