{"id":309,"date":"2023-03-09T21:45:27","date_gmt":"2023-03-09T21:45:27","guid":{"rendered":"https:\/\/transparencia.psiquiatricodecampeche.com\/?page_id=309"},"modified":"2025-10-06T15:10:34","modified_gmt":"2025-10-06T21:10:34","slug":"xiii-el-domicilio-de-la-unidad-de-transparencia","status":"publish","type":"page","link":"https:\/\/transparencia.psiquiatricodecampeche.com\/index.php\/xiii-el-domicilio-de-la-unidad-de-transparencia\/","title":{"rendered":"XIII. EL DOMICILIO DE LA UNIDAD DE TRANSPARENCIA"},"content":{"rendered":"<p>[et_pb_section fb_built=\u00bb1&#8243; _builder_version=\u00bb4.20.0&#8243; _module_preset=\u00bbdefault\u00bb da_disable_devices=\u00bboff|off|off\u00bb global_colors_info=\u00bb{}\u00bb da_is_popup=\u00bboff\u00bb da_exit_intent=\u00bboff\u00bb da_has_close=\u00bbon\u00bb da_alt_close=\u00bboff\u00bb da_dark_close=\u00bboff\u00bb da_not_modal=\u00bbon\u00bb da_is_singular=\u00bboff\u00bb da_with_loader=\u00bboff\u00bb da_has_shadow=\u00bbon\u00bb][et_pb_row _builder_version=\u00bb4.20.0&#8243; _module_preset=\u00bbdefault\u00bb global_colors_info=\u00bb{}\u00bb][et_pb_column type=\u00bb4_4&#8243; _builder_version=\u00bb4.20.0&#8243; _module_preset=\u00bbdefault\u00bb global_colors_info=\u00bb{}\u00bb][et_pb_text _builder_version=\u00bb4.20.1&#8243; _module_preset=\u00bbdefault\u00bb text_font=\u00bbMontserrat|600|||||||\u00bb text_text_color=\u00bb#9F2241&#8243; text_font_size=\u00bb30px\u00bb global_colors_info=\u00bb{}\u00bb]<\/p>\n<p style=\"text-align: center;\">XIII. EL DOMICILIO DE LA UNIDAD DE TRANSPARENCIA<\/p>\n<p>[\/et_pb_text][\/et_pb_column][\/et_pb_row][et_pb_row _builder_version=\u00bb4.20.0&#8243; _module_preset=\u00bbdefault\u00bb global_colors_info=\u00bb{}\u00bb][et_pb_column type=\u00bb4_4&#8243; _builder_version=\u00bb4.20.0&#8243; _module_preset=\u00bbdefault\u00bb global_colors_info=\u00bb{}\u00bb][et_pb_text _builder_version=\u00bb4.20.1&#8243; _module_preset=\u00bbdefault\u00bb text_font=\u00bbMontserrat|600|||||||\u00bb text_text_color=\u00bb#000000&#8243; text_font_size=\u00bb15px\u00bb text_line_height=\u00bb1em\u00bb global_colors_info=\u00bb{}\u00bb]<\/p>\n<p style=\"text-align: justify;\">Informaci\u00f3n necesaria para que las personas puedan establecer contacto y comunicaci\u00f3n la Unidad de Transparencia y, si as\u00ed lo requieren, auxiliarlos en la elaboraci\u00f3n de solicitudes de acceso a la informaci\u00f3n u orientarlos sobre los sujetos obligados competentes.<\/p>\n<p style=\"text-align: justify;\">Periodo de actualizaci\u00f3n: Trimestral<\/p>\n<p style=\"text-align: justify;\">Unidad(es) Administrativa(s) que genera(n) o posee(n) la informaci\u00f3n: Transparencia<\/p>\n<p>[\/et_pb_text][\/et_pb_column][\/et_pb_row][et_pb_row _builder_version=\u00bb4.20.0&#8243; _module_preset=\u00bbdefault\u00bb global_colors_info=\u00bb{}\u00bb][et_pb_column type=\u00bb4_4&#8243; _builder_version=\u00bb4.20.0&#8243; _module_preset=\u00bbdefault\u00bb global_colors_info=\u00bb{}\u00bb][et_pb_text _builder_version=\u00bb4.27.4&#8243; _module_preset=\u00bbdefault\u00bb hover_enabled=\u00bb0&#8243; global_colors_info=\u00bb{}\u00bb sticky_enabled=\u00bb0&#8243;]<\/p>\n<table>\n<tbody>\n<tr>\n<td class=\"selected\" colspan=\"4\" style=\"display: table-cell; font-weight: bold; color: #ffffff; background-color: #9e2140; text-align: center; vertical-align: middle;\" rowspan=\"1\">\n<div class=\"wrap\" style=\"justify-content: center;\">\n<div style=\"margin: 10px 5px;\">\n<p><span style=\"color: #ffffff; font-weight: bold;\">FRACCI\u00d3N XIII<\/span><\/p>\n<\/div>\n<\/div>\n<\/td>\n<td style=\"display: none; font-weight: bold; color: #ffffff; background-color: #c52393; text-align: center; vertical-align: middle;\" rowspan=\"1\" class=\"selected\">\n<div class=\"wrap\" style=\"justify-content: center;\">\n<div style=\"margin: 10px 5px;\"><\/div>\n<\/div>\n<\/td>\n<td style=\"display: none; font-weight: bold; color: #ffffff; background-color: #c52393; text-align: center; vertical-align: middle;\" rowspan=\"1\" class=\"selected\">\n<div class=\"wrap\" style=\"justify-content: center;\">\n<div style=\"margin: 10px 5px;\"><\/div>\n<\/div>\n<\/td>\n<td style=\"display: none; font-weight: bold; color: #ffffff; background-color: #c52393; text-align: center; vertical-align: middle;\" rowspan=\"1\" class=\"selected\">\n<div class=\"wrap\" style=\"justify-content: center;\">\n<div style=\"margin: 10px 5px;\"><\/div>\n<\/div>\n<\/td>\n<\/tr>\n<tr>\n<td colspan=\"1\" style=\"display: table-cell; font-weight: bold; color: #000000; background-color: #ffffff; border-color: #000000; text-align: center; vertical-align: middle;\" rowspan=\"1\" class=\"selected\">\n<div class=\"wrap\" style=\"justify-content: center;\">\n<div style=\"margin: 10px 5px;\">\n<p><span style=\"font-weight: bold;\">El domicilio de la Unidad de Transparencia<\/span><\/p>\n<\/div>\n<\/div>\n<\/td>\n<td colspan=\"1\" style=\"display: table-cell; font-weight: bold; color: #000000; background-color: #ffffff; border-color: #000000; text-align: center; vertical-align: middle;\" rowspan=\"1\" class=\"selected\">\n<div class=\"wrap\" style=\"justify-content: center;\">\n<div style=\"margin: 10px 5px;\">\n<p><span style=\"font-weight: bold;\">TRIMESTRAL<\/span><\/p>\n<p>&nbsp;<\/p>\n<p><span style=\"font-weight: bold;\">Informaci\u00f3n Vigente<\/span><\/p>\n<\/div>\n<\/div>\n<\/td>\n<td colspan=\"1\" style=\"display: table-cell; color: #000000; background-color: #ffffff; border-color: #000000; text-align: center; vertical-align: middle;\" rowspan=\"1\" class=\"selected\">\n<div class=\"wrap\" style=\"justify-content: center;\">\n<div style=\"margin: 10px 5px;\" class=\"\" contenteditable=\"false\">\n<p><a href=\"https:\/\/psiquiatricodecampeche.com\/DOCUMN\/XIII\/2025\/fraccion%20XIII%202do%20trimestre%202025.xlsx\" data-enable-open-in-new-tab=\"true\"><span style=\"text-decoration: none;\">2\u00b0 TRIMESTRE 2025<\/span><\/a><\/p>\n<\/div>\n<\/div>\n<\/td>\n<td colspan=\"1\" style=\"display: table-cell; color: #000000; background-color: #ffffff; border-color: #000000; text-align: center; vertical-align: middle;\" rowspan=\"1\" class=\"selected\">\n<div class=\"wrap\" style=\"justify-content: center;\">\n<div style=\"margin: 10px 5px;\">\n<p><img loading=\"lazy\" decoding=\"async\" src=\"https:\/\/psiquiatricodecampeche.com\/DOCUMN\/img22\/excel%20logo.png\" alt=\"EXCELICON\" style=\"width: 30px; max-width: 30px; height: 29px; max-height: 29px;\" width=\"30\" height=\"29\" \/><\/p>\n<\/div>\n<\/div>\n<\/td>\n<\/tr>\n<\/tbody>\n<\/table>\n<p>[\/et_pb_text][et_pb_text _builder_version=\u00bb4.21.0&#8243; _module_preset=\u00bbdefault\u00bb global_colors_info=\u00bb{}\u00bb]<\/p>\n<p>Para realizar la descarga de clic sobre el periodo correspondiente.<\/p>\n<p>[\/et_pb_text][\/et_pb_column][\/et_pb_row][\/et_pb_section]<\/p>\n","protected":false},"excerpt":{"rendered":"<p>XIII. EL DOMICILIO DE LA UNIDAD DE TRANSPARENCIAInformaci\u00f3n necesaria para que las personas puedan establecer contacto y comunicaci\u00f3n la Unidad de Transparencia y, si as\u00ed lo requieren, auxiliarlos en la elaboraci\u00f3n de solicitudes de acceso a la informaci\u00f3n u orientarlos sobre los sujetos obligados competentes. Periodo de actualizaci\u00f3n: Trimestral Unidad(es) Administrativa(s) que genera(n) o posee(n) [&hellip;]<\/p>\n","protected":false},"author":1,"featured_media":0,"parent":0,"menu_order":0,"comment_status":"closed","ping_status":"closed","template":"","meta":{"_et_pb_use_builder":"on","_et_pb_old_content":"","_et_gb_content_width":"","footnotes":""},"class_list":["post-309","page","type-page","status-publish","hentry"],"_links":{"self":[{"href":"https:\/\/transparencia.psiquiatricodecampeche.com\/index.php\/wp-json\/wp\/v2\/pages\/309","targetHints":{"allow":["GET"]}}],"collection":[{"href":"https:\/\/transparencia.psiquiatricodecampeche.com\/index.php\/wp-json\/wp\/v2\/pages"}],"about":[{"href":"https:\/\/transparencia.psiquiatricodecampeche.com\/index.php\/wp-json\/wp\/v2\/types\/page"}],"author":[{"embeddable":true,"href":"https:\/\/transparencia.psiquiatricodecampeche.com\/index.php\/wp-json\/wp\/v2\/users\/1"}],"replies":[{"embeddable":true,"href":"https:\/\/transparencia.psiquiatricodecampeche.com\/index.php\/wp-json\/wp\/v2\/comments?post=309"}],"version-history":[{"count":9,"href":"https:\/\/transparencia.psiquiatricodecampeche.com\/index.php\/wp-json\/wp\/v2\/pages\/309\/revisions"}],"predecessor-version":[{"id":1185,"href":"https:\/\/transparencia.psiquiatricodecampeche.com\/index.php\/wp-json\/wp\/v2\/pages\/309\/revisions\/1185"}],"wp:attachment":[{"href":"https:\/\/transparencia.psiquiatricodecampeche.com\/index.php\/wp-json\/wp\/v2\/media?parent=309"}],"curies":[{"name":"wp","href":"https:\/\/api.w.org\/{rel}","templated":true}]}}