{"id":321,"date":"2023-03-10T14:50:46","date_gmt":"2023-03-10T14:50:46","guid":{"rendered":"https:\/\/transparencia.psiquiatricodecampeche.com\/?page_id=321"},"modified":"2023-06-12T10:00:38","modified_gmt":"2023-06-12T15:00:38","slug":"xv-la-informacion-de-los-programas-de-subsidios-estimulos-y-apoyos","status":"publish","type":"page","link":"https:\/\/transparencia.psiquiatricodecampeche.com\/index.php\/xv-la-informacion-de-los-programas-de-subsidios-estimulos-y-apoyos\/","title":{"rendered":"XV. LA INFORMACI\u00d3N DE LOS PROGRAMAS DE SUBSIDIOS, EST\u00cdMULOS Y APOYOS"},"content":{"rendered":"<p>[et_pb_section fb_built=\u00bb1&#8243; _builder_version=\u00bb4.20.0&#8243; _module_preset=\u00bbdefault\u00bb da_disable_devices=\u00bboff|off|off\u00bb global_colors_info=\u00bb{}\u00bb da_is_popup=\u00bboff\u00bb da_exit_intent=\u00bboff\u00bb da_has_close=\u00bbon\u00bb da_alt_close=\u00bboff\u00bb da_dark_close=\u00bboff\u00bb da_not_modal=\u00bbon\u00bb da_is_singular=\u00bboff\u00bb da_with_loader=\u00bboff\u00bb da_has_shadow=\u00bbon\u00bb][et_pb_row _builder_version=\u00bb4.20.0&#8243; _module_preset=\u00bbdefault\u00bb global_colors_info=\u00bb{}\u00bb][et_pb_column type=\u00bb4_4&#8243; _builder_version=\u00bb4.20.0&#8243; _module_preset=\u00bbdefault\u00bb global_colors_info=\u00bb{}\u00bb][et_pb_text _builder_version=\u00bb4.20.1&#8243; _module_preset=\u00bbdefault\u00bb text_font=\u00bbMontserrat|600|||||||\u00bb text_text_color=\u00bb#9F2241&#8243; text_font_size=\u00bb30px\u00bb global_colors_info=\u00bb{}\u00bb]<\/p>\n<p style=\"text-align: center;\">XV. LA INFORMACI\u00d3N DE LOS PROGRAMAS DE SUBSIDIOS, EST\u00cdMULOS Y APOYOS, EN EL QUE SE DEBER\u00c1 INFORMAR RESPECTO DE LOS PROGRAMAS DE TRANSFERENCIA, DE SERVICIOS, DE INFRAESTRUCTURA SOCIAL Y DE SUBSIDIO<\/p>\n<p>[\/et_pb_text][\/et_pb_column][\/et_pb_row][et_pb_row _builder_version=\u00bb4.20.0&#8243; _module_preset=\u00bbdefault\u00bb global_colors_info=\u00bb{}\u00bb][et_pb_column type=\u00bb4_4&#8243; _builder_version=\u00bb4.20.0&#8243; _module_preset=\u00bbdefault\u00bb global_colors_info=\u00bb{}\u00bb][et_pb_text _builder_version=\u00bb4.20.1&#8243; _module_preset=\u00bbdefault\u00bb text_font=\u00bbMontserrat|600|||||||\u00bb text_text_color=\u00bb#000000&#8243; text_font_size=\u00bb15px\u00bb text_line_height=\u00bb1em\u00bb global_colors_info=\u00bb{}\u00bb]<\/p>\n<p style=\"text-align: justify;\">Para dar cumplimiento a esta fracci\u00f3n, el sujeto obligado deber\u00e1 organizar y publicar la informaci\u00f3n relativa a todos los programas que desarrolla o regula y que impliquen subsidios, est\u00edmulos y apoyos en efectivo o en especie. Se trata de los programas que de acuerdo con la correspondiente normatividad, los sujetos obligados dirijan a la poblaci\u00f3n para incidir en su bienestar y hacer efectivos sus derechos.<\/p>\n<p>[\/et_pb_text][et_pb_text _builder_version=\u00bb4.20.1&#8243; _module_preset=\u00bbdefault\u00bb text_font=\u00bbMontserrat|600|||||||\u00bb text_text_color=\u00bb#9F2241&#8243; text_font_size=\u00bb50px\u00bb text_line_height=\u00bb1em\u00bb global_colors_info=\u00bb{}\u00bb]<\/p>\n<p style=\"text-align: center;\">NO APLICA \u26d4<\/p>\n<p>[\/et_pb_text][\/et_pb_column][\/et_pb_row][et_pb_row _builder_version=\u00bb4.20.0&#8243; _module_preset=\u00bbdefault\u00bb global_colors_info=\u00bb{}\u00bb][et_pb_column type=\u00bb4_4&#8243; _builder_version=\u00bb4.20.0&#8243; _module_preset=\u00bbdefault\u00bb global_colors_info=\u00bb{}\u00bb][et_pb_text _builder_version=\u00bb4.20.1&#8243; _module_preset=\u00bbdefault\u00bb text_font=\u00bbMontserrat|600|||||||\u00bb text_text_color=\u00bb#000000&#8243; text_font_size=\u00bb15px\u00bb text_line_height=\u00bb1em\u00bb global_colors_info=\u00bb{}\u00bb]<\/p>\n<p style=\"text-align: justify;\">El Hospital Psiqui\u00e1trico de Campeche no genera esta informaci\u00f3n por no estar especificado en sus facultades, competencias y funciones otorgadas por los ordenamientos jur\u00eddicos aplicables. Le corresponde a la Secretar\u00eda de Salud, misma que podr\u00e1 consultar a trav\u00e9s del siguiente link:<\/p>\n<p>[\/et_pb_text][\/et_pb_column][\/et_pb_row][et_pb_row _builder_version=\u00bb4.20.1&#8243; _module_preset=\u00bbdefault\u00bb global_colors_info=\u00bb{}\u00bb][et_pb_column type=\u00bb4_4&#8243; _builder_version=\u00bb4.20.1&#8243; _module_preset=\u00bbdefault\u00bb global_colors_info=\u00bb{}\u00bb][et_pb_text _builder_version=\u00bb4.20.1&#8243; _module_preset=\u00bbdefault\u00bb global_colors_info=\u00bb{}\u00bb]<\/p>\n<table>\n<tbody>\n<tr>\n<td class=\"selected\" colspan=\"1\" style=\"display: table-cell; font-weight: bold; text-align: center; vertical-align: top; background-color: #9e2140; color: #ffffff;\" rowspan=\"1\">\n<div class=\"wrap\">\n<div style=\"margin: 10px 5px;\">\n<p><span style=\"color: #ffffff; font-weight: bold;\">Informaci\u00f3n de programas de subsidios, est\u00edmulos y apoyos<\/span><\/p>\n<\/div>\n<\/div>\n<\/td>\n<td style=\"background-color: #9e2140; text-align: left; color: #333333; vertical-align: top; font-size: 20px;\" class=\"selected\">\n<div class=\"wrap\">\n<div style=\"margin: 10px 5px;\">\n<p><span style=\"font-weight: normal;\">\ud83d\udd17<\/span><\/p>\n<\/div>\n<\/div>\n<\/td>\n<\/tr>\n<tr>\n<td style=\"font-weight: bold; background-color: #ffffff; text-align: center; color: #000000; vertical-align: top;\" class=\"selected\">\n<div class=\"wrap\">\n<div style=\"margin: 10px 5px;\">\n<p><span style=\"font-weight: bold;\">Secretar\u00eda de Salud<\/span><\/p>\n<\/div>\n<\/div>\n<\/td>\n<td style=\"background-color: #ffffff; text-align: left; color: #000000; vertical-align: top; font-size: 20px;\" class=\"selected\">\n<div class=\"wrap\">\n<div style=\"margin: 10px 5px;\">\n<p><a href=\"http:\/\/www.campeche.salud.gob.mx\/\" data-enable-open-in-new-tab=\"true\"><span style=\"text-decoration: none;\">\ud83c\udf10<\/span><\/a><\/p>\n<\/div>\n<\/div>\n<\/td>\n<\/tr>\n<\/tbody>\n<\/table>\n<p>[\/et_pb_text][et_pb_text _builder_version=\u00bb4.21.0&#8243; _module_preset=\u00bbdefault\u00bb hover_enabled=\u00bb0&#8243; sticky_enabled=\u00bb0&#8243;]<\/p>\n<p>Para consultar la informaci\u00f3n de clic sobre el icono de internet.<\/p>\n<p>[\/et_pb_text][\/et_pb_column][\/et_pb_row][\/et_pb_section]<\/p>\n","protected":false},"excerpt":{"rendered":"<p>XV. LA INFORMACI\u00d3N DE LOS PROGRAMAS DE SUBSIDIOS, EST\u00cdMULOS Y APOYOS, EN EL QUE SE DEBER\u00c1 INFORMAR RESPECTO DE LOS PROGRAMAS DE TRANSFERENCIA, DE SERVICIOS, DE INFRAESTRUCTURA SOCIAL Y DE SUBSIDIOPara dar cumplimiento a esta fracci\u00f3n, el sujeto obligado deber\u00e1 organizar y publicar la informaci\u00f3n relativa a todos los programas que desarrolla o regula y [&hellip;]<\/p>\n","protected":false},"author":1,"featured_media":0,"parent":0,"menu_order":0,"comment_status":"closed","ping_status":"closed","template":"","meta":{"_et_pb_use_builder":"on","_et_pb_old_content":"","_et_gb_content_width":"","footnotes":""},"class_list":["post-321","page","type-page","status-publish","hentry"],"_links":{"self":[{"href":"https:\/\/transparencia.psiquiatricodecampeche.com\/index.php\/wp-json\/wp\/v2\/pages\/321","targetHints":{"allow":["GET"]}}],"collection":[{"href":"https:\/\/transparencia.psiquiatricodecampeche.com\/index.php\/wp-json\/wp\/v2\/pages"}],"about":[{"href":"https:\/\/transparencia.psiquiatricodecampeche.com\/index.php\/wp-json\/wp\/v2\/types\/page"}],"author":[{"embeddable":true,"href":"https:\/\/transparencia.psiquiatricodecampeche.com\/index.php\/wp-json\/wp\/v2\/users\/1"}],"replies":[{"embeddable":true,"href":"https:\/\/transparencia.psiquiatricodecampeche.com\/index.php\/wp-json\/wp\/v2\/comments?post=321"}],"version-history":[{"count":4,"href":"https:\/\/transparencia.psiquiatricodecampeche.com\/index.php\/wp-json\/wp\/v2\/pages\/321\/revisions"}],"predecessor-version":[{"id":739,"href":"https:\/\/transparencia.psiquiatricodecampeche.com\/index.php\/wp-json\/wp\/v2\/pages\/321\/revisions\/739"}],"wp:attachment":[{"href":"https:\/\/transparencia.psiquiatricodecampeche.com\/index.php\/wp-json\/wp\/v2\/media?parent=321"}],"curies":[{"name":"wp","href":"https:\/\/api.w.org\/{rel}","templated":true}]}}