{"id":344,"date":"2023-03-16T14:53:35","date_gmt":"2023-03-16T14:53:35","guid":{"rendered":"https:\/\/transparencia.psiquiatricodecampeche.com\/?page_id=344"},"modified":"2024-03-12T11:33:03","modified_gmt":"2024-03-12T17:33:03","slug":"xx-los-tramites-que-ofrece","status":"publish","type":"page","link":"https:\/\/transparencia.psiquiatricodecampeche.com\/index.php\/xx-los-tramites-que-ofrece\/","title":{"rendered":"XX. LOS TRAMITES QUE OFRECE"},"content":{"rendered":"<p>[et_pb_section fb_built=\u00bb1&#8243; _builder_version=\u00bb4.20.0&#8243; _module_preset=\u00bbdefault\u00bb da_disable_devices=\u00bboff|off|off\u00bb global_colors_info=\u00bb{}\u00bb da_is_popup=\u00bboff\u00bb da_exit_intent=\u00bboff\u00bb da_has_close=\u00bbon\u00bb da_alt_close=\u00bboff\u00bb da_dark_close=\u00bboff\u00bb da_not_modal=\u00bbon\u00bb da_is_singular=\u00bboff\u00bb da_with_loader=\u00bboff\u00bb da_has_shadow=\u00bbon\u00bb][et_pb_row _builder_version=\u00bb4.20.0&#8243; _module_preset=\u00bbdefault\u00bb global_colors_info=\u00bb{}\u00bb][et_pb_column type=\u00bb4_4&#8243; _builder_version=\u00bb4.20.0&#8243; _module_preset=\u00bbdefault\u00bb global_colors_info=\u00bb{}\u00bb][et_pb_text _builder_version=\u00bb4.20.2&#8243; _module_preset=\u00bbdefault\u00bb text_font=\u00bbMontserrat|600|||||||\u00bb text_text_color=\u00bb#9F2241&#8243; text_font_size=\u00bb30px\u00bb global_colors_info=\u00bb{}\u00bb]<\/p>\n<p style=\"text-align: center;\">XX. LOS TRAMITES QUE OFRECE<\/p>\n<p>[\/et_pb_text][\/et_pb_column][\/et_pb_row][et_pb_row _builder_version=\u00bb4.20.0&#8243; _module_preset=\u00bbdefault\u00bb global_colors_info=\u00bb{}\u00bb][et_pb_column type=\u00bb4_4&#8243; _builder_version=\u00bb4.20.0&#8243; _module_preset=\u00bbdefault\u00bb global_colors_info=\u00bb{}\u00bb][et_pb_text _builder_version=\u00bb4.20.2&#8243; _module_preset=\u00bbdefault\u00bb text_font=\u00bbMontserrat|600|||||||\u00bb text_text_color=\u00bb#000000&#8243; text_font_size=\u00bb15px\u00bb text_line_height=\u00bb1em\u00bb global_colors_info=\u00bb{}\u00bb]<\/p>\n<p style=\"text-align: justify;\">Los Sujetos Obligados publicar\u00e1n la informaci\u00f3n relacionada con las tareas administrativas que realizan en sus diferentes \u00e1mbitos con el objeto de cumplir una obligaci\u00f3n o, en general, a fin de que se emita una resoluci\u00f3n. Deber\u00e1 incluir informaci\u00f3n relativa a los tr\u00e1mites en materia de acceso a la informaci\u00f3n y protecci\u00f3n de datos personales, tales como solicitudes de acceso a informaci\u00f3n p\u00fablica, recursos de revisi\u00f3n y las solicitudes de acceso, rectificaci\u00f3n, cancelaci\u00f3n y oposici\u00f3n de datos personales que todo sujeto obligado debe proporcionar.<\/p>\n<p style=\"text-align: justify;\">\u00a0Periodo de actualizaci\u00f3n: Trimestral<\/p>\n<p style=\"text-align: justify;\">Unidad(es) Administrativa(s) que genera(n) o posee(n) la informaci\u00f3n: Transparencia<\/p>\n<p>[\/et_pb_text][\/et_pb_column][\/et_pb_row][et_pb_row _builder_version=\u00bb4.20.0&#8243; _module_preset=\u00bbdefault\u00bb global_colors_info=\u00bb{}\u00bb][et_pb_column type=\u00bb4_4&#8243; _builder_version=\u00bb4.20.0&#8243; _module_preset=\u00bbdefault\u00bb global_colors_info=\u00bb{}\u00bb][et_pb_text _builder_version=\u00bb4.24.2&#8243; _module_preset=\u00bbdefault\u00bb hover_enabled=\u00bb0&#8243; global_colors_info=\u00bb{}\u00bb sticky_enabled=\u00bb0&#8243;]<\/p>\n<table>\n<tbody>\n<tr>\n<td class=\"selected\" colspan=\"4\" style=\"display: table-cell; font-weight: bold; text-align: center; vertical-align: middle; background-color: #9f2241; color: #ffffff;\" rowspan=\"1\">\n<div class=\"wrap\" style=\"justify-content: center;\">\n<div style=\"margin: 10px 5px;\" class=\"\" contenteditable=\"false\">\n<p><span style=\"color: #ffffff; font-weight: bold;\">FRACCI\u00d3N XX<\/span><\/p>\n<\/div>\n<\/div>\n<\/td>\n<td style=\"font-weight: bold; background-color: #c52393; text-align: center; color: #ffffff; vertical-align: middle; display: none;\" rowspan=\"1\" class=\"selected\">\n<div class=\"wrap\" style=\"justify-content: center;\">\n<div style=\"margin: 10px 5px;\"><\/div>\n<\/div>\n<\/td>\n<td style=\"font-weight: bold; background-color: #c52393; text-align: center; color: #ffffff; vertical-align: middle; display: none;\" rowspan=\"1\" class=\"selected\">\n<div class=\"wrap\" style=\"justify-content: center;\">\n<div style=\"margin: 10px 5px;\"><\/div>\n<\/div>\n<\/td>\n<td style=\"font-weight: bold; background-color: #c52393; text-align: center; color: #ffffff; vertical-align: middle; display: none;\" rowspan=\"1\" class=\"selected\">\n<div class=\"wrap\" style=\"justify-content: center;\">\n<div style=\"margin: 10px 5px;\"><\/div>\n<\/div>\n<\/td>\n<\/tr>\n<tr>\n<td style=\"font-weight: normal; background-color: #ffffff; text-align: center; vertical-align: middle; color: #000000;\" class=\"selected\">\n<div class=\"wrap\" style=\"justify-content: center;\">\n<div style=\"margin: 10px 5px;\">\n<p><span>Los Tramites que ofrece<\/span><\/p>\n<\/div>\n<\/div>\n<\/td>\n<td style=\"font-weight: bold; background-color: #ffffff; text-align: center; vertical-align: middle; color: #000000;\" class=\"selected\">\n<div class=\"wrap\" style=\"justify-content: center;\">\n<div style=\"margin: 10px 5px;\">\n<p><span style=\"font-weight: bold;\">TRIMESTRAL<\/span><\/p>\n<p>&nbsp;<\/p>\n<p><span style=\"font-weight: bold;\">Informaci\u00f3n Vigente<\/span><\/p>\n<\/div>\n<\/div>\n<\/td>\n<td style=\"background-color: #ffffff; text-align: center; color: #000000; vertical-align: middle;\" class=\"selected\">\n<div class=\"wrap\" style=\"justify-content: center;\">\n<div style=\"margin: 10px 5px;\">\n<p><a href=\"https:\/\/psiquiatricodecampeche.com\/DOCUMN\/XX\/2023\/Fraccion_XX_4TRIMESTRE2023.xls\" data-enable-open-in-new-tab=\"true\"><span style=\"text-decoration: none;\">4\u00b0 TRIMESTRE 2023<\/span><\/a><\/p>\n<\/div>\n<\/div>\n<\/td>\n<td style=\"background-color: #ffffff; text-align: center; vertical-align: middle; color: #000000;\" class=\"selected\">\n<div class=\"wrap\" style=\"justify-content: center;\">\n<div style=\"margin: 10px 5px;\">\n<p><img loading=\"lazy\" decoding=\"async\" src=\"https:\/\/psiquiatricodecampeche.com\/DOCUMN\/img22\/excel%20logo.png\" alt=\"EXCELICON\" style=\"width: 30px; max-width: 30px; height: 29px; max-height: 29px;\" width=\"30\" height=\"29\" \/><\/p>\n<\/div>\n<\/div>\n<\/td>\n<\/tr>\n<\/tbody>\n<\/table>\n<p>[\/et_pb_text][et_pb_text _builder_version=\u00bb4.21.0&#8243; _module_preset=\u00bbdefault\u00bb global_colors_info=\u00bb{}\u00bb]<\/p>\n<p>Para realizar la descarga de clic sobre el periodo correspondiente.<\/p>\n<p>[\/et_pb_text][\/et_pb_column][\/et_pb_row][\/et_pb_section]<\/p>\n","protected":false},"excerpt":{"rendered":"<p>XX. LOS TRAMITES QUE OFRECELos Sujetos Obligados publicar\u00e1n la informaci\u00f3n relacionada con las tareas administrativas que realizan en sus diferentes \u00e1mbitos con el objeto de cumplir una obligaci\u00f3n o, en general, a fin de que se emita una resoluci\u00f3n. Deber\u00e1 incluir informaci\u00f3n relativa a los tr\u00e1mites en materia de acceso a la informaci\u00f3n y protecci\u00f3n [&hellip;]<\/p>\n","protected":false},"author":1,"featured_media":0,"parent":0,"menu_order":0,"comment_status":"closed","ping_status":"closed","template":"","meta":{"_et_pb_use_builder":"on","_et_pb_old_content":"","_et_gb_content_width":"","footnotes":""},"class_list":["post-344","page","type-page","status-publish","hentry"],"_links":{"self":[{"href":"https:\/\/transparencia.psiquiatricodecampeche.com\/index.php\/wp-json\/wp\/v2\/pages\/344","targetHints":{"allow":["GET"]}}],"collection":[{"href":"https:\/\/transparencia.psiquiatricodecampeche.com\/index.php\/wp-json\/wp\/v2\/pages"}],"about":[{"href":"https:\/\/transparencia.psiquiatricodecampeche.com\/index.php\/wp-json\/wp\/v2\/types\/page"}],"author":[{"embeddable":true,"href":"https:\/\/transparencia.psiquiatricodecampeche.com\/index.php\/wp-json\/wp\/v2\/users\/1"}],"replies":[{"embeddable":true,"href":"https:\/\/transparencia.psiquiatricodecampeche.com\/index.php\/wp-json\/wp\/v2\/comments?post=344"}],"version-history":[{"count":9,"href":"https:\/\/transparencia.psiquiatricodecampeche.com\/index.php\/wp-json\/wp\/v2\/pages\/344\/revisions"}],"predecessor-version":[{"id":1018,"href":"https:\/\/transparencia.psiquiatricodecampeche.com\/index.php\/wp-json\/wp\/v2\/pages\/344\/revisions\/1018"}],"wp:attachment":[{"href":"https:\/\/transparencia.psiquiatricodecampeche.com\/index.php\/wp-json\/wp\/v2\/media?parent=344"}],"curies":[{"name":"wp","href":"https:\/\/api.w.org\/{rel}","templated":true}]}}