{"id":352,"date":"2023-03-16T15:41:13","date_gmt":"2023-03-16T15:41:13","guid":{"rendered":"https:\/\/transparencia.psiquiatricodecampeche.com\/?page_id=352"},"modified":"2025-10-15T15:23:10","modified_gmt":"2025-10-15T21:23:10","slug":"xxi-la-informacion-financiera-sobre-el-presupuesto-asignado","status":"publish","type":"page","link":"https:\/\/transparencia.psiquiatricodecampeche.com\/index.php\/xxi-la-informacion-financiera-sobre-el-presupuesto-asignado\/","title":{"rendered":"XXI. LA INFORMACI\u00d3N FINANCIERA SOBRE EL PRESUPUESTO ASIGNADO"},"content":{"rendered":"<p>[et_pb_section fb_built=\u00bb1&#8243; _builder_version=\u00bb4.20.0&#8243; _module_preset=\u00bbdefault\u00bb custom_padding=\u00bb||0px|||\u00bb da_disable_devices=\u00bboff|off|off\u00bb global_colors_info=\u00bb{}\u00bb da_is_popup=\u00bboff\u00bb da_exit_intent=\u00bboff\u00bb da_has_close=\u00bbon\u00bb da_alt_close=\u00bboff\u00bb da_dark_close=\u00bboff\u00bb da_not_modal=\u00bbon\u00bb da_is_singular=\u00bboff\u00bb da_with_loader=\u00bboff\u00bb da_has_shadow=\u00bbon\u00bb][et_pb_row _builder_version=\u00bb4.20.0&#8243; _module_preset=\u00bbdefault\u00bb global_colors_info=\u00bb{}\u00bb][et_pb_column type=\u00bb4_4&#8243; _builder_version=\u00bb4.20.0&#8243; _module_preset=\u00bbdefault\u00bb global_colors_info=\u00bb{}\u00bb][et_pb_text _builder_version=\u00bb4.20.2&#8243; _module_preset=\u00bbdefault\u00bb text_font=\u00bbMontserrat|600|||||||\u00bb text_text_color=\u00bb#9F2241&#8243; text_font_size=\u00bb30px\u00bb global_colors_info=\u00bb{}\u00bb]<\/p>\n<p style=\"text-align: center;\">XXI. LA INFORMACI\u00d3N FINANCIERA SOBRE EL PRESUPUESTO ASIGNADO, AS\u00cd COMO LOS INFORMES DEL EJERCICIO TRIMESTRAL DEL GASTO, EN T\u00c9RMINOS DE LA LGCG<\/p>\n<p>[\/et_pb_text][\/et_pb_column][\/et_pb_row][et_pb_row _builder_version=\u00bb4.20.0&#8243; _module_preset=\u00bbdefault\u00bb global_colors_info=\u00bb{}\u00bb][et_pb_column type=\u00bb4_4&#8243; _builder_version=\u00bb4.20.0&#8243; _module_preset=\u00bbdefault\u00bb global_colors_info=\u00bb{}\u00bb][et_pb_text _builder_version=\u00bb4.20.2&#8243; _module_preset=\u00bbdefault\u00bb text_font=\u00bbMontserrat|600|||||||\u00bb text_text_color=\u00bb#000000&#8243; text_font_size=\u00bb15px\u00bb text_line_height=\u00bb1em\u00bb global_colors_info=\u00bb{}\u00bb]<\/p>\n<p style=\"text-align: justify;\">La informaci\u00f3n que publicar\u00e1n los sujetos obligados en cumplimiento de esta fracci\u00f3n se organizar\u00e1 de conformidad con los siguientes rubros: Presupuesto asignado anual, Ejercicio de los egresos presupuestarios y Cuenta P\u00fablica.<\/p>\n<p style=\"text-align: justify;\">\u00a0Periodo de actualizaci\u00f3n: ANUAL \/ TRIMESTRAL \/ ANUAL<\/p>\n<p style=\"text-align: justify;\">Unidad(es) Administrativa(s) que genera(n) o posee(n) la informaci\u00f3n: Contabilidad<\/p>\n<p>[\/et_pb_text][\/et_pb_column][\/et_pb_row][et_pb_row _builder_version=\u00bb4.20.0&#8243; _module_preset=\u00bbdefault\u00bb global_colors_info=\u00bb{}\u00bb][et_pb_column type=\u00bb4_4&#8243; _builder_version=\u00bb4.20.0&#8243; _module_preset=\u00bbdefault\u00bb global_colors_info=\u00bb{}\u00bb][et_pb_text _builder_version=\u00bb4.27.4&#8243; _module_preset=\u00bbdefault\u00bb hover_enabled=\u00bb0&#8243; global_colors_info=\u00bb{}\u00bb sticky_enabled=\u00bb0&#8243;]<\/p>\n<style type=\"text\/css\">\n.tg  {border-collapse:collapse;border-spacing:0;margin:0px auto;}\n.tg td{border-color:black;border-style:solid;border-width:1px;font-family:Arial, sans-serif;font-size:14px;\n  overflow:hidden;padding:10px 5px;word-break:normal;}\n.tg th{border-color:black;border-style:solid;border-width:1px;font-family:Arial, sans-serif;font-size:14px;\n  font-weight:normal;overflow:hidden;padding:10px 5px;word-break:normal;}\n.tg .tg-rw9j{background-color:#FFF;color:#666;font-weight:bold;text-align:center;vertical-align:middle}\n.tg .tg-sn7r{background-color:#9F2241;color:#FFF;font-weight:bold;text-align:center;vertical-align:middle}\n.tg .tg-0djp{background-color:#FFF;color:#000000;font-weight:bold;text-align:center;vertical-align:middle}\n@media screen and (max-width: 767px) {.tg {width: auto !important;}.tg col {width: auto !important;}.tg-wrap {overflow-x: auto;-webkit-overflow-scrolling: touch;margin: auto 0px;}}<\/style>\n<div class=\"tg-wrap\">\n<table class=\"tg\">\n<thead>\n<tr>\n<th class=\"tg-sn7r\" colspan=\"5\"><span style=\"color:white;background-color:transparent\">FRACCI\u00d3N XXI<\/span><\/th>\n<\/tr>\n<\/thead>\n<tbody>\n<tr>\n<td class=\"tg-0djp\"><span style=\"font-weight:bold;background-color:transparent\">A<\/span><br \/><span style=\"background-color:transparent\">Presupuesto Anual Asignado<\/span><\/td>\n<td class=\"tg-0djp\"><span style=\"font-weight:bold;background-color:transparent\">ANUAL<\/span><br \/><span style=\"background-color:transparent\">A\u00f1o en curso y seis anteriores<\/span><\/td>\n<td class=\"tg-0djp\"><a href=\"https:\/\/psiquiatricodecampeche.com\/DOCUMN\/XXI\/PNT\/2025\/A\/N_F21a_LTAIPEC_Art74FrXXI-2025.xlsx\" target=\"_blank\" rel=\"noopener noreferrer\">2025<\/a><\/td>\n<td class=\"tg-0djp\"><a href=\"https:\/\/psiquiatricodecampeche.com\/DOCUMN\/XXI\/PNT\/2025\/A\/N_F21a_LTAIPEC_Art74FrXXI_2019-2024.zip\" target=\"_blank\" rel=\"noopener noreferrer\">2019-2024<\/a><\/td>\n<td class=\"tg-rw9j\" rowspan=\"3\"><img loading=\"lazy\" decoding=\"async\" src=\"https:\/\/psiquiatricodecampeche.com\/DOCUMN\/img22\/excel%20logo.png\" alt=\"EXCEL\" width=\"30\" height=\"29\"><\/td>\n<\/tr>\n<tr>\n<td class=\"tg-0djp\"><span style=\"font-weight:bold;background-color:transparent\">B<\/span><br \/><span style=\"background-color:transparent\">Informes trimestrales del gasto<\/span><\/td>\n<td class=\"tg-0djp\"><span style=\"font-weight:bold;background-color:transparent\">TRIMESTRAL<\/span><br \/><span style=\"background-color:transparent\">A\u00f1o en curso y seis anteriores<\/span><\/td>\n<td class=\"tg-0djp\"><a href=\"https:\/\/psiquiatricodecampeche.com\/DOCUMN\/XXI\/PNT\/2025\/B\/N_F21b_LTAIPEC_Art74FrXXI-2025.zip\" target=\"_blank\" rel=\"noopener noreferrer\">2025<\/a><\/td>\n<td class=\"tg-0djp\"><a href=\"https:\/\/psiquiatricodecampeche.com\/DOCUMN\/XXI\/PNT\/2025\/B\/N_F21b_LTAIPEC_Art74FrXXI-2019-2024.zip\" target=\"_blank\" rel=\"noopener noreferrer\">2019-2024<\/a><\/td>\n<\/tr>\n<tr>\n<td class=\"tg-0djp\"><span style=\"font-weight:bold;background-color:transparent\">C<\/span><br \/><span style=\"background-color:transparent\">Informaci\u00f3n Financiera de Cuenta P\u00fablica<\/span><\/td>\n<td class=\"tg-0djp\"><span style=\"font-weight:bold;background-color:transparent\">ANUAL<\/span><br \/><span style=\"background-color:transparent\">A\u00f1o en curso y seis anteriores<\/span><\/td>\n<td class=\"tg-0djp\"><a href=\"https:\/\/psiquiatricodecampeche.com\/DOCUMN\/XXI\/PNT\/2025\/C\/N_F21c_LTAIPEC_Art74FrXXI-2025.xlsx\" target=\"_blank\" rel=\"noopener noreferrer\">2025<\/a><\/td>\n<td class=\"tg-0djp\"><a href=\"https:\/\/psiquiatricodecampeche.com\/DOCUMN\/XXI\/PNT\/2025\/C\/N_F21c_LTAIPEC_Art74FrXXI-2019-2024.zip\" target=\"_blank\" rel=\"noopener noreferrer\">2019-2024<\/a><\/td>\n<\/tr>\n<\/tbody>\n<\/table>\n<\/div>\n<p>[\/et_pb_text][et_pb_text _builder_version=\u00bb4.21.0&#8243; _module_preset=\u00bbdefault\u00bb global_colors_info=\u00bb{}\u00bb]<\/p>\n<p>Para realizar la descarga de clic sobre el periodo correspondiente.<\/p>\n<p>[\/et_pb_text][\/et_pb_column][\/et_pb_row][\/et_pb_section][et_pb_section fb_built=\u00bb1&#8243; _builder_version=\u00bb4.20.2&#8243; _module_preset=\u00bbdefault\u00bb da_disable_devices=\u00bboff|off|off\u00bb global_colors_info=\u00bb{}\u00bb da_is_popup=\u00bboff\u00bb da_exit_intent=\u00bboff\u00bb da_has_close=\u00bbon\u00bb da_alt_close=\u00bboff\u00bb da_dark_close=\u00bboff\u00bb da_not_modal=\u00bbon\u00bb da_is_singular=\u00bboff\u00bb da_with_loader=\u00bboff\u00bb da_has_shadow=\u00bbon\u00bb][et_pb_row _builder_version=\u00bb4.20.2&#8243; _module_preset=\u00bbdefault\u00bb custom_margin=\u00bb-71px|auto||auto||\u00bb global_colors_info=\u00bb{}\u00bb][et_pb_column type=\u00bb4_4&#8243; _builder_version=\u00bb4.20.2&#8243; _module_preset=\u00bbdefault\u00bb global_colors_info=\u00bb{}\u00bb][et_pb_button button_url=\u00bbhttps:\/\/transparencia.psiquiatricodecampeche.com\/index.php\/dictamen\/\u00bb url_new_window=\u00bbon\u00bb button_text=\u00bbDICTAMEN\u00bb button_alignment=\u00bbcenter\u00bb _builder_version=\u00bb4.22.0&#8243; _module_preset=\u00bbdefault\u00bb custom_button=\u00bbon\u00bb button_text_size=\u00bb30px\u00bb button_text_color=\u00bb#9F2241&#8243; button_border_width=\u00bb4px\u00bb button_font=\u00bbMontserrat|800|||||||\u00bb custom_css_main_element=\u00bbmin-width: 100%;||text-align:center;\u00bb global_colors_info=\u00bb{}\u00bb][\/et_pb_button][et_pb_button button_url=\u00bb@ET-DC@eyJkeW5hbWljIjp0cnVlLCJjb250ZW50IjoicG9zdF9saW5rX3VybF9wYWdlIiwic2V0dGluZ3MiOnsicG9zdF9pZCI6IjM3MyJ9fQ==@\u00bb url_new_window=\u00bbon\u00bb button_text=\u00bbAYUDAS Y SUBSIDIOS\u00bb button_alignment=\u00bbcenter\u00bb _builder_version=\u00bb4.22.0&#8243; _dynamic_attributes=\u00bbbutton_url\u00bb _module_preset=\u00bbdefault\u00bb custom_button=\u00bbon\u00bb button_text_size=\u00bb30px\u00bb button_text_color=\u00bb#9F2241&#8243; button_border_width=\u00bb4px\u00bb button_font=\u00bbMontserrat|800|||||||\u00bb custom_css_main_element=\u00bbmin-width: 100%;||text-align:center;\u00bb global_colors_info=\u00bb{}\u00bb][\/et_pb_button][et_pb_button button_url=\u00bb@ET-DC@eyJkeW5hbWljIjp0cnVlLCJjb250ZW50IjoicG9zdF9saW5rX3VybF9wYWdlIiwic2V0dGluZ3MiOnsicG9zdF9pZCI6IjM2OCJ9fQ==@\u00bb url_new_window=\u00bbon\u00bb button_text=\u00bbDISCIPLINA FINANCIERA\u00bb button_alignment=\u00bbcenter\u00bb _builder_version=\u00bb4.22.0&#8243; _dynamic_attributes=\u00bbbutton_url\u00bb _module_preset=\u00bbdefault\u00bb custom_button=\u00bbon\u00bb button_text_size=\u00bb30px\u00bb button_text_color=\u00bb#9F2241&#8243; button_border_width=\u00bb4px\u00bb button_font=\u00bbMontserrat|800|||||||\u00bb custom_css_main_element=\u00bbmin-width: 100%;||text-align:center;\u00bb global_colors_info=\u00bb{}\u00bb][\/et_pb_button][et_pb_button button_url=\u00bb@ET-DC@eyJkeW5hbWljIjp0cnVlLCJjb250ZW50IjoicG9zdF9saW5rX3VybF9wYWdlIiwic2V0dGluZ3MiOnsicG9zdF9pZCI6IjM2MiJ9fQ==@\u00bb url_new_window=\u00bbon\u00bb button_text=\u00bbINFORME TRIMESTRAL DEL GASTO\u00bb button_alignment=\u00bbcenter\u00bb _builder_version=\u00bb4.22.0&#8243; _dynamic_attributes=\u00bbbutton_url\u00bb _module_preset=\u00bbdefault\u00bb custom_button=\u00bbon\u00bb button_text_size=\u00bb30px\u00bb button_text_color=\u00bb#9F2241&#8243; button_border_width=\u00bb4px\u00bb button_font=\u00bbMontserrat|800|||||||\u00bb custom_css_main_element=\u00bbmin-width: 100%;||text-align:center;\u00bb global_colors_info=\u00bb{}\u00bb][\/et_pb_button][\/et_pb_column][\/et_pb_row][\/et_pb_section]<\/p>\n","protected":false},"excerpt":{"rendered":"<p>XXI. LA INFORMACI\u00d3N FINANCIERA SOBRE EL PRESUPUESTO ASIGNADO, AS\u00cd COMO LOS INFORMES DEL EJERCICIO TRIMESTRAL DEL GASTO, EN T\u00c9RMINOS DE LA LGCGLa informaci\u00f3n que publicar\u00e1n los sujetos obligados en cumplimiento de esta fracci\u00f3n se organizar\u00e1 de conformidad con los siguientes rubros: Presupuesto asignado anual, Ejercicio de los egresos presupuestarios y Cuenta P\u00fablica. \u00a0Periodo de actualizaci\u00f3n: [&hellip;]<\/p>\n","protected":false},"author":1,"featured_media":0,"parent":0,"menu_order":0,"comment_status":"closed","ping_status":"closed","template":"","meta":{"_et_pb_use_builder":"on","_et_pb_old_content":"","_et_gb_content_width":"","footnotes":""},"class_list":["post-352","page","type-page","status-publish","hentry"],"_links":{"self":[{"href":"https:\/\/transparencia.psiquiatricodecampeche.com\/index.php\/wp-json\/wp\/v2\/pages\/352","targetHints":{"allow":["GET"]}}],"collection":[{"href":"https:\/\/transparencia.psiquiatricodecampeche.com\/index.php\/wp-json\/wp\/v2\/pages"}],"about":[{"href":"https:\/\/transparencia.psiquiatricodecampeche.com\/index.php\/wp-json\/wp\/v2\/types\/page"}],"author":[{"embeddable":true,"href":"https:\/\/transparencia.psiquiatricodecampeche.com\/index.php\/wp-json\/wp\/v2\/users\/1"}],"replies":[{"embeddable":true,"href":"https:\/\/transparencia.psiquiatricodecampeche.com\/index.php\/wp-json\/wp\/v2\/comments?post=352"}],"version-history":[{"count":13,"href":"https:\/\/transparencia.psiquiatricodecampeche.com\/index.php\/wp-json\/wp\/v2\/pages\/352\/revisions"}],"predecessor-version":[{"id":1222,"href":"https:\/\/transparencia.psiquiatricodecampeche.com\/index.php\/wp-json\/wp\/v2\/pages\/352\/revisions\/1222"}],"wp:attachment":[{"href":"https:\/\/transparencia.psiquiatricodecampeche.com\/index.php\/wp-json\/wp\/v2\/media?parent=352"}],"curies":[{"name":"wp","href":"https:\/\/api.w.org\/{rel}","templated":true}]}}