{"id":400,"date":"2023-03-17T14:42:16","date_gmt":"2023-03-17T14:42:16","guid":{"rendered":"https:\/\/transparencia.psiquiatricodecampeche.com\/?page_id=400"},"modified":"2023-03-28T14:45:29","modified_gmt":"2023-03-28T20:45:29","slug":"dictamen","status":"publish","type":"page","link":"https:\/\/transparencia.psiquiatricodecampeche.com\/index.php\/dictamen\/","title":{"rendered":"DICTAMEN"},"content":{"rendered":"<p>[et_pb_section fb_built=\u00bb1&#8243; _builder_version=\u00bb4.20.0&#8243; _module_preset=\u00bbdefault\u00bb da_disable_devices=\u00bboff|off|off\u00bb global_colors_info=\u00bb{}\u00bb da_is_popup=\u00bboff\u00bb da_exit_intent=\u00bboff\u00bb da_has_close=\u00bbon\u00bb da_alt_close=\u00bboff\u00bb da_dark_close=\u00bboff\u00bb da_not_modal=\u00bbon\u00bb da_is_singular=\u00bboff\u00bb da_with_loader=\u00bboff\u00bb da_has_shadow=\u00bbon\u00bb][et_pb_row _builder_version=\u00bb4.20.0&#8243; _module_preset=\u00bbdefault\u00bb global_colors_info=\u00bb{}\u00bb][et_pb_column type=\u00bb4_4&#8243; _builder_version=\u00bb4.20.0&#8243; _module_preset=\u00bbdefault\u00bb global_colors_info=\u00bb{}\u00bb][et_pb_text _builder_version=\u00bb4.20.2&#8243; _module_preset=\u00bbdefault\u00bb text_font=\u00bbMontserrat|800|||||||\u00bb text_text_color=\u00bb#9F2241&#8243; text_font_size=\u00bb35px\u00bb global_colors_info=\u00bb{}\u00bb]<\/p>\n<p style=\"text-align: center;\">DICTAMEN<\/p>\n<p>[\/et_pb_text][\/et_pb_column][\/et_pb_row][et_pb_row _builder_version=\u00bb4.20.2&#8243; _module_preset=\u00bbdefault\u00bb global_colors_info=\u00bb{}\u00bb][et_pb_column type=\u00bb4_4&#8243; _builder_version=\u00bb4.20.2&#8243; _module_preset=\u00bbdefault\u00bb global_colors_info=\u00bb{}\u00bb][et_pb_text _builder_version=\u00bb4.20.2&#8243; _module_preset=\u00bbdefault\u00bb text_font=\u00bbMontserrat|600|||||||\u00bb text_text_color=\u00bb#000000&#8243; text_font_size=\u00bb18px\u00bb global_colors_info=\u00bb{}\u00bb]<\/p>\n<p style=\"text-align: justify;\">Resultados de los dict\u00e1menes realizados a sus estados financieros por las empresas auditoras contratadas para tal fin. La dictaminaci\u00f3n de los estados financieros deber\u00e1 realizarla un contador p\u00fablico registrado en t\u00e9rminos de las disposiciones que establezcan el C\u00f3digo Fiscal de la Federaci\u00f3n y los c\u00f3digos u ordenamientos fiscales de las Entidades Federativas.<\/p>\n<p>[\/et_pb_text][\/et_pb_column][\/et_pb_row][et_pb_row column_structure=\u00bb1_4,1_4,1_4,1_4&#8243; _builder_version=\u00bb4.20.2&#8243; _module_preset=\u00bbdefault\u00bb global_colors_info=\u00bb{}\u00bb][et_pb_column type=\u00bb1_4&#8243; _builder_version=\u00bb4.20.2&#8243; _module_preset=\u00bbdefault\u00bb global_colors_info=\u00bb{}\u00bb][et_pb_button button_url=\u00bbhttps:\/\/psiquiatricodecampeche.com\/DOCUMN\/XXI\/DICTAMEN2015\/DICTAMENHPC2015.pdf\u00bb url_new_window=\u00bbon\u00bb button_text=\u00bbDICTAMEN 2015&#8243; button_alignment=\u00bbcenter\u00bb _builder_version=\u00bb4.20.2&#8243; _module_preset=\u00bbdefault\u00bb custom_button=\u00bbon\u00bb button_text_size=\u00bb25px\u00bb button_text_color=\u00bb#9F2241&#8243; button_font=\u00bbMontserrat|800|||||||\u00bb button_icon=\u00bb&#xf571;||fa||900&#8243; button_icon_color=\u00bb#9F2241&#8243; hover_enabled=\u00bb0&#8243; global_colors_info=\u00bb{}\u00bb button_border_width=\u00bb4px\u00bb custom_css_main_element=\u00bbmin-width: 100%;||text-align:center;\u00bb sticky_enabled=\u00bb0&#8243;][\/et_pb_button][et_pb_button button_url=\u00bbhttps:\/\/psiquiatricodecampeche.com\/DOCUMN\/XXI\/DICTAMEN\/HPCDICTAMEN2019.pdf\u00bb url_new_window=\u00bbon\u00bb button_text=\u00bbDICTAMEN 2019&#8243; button_alignment=\u00bbcenter\u00bb _builder_version=\u00bb4.20.2&#8243; _module_preset=\u00bbdefault\u00bb custom_button=\u00bbon\u00bb button_text_size=\u00bb25px\u00bb button_text_color=\u00bb#9F2241&#8243; button_font=\u00bbMontserrat|800|||||||\u00bb button_icon=\u00bb&#xf571;||fa||900&#8243; button_icon_color=\u00bb#9F2241&#8243; hover_enabled=\u00bb0&#8243; global_colors_info=\u00bb{}\u00bb button_border_width=\u00bb4px\u00bb custom_css_main_element=\u00bbmin-width: 100%;||text-align:center;\u00bb sticky_enabled=\u00bb0&#8243;][\/et_pb_button][\/et_pb_column][et_pb_column type=\u00bb1_4&#8243; _builder_version=\u00bb4.20.2&#8243; _module_preset=\u00bbdefault\u00bb global_colors_info=\u00bb{}\u00bb][et_pb_button button_url=\u00bbhttps:\/\/www.psiquiatricodecampeche.com\/DOCUMN\/XXI\/DICTAMEN\/HPCDictamen2016.pdf\u00bb url_new_window=\u00bbon\u00bb button_text=\u00bbDICTAMEN 2016&#8243; button_alignment=\u00bbcenter\u00bb _builder_version=\u00bb4.20.2&#8243; _module_preset=\u00bbdefault\u00bb custom_button=\u00bbon\u00bb button_text_size=\u00bb25px\u00bb button_text_color=\u00bb#9F2241&#8243; button_font=\u00bbMontserrat|800|||||||\u00bb button_icon=\u00bb&#xf571;||fa||900&#8243; button_icon_color=\u00bb#9F2241&#8243; hover_enabled=\u00bb0&#8243; global_colors_info=\u00bb{}\u00bb button_border_width=\u00bb4px\u00bb custom_css_main_element=\u00bbmin-width: 100%;||text-align:center;\u00bb sticky_enabled=\u00bb0&#8243;][\/et_pb_button][et_pb_button button_url=\u00bbhttps:\/\/psiquiatricodecampeche.com\/DOCUMN\/XXI\/DICTAMEN\/HPCDictamen2020.pdf\u00bb url_new_window=\u00bbon\u00bb button_text=\u00bbDICTAMEN 2020&#8243; button_alignment=\u00bbcenter\u00bb _builder_version=\u00bb4.20.2&#8243; _module_preset=\u00bbdefault\u00bb custom_button=\u00bbon\u00bb button_text_size=\u00bb25px\u00bb button_text_color=\u00bb#9F2241&#8243; button_font=\u00bbMontserrat|800|||||||\u00bb button_icon=\u00bb&#xf571;||fa||900&#8243; button_icon_color=\u00bb#9F2241&#8243; hover_enabled=\u00bb0&#8243; global_colors_info=\u00bb{}\u00bb button_border_width=\u00bb4px\u00bb custom_css_main_element=\u00bbmin-width: 100%;||text-align:center;\u00bb sticky_enabled=\u00bb0&#8243;][\/et_pb_button][\/et_pb_column][et_pb_column type=\u00bb1_4&#8243; _builder_version=\u00bb4.20.2&#8243; _module_preset=\u00bbdefault\u00bb global_colors_info=\u00bb{}\u00bb][et_pb_button button_url=\u00bbhttps:\/\/www.psiquiatricodecampeche.com\/DOCUMN\/XXI\/DICTAMEN\/HPCDictamen2017.pdf\u00bb url_new_window=\u00bbon\u00bb button_text=\u00bbDICTAMEN 2017&#8243; button_alignment=\u00bbcenter\u00bb _builder_version=\u00bb4.20.2&#8243; _module_preset=\u00bbdefault\u00bb custom_button=\u00bbon\u00bb button_text_size=\u00bb25px\u00bb button_text_color=\u00bb#9F2241&#8243; button_font=\u00bbMontserrat|800|||||||\u00bb button_icon=\u00bb&#xf571;||fa||900&#8243; button_icon_color=\u00bb#9F2241&#8243; hover_enabled=\u00bb0&#8243; global_colors_info=\u00bb{}\u00bb button_border_width=\u00bb4px\u00bb custom_css_main_element=\u00bbmin-width: 100%;||text-align:center;\u00bb sticky_enabled=\u00bb0&#8243;][\/et_pb_button][\/et_pb_column][et_pb_column type=\u00bb1_4&#8243; _builder_version=\u00bb4.20.2&#8243; _module_preset=\u00bbdefault\u00bb global_colors_info=\u00bb{}\u00bb][et_pb_button button_url=\u00bbhttp:\/\/psiquiatricodecampeche.com\/DOCUMN\/XXI\/DICTAMEN\/HPCDICTAMEN2018.pdf\u00bb url_new_window=\u00bbon\u00bb button_text=\u00bbDICTAMEN 2018&#8243; button_alignment=\u00bbcenter\u00bb _builder_version=\u00bb4.20.2&#8243; _module_preset=\u00bbdefault\u00bb custom_button=\u00bbon\u00bb button_text_size=\u00bb25px\u00bb button_text_color=\u00bb#9F2241&#8243; button_font=\u00bbMontserrat|800|||||||\u00bb button_icon=\u00bb&#xf571;||fa||900&#8243; button_icon_color=\u00bb#9F2241&#8243; hover_enabled=\u00bb0&#8243; global_colors_info=\u00bb{}\u00bb button_border_width=\u00bb4px\u00bb custom_css_main_element=\u00bbmin-width: 100%;||text-align:center;\u00bb sticky_enabled=\u00bb0&#8243;][\/et_pb_button][\/et_pb_column][\/et_pb_row][\/et_pb_section]<\/p>\n","protected":false},"excerpt":{"rendered":"<p>DICTAMENResultados de los dict\u00e1menes realizados a sus estados financieros por las empresas auditoras contratadas para tal fin. La dictaminaci\u00f3n de los estados financieros deber\u00e1 realizarla un contador p\u00fablico registrado en t\u00e9rminos de las disposiciones que establezcan el C\u00f3digo Fiscal de la Federaci\u00f3n y los c\u00f3digos u ordenamientos fiscales de las Entidades Federativas.<\/p>\n","protected":false},"author":1,"featured_media":0,"parent":0,"menu_order":0,"comment_status":"closed","ping_status":"closed","template":"","meta":{"_et_pb_use_builder":"on","_et_pb_old_content":"","_et_gb_content_width":"","footnotes":""},"class_list":["post-400","page","type-page","status-publish","hentry"],"_links":{"self":[{"href":"https:\/\/transparencia.psiquiatricodecampeche.com\/index.php\/wp-json\/wp\/v2\/pages\/400","targetHints":{"allow":["GET"]}}],"collection":[{"href":"https:\/\/transparencia.psiquiatricodecampeche.com\/index.php\/wp-json\/wp\/v2\/pages"}],"about":[{"href":"https:\/\/transparencia.psiquiatricodecampeche.com\/index.php\/wp-json\/wp\/v2\/types\/page"}],"author":[{"embeddable":true,"href":"https:\/\/transparencia.psiquiatricodecampeche.com\/index.php\/wp-json\/wp\/v2\/users\/1"}],"replies":[{"embeddable":true,"href":"https:\/\/transparencia.psiquiatricodecampeche.com\/index.php\/wp-json\/wp\/v2\/comments?post=400"}],"version-history":[{"count":7,"href":"https:\/\/transparencia.psiquiatricodecampeche.com\/index.php\/wp-json\/wp\/v2\/pages\/400\/revisions"}],"predecessor-version":[{"id":583,"href":"https:\/\/transparencia.psiquiatricodecampeche.com\/index.php\/wp-json\/wp\/v2\/pages\/400\/revisions\/583"}],"wp:attachment":[{"href":"https:\/\/transparencia.psiquiatricodecampeche.com\/index.php\/wp-json\/wp\/v2\/media?parent=400"}],"curies":[{"name":"wp","href":"https:\/\/api.w.org\/{rel}","templated":true}]}}