{"id":435,"date":"2023-03-21T20:12:16","date_gmt":"2023-03-21T20:12:16","guid":{"rendered":"https:\/\/transparencia.psiquiatricodecampeche.com\/?page_id=435"},"modified":"2024-03-15T11:48:32","modified_gmt":"2024-03-15T17:48:32","slug":"programa-anual-de-evaluacion","status":"publish","type":"page","link":"https:\/\/transparencia.psiquiatricodecampeche.com\/index.php\/programa-anual-de-evaluacion\/","title":{"rendered":"PROGRAMA ANUAL DE EVALUACI\u00d3N"},"content":{"rendered":"<p>[et_pb_section fb_built=\u00bb1&#8243; _builder_version=\u00bb4.20.0&#8243; _module_preset=\u00bbdefault\u00bb da_disable_devices=\u00bboff|off|off\u00bb global_colors_info=\u00bb{}\u00bb da_is_popup=\u00bboff\u00bb da_exit_intent=\u00bboff\u00bb da_has_close=\u00bbon\u00bb da_alt_close=\u00bboff\u00bb da_dark_close=\u00bboff\u00bb da_not_modal=\u00bbon\u00bb da_is_singular=\u00bboff\u00bb da_with_loader=\u00bboff\u00bb da_has_shadow=\u00bbon\u00bb][et_pb_row _builder_version=\u00bb4.20.0&#8243; _module_preset=\u00bbdefault\u00bb global_colors_info=\u00bb{}\u00bb][et_pb_column type=\u00bb4_4&#8243; _builder_version=\u00bb4.20.0&#8243; _module_preset=\u00bbdefault\u00bb global_colors_info=\u00bb{}\u00bb][et_pb_text _builder_version=\u00bb4.20.2&#8243; _module_preset=\u00bbdefault\u00bb text_font=\u00bbMontserrat|800|||||||\u00bb text_text_color=\u00bb#9F2241&#8243; text_font_size=\u00bb35px\u00bb global_colors_info=\u00bb{}\u00bb]<\/p>\n<p style=\"text-align: center;\">PROGRAMA ANUAL DE EVALUACI\u00d3N<\/p>\n<p>[\/et_pb_text][\/et_pb_column][\/et_pb_row][et_pb_row _builder_version=\u00bb4.20.2&#8243; _module_preset=\u00bbdefault\u00bb global_colors_info=\u00bb{}\u00bb][et_pb_column type=\u00bb4_4&#8243; _builder_version=\u00bb4.20.2&#8243; _module_preset=\u00bbdefault\u00bb global_colors_info=\u00bb{}\u00bb][et_pb_text _builder_version=\u00bb4.24.2&#8243; _module_preset=\u00bbdefault\u00bb hover_enabled=\u00bb0&#8243; custom_css_main_element=\u00bbmin-width: 100%;||text-align:center;\u00bb global_colors_info=\u00bb{}\u00bb sticky_enabled=\u00bb0&#8243;]<\/p>\n<table>\n<tbody>\n<tr>\n<td class=\"selected\" style=\"text-align: center; vertical-align: top; font-weight: bold; display: table-cell; background-color: #9f2241; color: #ffffff;\" colspan=\"1\" rowspan=\"1\">\n<div class=\"wrap\">\n<div style=\"margin: 10px 5px;\">\n<p><span style=\"background-color: transparent;\">PROGRAMA ANUAL DE EVALUACI\u00d3N 2017<\/span><\/p>\n<\/div>\n<\/div>\n<\/td>\n<\/tr>\n<tr>\n<td style=\"font-weight: bold; background-color: #ffffff; text-align: center; color: #000000; vertical-align: top;\" class=\"selected\">\n<div class=\"wrap\">\n<div style=\"margin: 10px 5px;\">\n<p><a href=\"https:\/\/psiquiatricodecampeche.com\/DOCUMN\/PAE\/2017\/ANEXO2017.pdf\" data-enable-open-in-new-tab=\"true\"><span>ANEXO 1<\/span><\/a><\/p>\n<\/div>\n<\/div>\n<\/td>\n<\/tr>\n<tr>\n<td style=\"font-weight: bold; background-color: #ffffff; text-align: center; color: #000000; vertical-align: top;\" class=\"selected\">\n<div class=\"wrap\">\n<div style=\"margin: 10px 5px;\">\n<p><a href=\"https:\/\/psiquiatricodecampeche.com\/DOCUMN\/PAE\/2017\/PAE2017.pdf\" data-enable-open-in-new-tab=\"true\"><span>EVALUACI\u00d3N DE DESEMPE\u00d1O<\/span><\/a><\/p>\n<\/div>\n<\/div>\n<\/td>\n<\/tr>\n<tr>\n<td style=\"font-weight: bold; background-color: #9f2241; text-align: center; color: #ffffff; vertical-align: top;\" class=\"selected\">\n<div class=\"wrap\">\n<div style=\"margin: 10px 5px;\">\n<p><span style=\"background-color: transparent;\">PROGRAMA ANUAL DE EVALUACI\u00d3N 2018<\/span><\/p>\n<\/div>\n<\/div>\n<\/td>\n<\/tr>\n<tr>\n<td style=\"font-weight: bold; background-color: #ffffff; text-align: center; color: #000000; vertical-align: top;\" class=\"selected\">\n<div class=\"wrap\">\n<div style=\"margin: 10px 5px;\">\n<p><a href=\"https:\/\/psiquiatricodecampeche.com\/DOCUMN\/PAE\/2018\/ANEXO2018.PDF\" data-enable-open-in-new-tab=\"true\"><span>ANEXO 1<\/span><\/a><\/p>\n<\/div>\n<\/div>\n<\/td>\n<\/tr>\n<tr>\n<td style=\"font-weight: bold; background-color: #ffffff; text-align: center; color: #000000; vertical-align: top;\" class=\"selected\">\n<div class=\"wrap\">\n<div style=\"margin: 10px 5px;\">\n<p><a href=\"https:\/\/psiquiatricodecampeche.com\/DOCUMN\/PAE\/2018\/PAE2018.PDF\" data-enable-open-in-new-tab=\"true\"><span>EVALUACI\u00d3N DE DESEMPE\u00d1O<\/span><\/a><\/p>\n<\/div>\n<\/div>\n<\/td>\n<\/tr>\n<tr>\n<td style=\"font-weight: bold; background-color: #9f2241; text-align: center; color: #ffffff; vertical-align: top;\" class=\"selected\">\n<div class=\"wrap\">\n<div style=\"margin: 10px 5px;\">\n<p><span style=\"background-color: transparent;\">PROGRAMA ANUAL DE EVALUACI\u00d3N 2019<\/span><\/p>\n<\/div>\n<\/div>\n<\/td>\n<\/tr>\n<tr>\n<td style=\"font-weight: bold; background-color: #ffffff; text-align: center; color: #000000; vertical-align: top;\" class=\"selected\">\n<div class=\"wrap\">\n<div style=\"margin: 10px 5px;\">\n<p><a href=\"https:\/\/www.psiquiatricodecampeche.com\/DOCUMN\/PAE\/2019\/PAE2019.pdf\" data-enable-open-in-new-tab=\"true\"><span>EVALUACI\u00d3N DE DESEMPE\u00d1O<\/span><\/a><\/p>\n<\/div>\n<\/div>\n<\/td>\n<\/tr>\n<tr>\n<td style=\"font-weight: bold; background-color: #9f2241; text-align: center; color: #ffffff; vertical-align: top;\" class=\"selected\">\n<div class=\"wrap\">\n<div style=\"margin: 10px 5px;\">\n<p><span style=\"background-color: transparent;\">PROGRAMA ANUAL DE EVALUACI\u00d3N 2020<\/span><\/p>\n<\/div>\n<\/div>\n<\/td>\n<\/tr>\n<tr>\n<td style=\"font-weight: bold; background-color: #ffffff; text-align: center; color: #000000; vertical-align: top;\" class=\"selected\">\n<div class=\"wrap\">\n<div style=\"margin: 10px 5px;\">\n<p><a href=\"https:\/\/psiquiatricodecampeche.com\/DOCUMN\/PAE\/2020\/ANEXO2020.PDF\" data-enable-open-in-new-tab=\"true\"><span>ANEXO 1<\/span><\/a><\/p>\n<\/div>\n<\/div>\n<\/td>\n<\/tr>\n<tr>\n<td style=\"font-weight: bold; background-color: #ffffff; text-align: center; color: #000000; vertical-align: top;\" class=\"selected\">\n<div class=\"wrap\">\n<div style=\"margin: 10px 5px;\">\n<p><a href=\"https:\/\/psiquiatricodecampeche.com\/DOCUMN\/PAE\/2020\/PAE2020.PDF\" data-enable-open-in-new-tab=\"true\"><span>EVALUACI\u00d3N DE DESEMPE\u00d1O<\/span><\/a><\/p>\n<\/div>\n<\/div>\n<\/td>\n<\/tr>\n<tr>\n<td style=\"font-weight: bold; background-color: #9f2241; text-align: center; color: #ffffff; vertical-align: top;\" class=\"selected\">\n<div class=\"wrap\">\n<div style=\"margin: 10px 5px;\">\n<p><span style=\"background-color: transparent;\">PROGRAMA ANUAL DE EVALUACI\u00d3N 2021<\/span><\/p>\n<\/div>\n<\/div>\n<\/td>\n<\/tr>\n<tr>\n<td style=\"font-weight: bold; background-color: #ffffff; text-align: center; color: #000000; vertical-align: top;\" class=\"selected\">\n<div class=\"wrap\">\n<div style=\"margin: 10px 5px;\">\n<p><a href=\"https:\/\/psiquiatricodecampeche.com\/DOCUMN\/PAE\/2021\/PAE2021.pdf\" data-enable-open-in-new-tab=\"true\"><span>EVALUACI\u00d3N DE DESEMPE\u00d1O<\/span><\/a><\/p>\n<\/div>\n<\/div>\n<\/td>\n<\/tr>\n<tr>\n<td class=\"selected\" style=\"font-weight: bold; background-color: #9f2241; text-align: center; color: #ffffff; vertical-align: top;\">\n<div class=\"wrap\">\n<div style=\"margin: 10px 5px;\" class=\"\" contenteditable=\"false\">\n<p><span style=\"background-color: transparent;\">PROGRAMA ANUAL DE EVALUACI\u00d3N 2022<\/span><\/p>\n<\/div>\n<\/div>\n<\/td>\n<\/tr>\n<tr>\n<td style=\"font-weight: bold; background-color: #ffffff; text-align: center; color: #000000; vertical-align: top;\" class=\"selected\">\n<div class=\"wrap\">\n<div style=\"margin: 10px 5px;\" class=\"\" contenteditable=\"false\">\n<p><a href=\"https:\/\/psiquiatricodecampeche.com\/DOCUMN\/PAE\/2022\/ANEXO2022.PDF\" data-enable-open-in-new-tab=\"true\"><span>ANEXO 1<\/span><\/a><\/p>\n<\/div>\n<\/div>\n<\/td>\n<\/tr>\n<tr>\n<td style=\"font-weight: bold; background-color: #ffffff; text-align: center; color: #000000; vertical-align: top;\" class=\"selected\">\n<div class=\"wrap\">\n<div style=\"margin: 10px 5px;\" class=\"\" contenteditable=\"false\">\n<p><a href=\"https:\/\/psiquiatricodecampeche.com\/DOCUMN\/PAE\/2022\/PAE2022.PDF\" data-enable-open-in-new-tab=\"true\"><span>EVALUACI\u00d3N DE DESEMPE\u00d1O<\/span><\/a><\/p>\n<\/div>\n<tr>\n<td class=\"selected\" style=\"font-weight: bold; background-color: #9f2241; text-align: center; color: #ffffff; vertical-align: top;\">\n<div class=\"wrap\">\n<div style=\"margin: 10px 5px;\" class=\"\" contenteditable=\"false\">\n<p><span style=\"background-color: transparent;\">PROGRAMA ANUAL DE EVALUACI\u00d3N 2023<\/span><\/p>\n<\/div>\n<\/div>\n<\/td>\n<\/tr>\n<tr>\n<td style=\"font-weight: bold; background-color: #ffffff; text-align: center; color: #000000; vertical-align: top;\" class=\"selected\">\n<div class=\"wrap\">\n<div style=\"margin: 10px 5px;\" class=\"\" contenteditable=\"false\">\n<p><a href=\"https:\/\/psiquiatricodecampeche.com\/DOCUMN\/PAE\/2023\/ANEXO_PAE2023.pdf\" data-enable-open-in-new-tab=\"true\"><span>ANEXO 1<\/span><\/a><\/p>\n<\/div>\n<\/div>\n<\/td>\n<\/tr>\n<tr>\n<td style=\"font-weight: bold; background-color: #ffffff; text-align: center; color: #000000; vertical-align: top;\" class=\"selected\">\n<div class=\"wrap\">\n<div style=\"margin: 10px 5px;\" class=\"\" contenteditable=\"false\">\n<p><a href=\"https:\/\/psiquiatricodecampeche.com\/DOCUMN\/PAE\/2023\/PAE2023.pdf\" data-enable-open-in-new-tab=\"true\"><span>EVALUACI\u00d3N DE DESEMPE\u00d1O<\/span><\/a>\n<\/div>\n<\/td>\n<\/tr>\n<\/tbody>\n<\/table>\n<p>[\/et_pb_text][et_pb_text _builder_version=\u00bb4.21.0&#8243; _module_preset=\u00bbdefault\u00bb global_colors_info=\u00bb{}\u00bb]<\/p>\n<p>Para consultar la informaci\u00f3n de clic sobre el nombr\u00e9 del documento.<\/p>\n<p>[\/et_pb_text][\/et_pb_column][\/et_pb_row][\/et_pb_section]<\/p>\n","protected":false},"excerpt":{"rendered":"<p>PROGRAMA ANUAL DE EVALUACI\u00d3N PROGRAMA ANUAL DE EVALUACI\u00d3N 2017 ANEXO 1 EVALUACI\u00d3N DE DESEMPE\u00d1O PROGRAMA ANUAL DE EVALUACI\u00d3N 2018 ANEXO 1 EVALUACI\u00d3N DE DESEMPE\u00d1O PROGRAMA ANUAL DE EVALUACI\u00d3N 2019 EVALUACI\u00d3N DE DESEMPE\u00d1O PROGRAMA ANUAL DE EVALUACI\u00d3N 2020 ANEXO 1 EVALUACI\u00d3N DE DESEMPE\u00d1O PROGRAMA ANUAL DE EVALUACI\u00d3N 2021 EVALUACI\u00d3N DE DESEMPE\u00d1O PROGRAMA ANUAL DE EVALUACI\u00d3N 2022 [&hellip;]<\/p>\n","protected":false},"author":1,"featured_media":0,"parent":0,"menu_order":0,"comment_status":"closed","ping_status":"closed","template":"","meta":{"_et_pb_use_builder":"on","_et_pb_old_content":"","_et_gb_content_width":"","footnotes":""},"class_list":["post-435","page","type-page","status-publish","hentry"],"_links":{"self":[{"href":"https:\/\/transparencia.psiquiatricodecampeche.com\/index.php\/wp-json\/wp\/v2\/pages\/435","targetHints":{"allow":["GET"]}}],"collection":[{"href":"https:\/\/transparencia.psiquiatricodecampeche.com\/index.php\/wp-json\/wp\/v2\/pages"}],"about":[{"href":"https:\/\/transparencia.psiquiatricodecampeche.com\/index.php\/wp-json\/wp\/v2\/types\/page"}],"author":[{"embeddable":true,"href":"https:\/\/transparencia.psiquiatricodecampeche.com\/index.php\/wp-json\/wp\/v2\/users\/1"}],"replies":[{"embeddable":true,"href":"https:\/\/transparencia.psiquiatricodecampeche.com\/index.php\/wp-json\/wp\/v2\/comments?post=435"}],"version-history":[{"count":9,"href":"https:\/\/transparencia.psiquiatricodecampeche.com\/index.php\/wp-json\/wp\/v2\/pages\/435\/revisions"}],"predecessor-version":[{"id":1045,"href":"https:\/\/transparencia.psiquiatricodecampeche.com\/index.php\/wp-json\/wp\/v2\/pages\/435\/revisions\/1045"}],"wp:attachment":[{"href":"https:\/\/transparencia.psiquiatricodecampeche.com\/index.php\/wp-json\/wp\/v2\/media?parent=435"}],"curies":[{"name":"wp","href":"https:\/\/api.w.org\/{rel}","templated":true}]}}