{"id":449,"date":"2023-03-21T20:56:47","date_gmt":"2023-03-21T20:56:47","guid":{"rendered":"https:\/\/transparencia.psiquiatricodecampeche.com\/?page_id=449"},"modified":"2023-06-12T10:12:08","modified_gmt":"2023-06-12T15:12:08","slug":"xxviii-la-informacion-sobre-los-resultados-sobre-procedimientos-de-adjudicacion-directa","status":"publish","type":"page","link":"https:\/\/transparencia.psiquiatricodecampeche.com\/index.php\/xxviii-la-informacion-sobre-los-resultados-sobre-procedimientos-de-adjudicacion-directa\/","title":{"rendered":"XXVIII. LA INFORMACI\u00d3N SOBRE LOS RESULTADOS SOBRE PROCEDIMIENTOS DE ADJUDICACI\u00d3N DIRECTA"},"content":{"rendered":"<p>[et_pb_section fb_built=\u00bb1&#8243; _builder_version=\u00bb4.20.0&#8243; _module_preset=\u00bbdefault\u00bb da_disable_devices=\u00bboff|off|off\u00bb global_colors_info=\u00bb{}\u00bb da_is_popup=\u00bboff\u00bb da_exit_intent=\u00bboff\u00bb da_has_close=\u00bbon\u00bb da_alt_close=\u00bboff\u00bb da_dark_close=\u00bboff\u00bb da_not_modal=\u00bbon\u00bb da_is_singular=\u00bboff\u00bb da_with_loader=\u00bboff\u00bb da_has_shadow=\u00bbon\u00bb][et_pb_row _builder_version=\u00bb4.20.0&#8243; _module_preset=\u00bbdefault\u00bb global_colors_info=\u00bb{}\u00bb][et_pb_column type=\u00bb4_4&#8243; _builder_version=\u00bb4.20.0&#8243; _module_preset=\u00bbdefault\u00bb global_colors_info=\u00bb{}\u00bb][et_pb_text _builder_version=\u00bb4.20.2&#8243; _module_preset=\u00bbdefault\u00bb text_font=\u00bbMontserrat|600|||||||\u00bb text_text_color=\u00bb#9F2241&#8243; text_font_size=\u00bb30px\u00bb global_colors_info=\u00bb{}\u00bb]<\/p>\n<p style=\"text-align: center;\">XXVIII. LA INFORMACI\u00d3N SOBRE LOS RESULTADOS SOBRE PROCEDIMIENTOS DE ADJUDICACI\u00d3N DIRECTA, INVITACI\u00d3N RESTRINGIDA Y LICITACI\u00d3N DE CUALQUIER NATURALEZA, INCLUYENDO LA VERSI\u00d3N P\u00daBLICA DEL EXPEDIENTE RESPECTIVO Y DE LOS CONTRATOS CELEBRADOS<\/p>\n<p>[\/et_pb_text][\/et_pb_column][\/et_pb_row][et_pb_row _builder_version=\u00bb4.20.0&#8243; _module_preset=\u00bbdefault\u00bb global_colors_info=\u00bb{}\u00bb][et_pb_column type=\u00bb4_4&#8243; _builder_version=\u00bb4.20.0&#8243; _module_preset=\u00bbdefault\u00bb global_colors_info=\u00bb{}\u00bb][et_pb_text _builder_version=\u00bb4.20.2&#8243; _module_preset=\u00bbdefault\u00bb text_font=\u00bbMontserrat|600|||||||\u00bb text_text_color=\u00bb#000000&#8243; text_font_size=\u00bb15px\u00bb text_line_height=\u00bb1em\u00bb global_colors_info=\u00bb{}\u00bb]<\/p>\n<p style=\"text-align: justify;\">En este apartado se dispone cu\u00e1les son los contenidos y la forma en que los sujetos obligados deber\u00e1n publicar y actualizar la informaci\u00f3n que generen, relativa a los resultados de los procedimientos de licitaci\u00f3n p\u00fablica, invitaci\u00f3n restringida y adjudicaci\u00f3n directa, as\u00ed como los equivalentes que realizan en t\u00e9rminos de la Ley de Adquisiciones, Arrendamientos y Servicios del Sector P\u00fablico y la Ley de Obras P\u00fablicas y Servicios Relacionados con las Mismas \u2013ambas reglamentarias del art\u00edculo 134 de la Constituci\u00f3n Pol\u00edtica de los Estados Unidos Mexicanos\u2013; las que resulten aplicables en materia de adquisiciones, arrendamiento de bienes muebles, prestaci\u00f3n de servicios y contrataciones de obras p\u00fablicas, y los servicios relacionados con las mismas de las entidades federativas; los ordenamientos legales que regulen a los poderes Legislativo y Judicial y a los organismos aut\u00f3nomos; as\u00ed como la Ley Federal de Presupuesto y Responsabilidad Hacendaria.<\/p>\n<p>[\/et_pb_text][et_pb_text _builder_version=\u00bb4.20.1&#8243; _module_preset=\u00bbdefault\u00bb text_font=\u00bbMontserrat|600|||||||\u00bb text_text_color=\u00bb#9F2241&#8243; text_font_size=\u00bb50px\u00bb text_line_height=\u00bb1em\u00bb global_colors_info=\u00bb{}\u00bb]<\/p>\n<p style=\"text-align: center;\">NO APLICA \u26d4<\/p>\n<p>[\/et_pb_text][\/et_pb_column][\/et_pb_row][et_pb_row _builder_version=\u00bb4.20.0&#8243; _module_preset=\u00bbdefault\u00bb global_colors_info=\u00bb{}\u00bb][et_pb_column type=\u00bb4_4&#8243; _builder_version=\u00bb4.20.0&#8243; _module_preset=\u00bbdefault\u00bb global_colors_info=\u00bb{}\u00bb][et_pb_text _builder_version=\u00bb4.20.2&#8243; _module_preset=\u00bbdefault\u00bb text_font=\u00bbMontserrat|600|||||||\u00bb text_text_color=\u00bb#000000&#8243; text_font_size=\u00bb15px\u00bb text_line_height=\u00bb1em\u00bb global_colors_info=\u00bb{}\u00bb]<\/p>\n<p style=\"text-align: justify;\">El Hospital Psiqui\u00e1trico de Campeche no genera esta informaci\u00f3n por no estar especificado en sus facultades, competencias y funciones otorgadas por los ordenamientos jur\u00eddicos aplicables. Le corresponde a la Secretar\u00eda de Administraci\u00f3n e Innovaci\u00f3n Gubernamental, misma que podr\u00e1 consultar a trav\u00e9s del siguiente link:<\/p>\n<p>[\/et_pb_text][\/et_pb_column][\/et_pb_row][et_pb_row _builder_version=\u00bb4.20.1&#8243; _module_preset=\u00bbdefault\u00bb global_colors_info=\u00bb{}\u00bb][et_pb_column type=\u00bb4_4&#8243; _builder_version=\u00bb4.20.1&#8243; _module_preset=\u00bbdefault\u00bb global_colors_info=\u00bb{}\u00bb][et_pb_text _builder_version=\u00bb4.20.2&#8243; _module_preset=\u00bbdefault\u00bb global_colors_info=\u00bb{}\u00bb]<\/p>\n<table>\n<tbody>\n<tr>\n<td class=\"selected\" colspan=\"1\" style=\"display: table-cell; font-weight: bold; font-size: 15px; text-align: center; vertical-align: middle; background-color: #9f2241; color: #ffffff;\" rowspan=\"1\">\n<div class=\"wrap\" style=\"justify-content: center;\">\n<div style=\"margin: 10px 5px;\">\n<p><span style=\"color: #ffffff; font-weight: bold;\">Convocatorias a concursos para ocupar cargos p\u00fablicos<\/span><\/p>\n<\/div>\n<\/div>\n<\/td>\n<td style=\"background-color: #9f2241; text-align: center; color: #333333; vertical-align: middle; font-size: 22px;\" class=\"selected\">\n<div class=\"wrap\" style=\"justify-content: center;\">\n<div style=\"margin: 10px 5px;\">\n<p><span style=\"font-weight: normal;\">\ud83d\udd17<\/span><\/p>\n<\/div>\n<\/div>\n<\/td>\n<\/tr>\n<tr>\n<td style=\"font-weight: bold; background-color: #ffffff; text-align: center; color: #000000; vertical-align: middle;\" class=\"selected\">\n<div class=\"wrap\" style=\"justify-content: center;\">\n<div style=\"margin: 10px 5px;\">\n<p><span style=\"font-weight: bold;\">Secretar\u00eda de Administraci\u00f3n e Innovaci\u00f3n Gubernamental<\/span><\/p>\n<\/div>\n<\/div>\n<\/td>\n<td style=\"background-color: #ffffff; text-align: center; color: #000000; vertical-align: middle; font-size: 22px;\" class=\"selected\">\n<div class=\"wrap\" style=\"justify-content: center;\">\n<div style=\"margin: 10px 5px;\">\n<p><a href=\"https:\/\/saig.campeche.gob.mx\/\" data-enable-open-in-new-tab=\"true\"><span style=\"text-decoration: none;\">\ud83d\udd0d<\/span><\/a><\/p>\n<\/div>\n<\/div>\n<\/td>\n<\/tr>\n<\/tbody>\n<\/table>\n<p>[\/et_pb_text][et_pb_text _builder_version=\u00bb4.21.0&#8243; _module_preset=\u00bbdefault\u00bb hover_enabled=\u00bb0&#8243; sticky_enabled=\u00bb0&#8243;]<\/p>\n<p>Para consultar la informaci\u00f3n de clic sobre el icono de b\u00fasqueda.<\/p>\n<p>[\/et_pb_text][\/et_pb_column][\/et_pb_row][\/et_pb_section]<\/p>\n","protected":false},"excerpt":{"rendered":"<p>XXVIII. LA INFORMACI\u00d3N SOBRE LOS RESULTADOS SOBRE PROCEDIMIENTOS DE ADJUDICACI\u00d3N DIRECTA, INVITACI\u00d3N RESTRINGIDA Y LICITACI\u00d3N DE CUALQUIER NATURALEZA, INCLUYENDO LA VERSI\u00d3N P\u00daBLICA DEL EXPEDIENTE RESPECTIVO Y DE LOS CONTRATOS CELEBRADOSEn este apartado se dispone cu\u00e1les son los contenidos y la forma en que los sujetos obligados deber\u00e1n publicar y actualizar la informaci\u00f3n que generen, relativa [&hellip;]<\/p>\n","protected":false},"author":1,"featured_media":0,"parent":0,"menu_order":0,"comment_status":"closed","ping_status":"closed","template":"","meta":{"_et_pb_use_builder":"on","_et_pb_old_content":"","_et_gb_content_width":"","footnotes":""},"class_list":["post-449","page","type-page","status-publish","hentry"],"_links":{"self":[{"href":"https:\/\/transparencia.psiquiatricodecampeche.com\/index.php\/wp-json\/wp\/v2\/pages\/449","targetHints":{"allow":["GET"]}}],"collection":[{"href":"https:\/\/transparencia.psiquiatricodecampeche.com\/index.php\/wp-json\/wp\/v2\/pages"}],"about":[{"href":"https:\/\/transparencia.psiquiatricodecampeche.com\/index.php\/wp-json\/wp\/v2\/types\/page"}],"author":[{"embeddable":true,"href":"https:\/\/transparencia.psiquiatricodecampeche.com\/index.php\/wp-json\/wp\/v2\/users\/1"}],"replies":[{"embeddable":true,"href":"https:\/\/transparencia.psiquiatricodecampeche.com\/index.php\/wp-json\/wp\/v2\/comments?post=449"}],"version-history":[{"count":4,"href":"https:\/\/transparencia.psiquiatricodecampeche.com\/index.php\/wp-json\/wp\/v2\/pages\/449\/revisions"}],"predecessor-version":[{"id":754,"href":"https:\/\/transparencia.psiquiatricodecampeche.com\/index.php\/wp-json\/wp\/v2\/pages\/449\/revisions\/754"}],"wp:attachment":[{"href":"https:\/\/transparencia.psiquiatricodecampeche.com\/index.php\/wp-json\/wp\/v2\/media?parent=449"}],"curies":[{"name":"wp","href":"https:\/\/api.w.org\/{rel}","templated":true}]}}