{"id":454,"date":"2023-03-21T21:14:54","date_gmt":"2023-03-21T21:14:54","guid":{"rendered":"https:\/\/transparencia.psiquiatricodecampeche.com\/?page_id=454"},"modified":"2025-10-21T08:43:52","modified_gmt":"2025-10-21T14:43:52","slug":"xxix-informes-que-por-disposicion-legal-generen-los-sujetos-obligados","status":"publish","type":"page","link":"https:\/\/transparencia.psiquiatricodecampeche.com\/index.php\/xxix-informes-que-por-disposicion-legal-generen-los-sujetos-obligados\/","title":{"rendered":"XXIX. INFORMES QUE POR DISPOSICI\u00d3N LEGAL GENEREN LOS SUJETOS OBLIGADOS"},"content":{"rendered":"<p>[et_pb_section fb_built=\u00bb1&#8243; _builder_version=\u00bb4.20.0&#8243; _module_preset=\u00bbdefault\u00bb da_disable_devices=\u00bboff|off|off\u00bb global_colors_info=\u00bb{}\u00bb da_is_popup=\u00bboff\u00bb da_exit_intent=\u00bboff\u00bb da_has_close=\u00bbon\u00bb da_alt_close=\u00bboff\u00bb da_dark_close=\u00bboff\u00bb da_not_modal=\u00bbon\u00bb da_is_singular=\u00bboff\u00bb da_with_loader=\u00bboff\u00bb da_has_shadow=\u00bbon\u00bb][et_pb_row _builder_version=\u00bb4.20.0&#8243; _module_preset=\u00bbdefault\u00bb global_colors_info=\u00bb{}\u00bb][et_pb_column type=\u00bb4_4&#8243; _builder_version=\u00bb4.20.0&#8243; _module_preset=\u00bbdefault\u00bb global_colors_info=\u00bb{}\u00bb][et_pb_text _builder_version=\u00bb4.20.2&#8243; _module_preset=\u00bbdefault\u00bb text_font=\u00bbMontserrat|600|||||||\u00bb text_text_color=\u00bb#9F2241&#8243; text_font_size=\u00bb30px\u00bb global_colors_info=\u00bb{}\u00bb]<\/p>\n<p style=\"text-align: center;\">XXIX. INFORMES QUE POR DISPOSICI\u00d3N LEGAL GENEREN LOS SUJETOS OBLIGADOS<\/p>\n<p>[\/et_pb_text][\/et_pb_column][\/et_pb_row][et_pb_row _builder_version=\u00bb4.20.0&#8243; _module_preset=\u00bbdefault\u00bb global_colors_info=\u00bb{}\u00bb][et_pb_column type=\u00bb4_4&#8243; _builder_version=\u00bb4.20.0&#8243; _module_preset=\u00bbdefault\u00bb global_colors_info=\u00bb{}\u00bb][et_pb_text _builder_version=\u00bb4.20.2&#8243; _module_preset=\u00bbdefault\u00bb text_font=\u00bbMontserrat|600|||||||\u00bb text_text_color=\u00bb#000000&#8243; text_font_size=\u00bb15px\u00bb text_line_height=\u00bb1em\u00bb global_colors_info=\u00bb{}\u00bb]<\/p>\n<p style=\"text-align: justify;\">En cumplimiento de la presente fracci\u00f3n los sujetos obligados deber\u00e1n publicar una relaci\u00f3n de todos y cada uno de los informes que, de acuerdo con su naturaleza y la normatividad vigente que les resulte aplicable, se encuentren obligados a rendir ante cualquier otro sujeto obligado; asimismo, se deber\u00e1 vincular al documento del informe que corresponda.<\/p>\n<p style=\"text-align: justify;\">Periodo de actualizaci\u00f3n: Trimestral<\/p>\n<p style=\"text-align: justify;\">Unidad(es) Administrativa(s) que genera(n) o posee(n) la informaci\u00f3n: Transparencia<\/p>\n<p>[\/et_pb_text][\/et_pb_column][\/et_pb_row][et_pb_row _builder_version=\u00bb4.20.1&#8243; _module_preset=\u00bbdefault\u00bb global_colors_info=\u00bb{}\u00bb][et_pb_column type=\u00bb4_4&#8243; _builder_version=\u00bb4.20.1&#8243; _module_preset=\u00bbdefault\u00bb global_colors_info=\u00bb{}\u00bb][et_pb_text _builder_version=\u00bb4.27.4&#8243; _module_preset=\u00bbdefault\u00bb hover_enabled=\u00bb0&#8243; global_colors_info=\u00bb{}\u00bb sticky_enabled=\u00bb0&#8243;]<\/p>\n<style type=\"text\/css\">\n.tg  {border-collapse:collapse;border-spacing:0;margin:0px auto;}\n.tg td{border-color:black;border-style:solid;border-width:1px;font-family:Arial, sans-serif;font-size:14px;\n  overflow:hidden;padding:10px 5px;word-break:normal;}\n.tg th{border-color:black;border-style:solid;border-width:1px;font-family:Arial, sans-serif;font-size:14px;\n  font-weight:normal;overflow:hidden;padding:10px 5px;word-break:normal;}\n.tg .tg-sn7r{background-color:#9F2241;color:#FFF;font-weight:bold;text-align:center;vertical-align:middle}\n.tg .tg-0djp{background-color:#FFF;color:#000000;font-weight:bold;text-align:center;vertical-align:middle}\n@media screen and (max-width: 767px) {.tg {width: auto !important;}.tg col {width: auto !important;}.tg-wrap {overflow-x: auto;-webkit-overflow-scrolling: touch;margin: auto 0px;}}<\/style>\n<div class=\"tg-wrap\">\n<table class=\"tg\">\n<thead>\n<tr>\n<th class=\"tg-sn7r\" colspan=\"8\"><span style=\"background-color:transparent\">FRACCI\u00d3N XXIX<\/span><\/th>\n<\/tr>\n<\/thead>\n<tbody>\n<tr>\n<td class=\"tg-0djp\" rowspan=\"3\"><span style=\"background-color:transparent\">Informes que por disposici\u00f3n legal generen los sujetos obligados.<\/span><\/td>\n<td class=\"tg-0djp\" rowspan=\"3\"><span style=\"background-color:transparent\">TRIMESTRAL<\/span><br \/><span style=\"background-color:transparent\">Del a\u00f1o en curso y dos ant<\/span><span style=\"font-weight:bold;background-color:transparent\">e<\/span><span style=\"background-color:transparent\">r<\/span><span style=\"font-weight:bold;background-color:transparent\">i<\/span><span style=\"background-color:transparent\">o<\/span><span style=\"font-weight:bold;background-color:transparent\">r<\/span><span style=\"background-color:transparent\">e<\/span><span style=\"font-weight:bold;background-color:transparent\">s<\/span><span style=\"background-color:transparent\">.<\/span><\/td>\n<td class=\"tg-0djp\">2025<\/td>\n<td class=\"tg-0djp\"><a href=\"https:\/\/psiquiatricodecampeche.com\/DOCUMN\/XXIX\/2025\/Fracci%C3%B3n%2029%201er%20Trimestre%202025.xlsx\" target=\"_blank\" rel=\"noopener noreferrer\">1\u00b0Trimestre<\/a><\/td>\n<td class=\"tg-0djp\"><a href=\"https:\/\/psiquiatricodecampeche.com\/DOCUMN\/XXIX\/2025\/Fracci%C3%B3n%2029%202do%20Trimestre%202025.xlsx\" target=\"_blank\" rel=\"noopener noreferrer\">2\u00b0Trimestre<\/a><\/td>\n<td class=\"tg-0djp\">&#8211;<\/td>\n<td class=\"tg-0djp\">&#8211;<\/td>\n<td class=\"tg-0djp\" rowspan=\"3\"><img loading=\"lazy\" decoding=\"async\" src=\"https:\/\/psiquiatricodecampeche.com\/DOCUMN\/img22\/excel%20logo.png\" alt=\"EXCEL\" width=\"30\" height=\"29\"><\/td>\n<\/tr>\n<tr>\n<td class=\"tg-0djp\">2024<\/td>\n<td class=\"tg-0djp\"><a href=\"https:\/\/psiquiatricodecampeche.com\/DOCUMN\/XXIX\/2024\/Fracci%C3%B3n%2029%201er%20trimestre%202024.xlsx\" target=\"_blank\" rel=\"noopener noreferrer\">1\u00b0Trimestre<\/a><\/td>\n<td class=\"tg-0djp\"><a href=\"https:\/\/psiquiatricodecampeche.com\/DOCUMN\/XXIX\/2024\/Fracci%C3%B3n%2029%202do%20trimestre%202024.xlsx\" target=\"_blank\" rel=\"noopener noreferrer\">2\u00b0Trimestre<\/a><\/td>\n<td class=\"tg-0djp\"><a href=\"https:\/\/psiquiatricodecampeche.com\/DOCUMN\/XXIX\/2024\/Fracci%C3%B3n%2029%203er%20trimestre%202024.xlsx\" target=\"_blank\" rel=\"noopener noreferrer\">3\u00b0Trimestre<\/a><\/td>\n<td class=\"tg-0djp\"><a href=\"https:\/\/psiquiatricodecampeche.com\/DOCUMN\/XXIX\/2024\/Fracci%C3%B3n%2029%204to%20trimestre%202024.xlsx\" target=\"_blank\" rel=\"noopener noreferrer\">4\u00b0Trimestre<\/a><\/td>\n<\/tr>\n<tr>\n<td class=\"tg-0djp\"><span style=\"background-color:transparent\">2023<\/span><\/td>\n<td class=\"tg-0djp\"><a href=\"https:\/\/psiquiatricodecampeche.com\/DOCUMN\/XXIX\/2023\/Fraccion29_1trimestre2023.xls\"><span style=\"background-color:transparent\">1\u00b0Trimestre<\/span><\/a><\/td>\n<td class=\"tg-0djp\"><a href=\"https:\/\/psiquiatricodecampeche.com\/DOCUMN\/XXIX\/2023\/Fraccion29_2trimestre2023.xls\"><span style=\"background-color:transparent\">2\u00b0Trimestre<\/span><\/a><\/td>\n<td class=\"tg-0djp\"><a href=\"https:\/\/psiquiatricodecampeche.com\/DOCUMN\/XXIX\/2023\/Fraccion29_3trimestre2023.xls\"><span style=\"background-color:transparent\">3\u00b0Trimestre<\/span><\/a><\/td>\n<td class=\"tg-0djp\"><a href=\"https:\/\/psiquiatricodecampeche.com\/DOCUMN\/XXIX\/2023\/Fraccion29_4trimestre2023.xls\"><span style=\"background-color:transparent\">4\u00b0Trimestre<\/span><\/a><\/td>\n<\/tr>\n<\/tbody>\n<\/table>\n<\/div>\n<p>[\/et_pb_text][et_pb_text _builder_version=\u00bb4.21.0&#8243; _module_preset=\u00bbdefault\u00bb global_colors_info=\u00bb{}\u00bb]<\/p>\n<p>Para realizar la descarga de clic sobre el periodo correspondiente.<\/p>\n<p>[\/et_pb_text][\/et_pb_column][\/et_pb_row][\/et_pb_section]<\/p>\n","protected":false},"excerpt":{"rendered":"<p>XXIX. INFORMES QUE POR DISPOSICI\u00d3N LEGAL GENEREN LOS SUJETOS OBLIGADOSEn cumplimiento de la presente fracci\u00f3n los sujetos obligados deber\u00e1n publicar una relaci\u00f3n de todos y cada uno de los informes que, de acuerdo con su naturaleza y la normatividad vigente que les resulte aplicable, se encuentren obligados a rendir ante cualquier otro sujeto obligado; asimismo, [&hellip;]<\/p>\n","protected":false},"author":1,"featured_media":0,"parent":0,"menu_order":0,"comment_status":"closed","ping_status":"closed","template":"","meta":{"_et_pb_use_builder":"on","_et_pb_old_content":"","_et_gb_content_width":"","footnotes":""},"class_list":["post-454","page","type-page","status-publish","hentry"],"_links":{"self":[{"href":"https:\/\/transparencia.psiquiatricodecampeche.com\/index.php\/wp-json\/wp\/v2\/pages\/454","targetHints":{"allow":["GET"]}}],"collection":[{"href":"https:\/\/transparencia.psiquiatricodecampeche.com\/index.php\/wp-json\/wp\/v2\/pages"}],"about":[{"href":"https:\/\/transparencia.psiquiatricodecampeche.com\/index.php\/wp-json\/wp\/v2\/types\/page"}],"author":[{"embeddable":true,"href":"https:\/\/transparencia.psiquiatricodecampeche.com\/index.php\/wp-json\/wp\/v2\/users\/1"}],"replies":[{"embeddable":true,"href":"https:\/\/transparencia.psiquiatricodecampeche.com\/index.php\/wp-json\/wp\/v2\/comments?post=454"}],"version-history":[{"count":9,"href":"https:\/\/transparencia.psiquiatricodecampeche.com\/index.php\/wp-json\/wp\/v2\/pages\/454\/revisions"}],"predecessor-version":[{"id":1243,"href":"https:\/\/transparencia.psiquiatricodecampeche.com\/index.php\/wp-json\/wp\/v2\/pages\/454\/revisions\/1243"}],"wp:attachment":[{"href":"https:\/\/transparencia.psiquiatricodecampeche.com\/index.php\/wp-json\/wp\/v2\/media?parent=454"}],"curies":[{"name":"wp","href":"https:\/\/api.w.org\/{rel}","templated":true}]}}