{"id":460,"date":"2023-03-21T21:21:38","date_gmt":"2023-03-21T21:21:38","guid":{"rendered":"https:\/\/transparencia.psiquiatricodecampeche.com\/?page_id=460"},"modified":"2024-03-13T09:09:44","modified_gmt":"2024-03-13T15:09:44","slug":"xxx-estadisticas-que-generen-en-cumplimiento-de-sus-facultades","status":"publish","type":"page","link":"https:\/\/transparencia.psiquiatricodecampeche.com\/index.php\/xxx-estadisticas-que-generen-en-cumplimiento-de-sus-facultades\/","title":{"rendered":"XXX. ESTAD\u00cdSTICAS QUE GENEREN EN CUMPLIMIENTO DE SUS FACULTADES"},"content":{"rendered":"<p>[et_pb_section fb_built=\u00bb1&#8243; _builder_version=\u00bb4.20.0&#8243; _module_preset=\u00bbdefault\u00bb da_disable_devices=\u00bboff|off|off\u00bb global_colors_info=\u00bb{}\u00bb da_is_popup=\u00bboff\u00bb da_exit_intent=\u00bboff\u00bb da_has_close=\u00bbon\u00bb da_alt_close=\u00bboff\u00bb da_dark_close=\u00bboff\u00bb da_not_modal=\u00bbon\u00bb da_is_singular=\u00bboff\u00bb da_with_loader=\u00bboff\u00bb da_has_shadow=\u00bbon\u00bb][et_pb_row _builder_version=\u00bb4.20.0&#8243; _module_preset=\u00bbdefault\u00bb global_colors_info=\u00bb{}\u00bb][et_pb_column type=\u00bb4_4&#8243; _builder_version=\u00bb4.20.0&#8243; _module_preset=\u00bbdefault\u00bb global_colors_info=\u00bb{}\u00bb][et_pb_text _builder_version=\u00bb4.20.2&#8243; _module_preset=\u00bbdefault\u00bb text_font=\u00bbMontserrat|600|||||||\u00bb text_text_color=\u00bb#9F2241&#8243; text_font_size=\u00bb30px\u00bb global_colors_info=\u00bb{}\u00bb]<\/p>\n<p style=\"text-align: center;\">XXX. ESTAD\u00cdSTICAS QUE GENEREN EN CUMPLIMIENTO DE SUS FACULTADES<\/p>\n<p>[\/et_pb_text][\/et_pb_column][\/et_pb_row][et_pb_row _builder_version=\u00bb4.20.0&#8243; _module_preset=\u00bbdefault\u00bb global_colors_info=\u00bb{}\u00bb][et_pb_column type=\u00bb4_4&#8243; _builder_version=\u00bb4.20.0&#8243; _module_preset=\u00bbdefault\u00bb global_colors_info=\u00bb{}\u00bb][et_pb_text _builder_version=\u00bb4.20.2&#8243; _module_preset=\u00bbdefault\u00bb text_font=\u00bbMontserrat|600|||||||\u00bb text_text_color=\u00bb#000000&#8243; text_font_size=\u00bb15px\u00bb text_line_height=\u00bb1em\u00bb global_colors_info=\u00bb{}\u00bb]<\/p>\n<p style=\"text-align: justify;\">Para dar cumplimiento a lo establecido en esta fracci\u00f3n, todos los sujetos obligados deber\u00e1n publicar una relaci\u00f3n de las estad\u00edsticas de cualquier tipo que hayan generado en cumplimiento de sus facultades, competencias y\/o funciones, y vincular a los documentos, bases de datos y\/o sistemas donde se registran los resultados peri\u00f3dicos respectivos, los cuales deber\u00e1n ofrecerse en formato abierto, de acuerdo con el concepto establecido en la Ley General, art\u00edculo 3, fracci\u00f3n X.<\/p>\n<p style=\"text-align: justify;\">Periodo de actualizaci\u00f3n: Trimestral<\/p>\n<p style=\"text-align: justify;\">Unidad(es) Administrativa(s) que genera(n) o posee(n) la informaci\u00f3n: Unidad de Archivo cl\u00ednico y estad\u00edstica.<\/p>\n<p>[\/et_pb_text][\/et_pb_column][\/et_pb_row][et_pb_row _builder_version=\u00bb4.20.1&#8243; _module_preset=\u00bbdefault\u00bb global_colors_info=\u00bb{}\u00bb][et_pb_column type=\u00bb4_4&#8243; _builder_version=\u00bb4.20.1&#8243; _module_preset=\u00bbdefault\u00bb global_colors_info=\u00bb{}\u00bb][et_pb_text _builder_version=\u00bb4.24.2&#8243; _module_preset=\u00bbdefault\u00bb hover_enabled=\u00bb0&#8243; global_colors_info=\u00bb{}\u00bb sticky_enabled=\u00bb0&#8243;]<\/p>\n<table>\n<tbody>\n<tr>\n<td class=\"selected\" colspan=\"8\" style=\"display: table-cell; font-weight: bold; text-align: center; vertical-align: middle; background-color: #9f2241; color: #ffffff;\" rowspan=\"1\">\n<div class=\"wrap\" style=\"justify-content: center;\">\n<div style=\"margin: 10px 5px;\" class=\"\" contenteditable=\"false\">\n<p><span style=\"background-color: transparent; color: white; font-weight: bold;\">FRACCI\u00d3N XXX<\/span><\/p>\n<\/div>\n<\/div>\n<\/td>\n<td style=\"font-weight: bold; background-color: #9f2241; text-align: center; color: #ffffff; vertical-align: middle; display: none;\" rowspan=\"1\" class=\"selected\">\n<div class=\"wrap\" style=\"justify-content: center;\">\n<div style=\"margin: 10px 5px;\"><\/div>\n<\/div>\n<\/td>\n<td style=\"font-weight: bold; background-color: #9f2241; text-align: center; color: #ffffff; vertical-align: middle; display: none;\" rowspan=\"1\" class=\"selected\">\n<div class=\"wrap\" style=\"justify-content: center;\">\n<div style=\"margin: 10px 5px;\"><\/div>\n<\/div>\n<\/td>\n<td style=\"font-weight: bold; background-color: #9f2241; text-align: center; color: #ffffff; vertical-align: middle; display: none;\" rowspan=\"1\" class=\"selected\">\n<div class=\"wrap\" style=\"justify-content: center;\">\n<div style=\"margin: 10px 5px;\"><\/div>\n<\/div>\n<\/td>\n<td style=\"font-weight: bold; background-color: #9f2241; text-align: center; color: #ffffff; vertical-align: middle; display: none;\" rowspan=\"1\" class=\"selected\">\n<div class=\"wrap\" style=\"justify-content: center;\">\n<div style=\"margin: 10px 5px;\"><\/div>\n<\/div>\n<\/td>\n<td style=\"font-weight: bold; background-color: #9f2241; text-align: center; color: #ffffff; vertical-align: middle; display: none;\" rowspan=\"1\" class=\"selected\">\n<div class=\"wrap\" style=\"justify-content: center;\">\n<div style=\"margin: 10px 5px;\"><\/div>\n<\/div>\n<\/td>\n<td style=\"font-weight: bold; background-color: #9f2241; text-align: center; color: #ffffff; vertical-align: middle; display: none;\" rowspan=\"1\" class=\"selected\">\n<div class=\"wrap\" style=\"justify-content: center;\">\n<div style=\"margin: 10px 5px;\"><\/div>\n<\/div>\n<\/td>\n<\/tr>\n<tr>\n<td style=\"font-weight: bold; background-color: #ffffff; text-align: center; color: #000000; vertical-align: middle; display: table-cell;\" colspan=\"1\" rowspan=\"3\" class=\"selected\">\n<div class=\"wrap\" style=\"justify-content: center;\">\n<div style=\"margin: 10px 5px;\">\n<p><span style=\"background-color: transparent; font-weight: bold;\">Estad\u00edsticas que generen en cumplimiento de sus facultades.<\/span><\/p>\n<\/div>\n<\/div>\n<\/td>\n<td style=\"font-weight: bold; background-color: #ffffff; text-align: center; color: #000000; vertical-align: middle; display: table-cell;\" colspan=\"1\" rowspan=\"3\" class=\"selected\">\n<div class=\"wrap\" style=\"justify-content: center;\">\n<div style=\"margin: 10px 5px;\">\n<p><span style=\"background-color: transparent; font-weight: bold;\">TRIMESTRAL<\/span><\/p>\n<\/div>\n<\/div>\n<\/td>\n<td style=\"font-weight: bold; background-color: #ffffff; text-align: center; color: #000000; vertical-align: middle;\" class=\"selected\">\n<div class=\"wrap\" style=\"justify-content: center;\">\n<div style=\"margin: 10px 5px;\">\n<p><span style=\"background-color: transparent; font-weight: bold;\">2023<\/span><\/p>\n<\/div>\n<\/div>\n<\/td>\n<td style=\"font-weight: bold; background-color: #ffffff; text-align: center; color: #000000; vertical-align: middle;\" class=\"selected\">\n<div class=\"wrap\" style=\"justify-content: center;\">\n<div style=\"margin: 10px 5px;\" class=\"\" contenteditable=\"false\">\n<p><a href=\"https:\/\/psiquiatricodecampeche.com\/DOCUMN\/XXX\/2023\/FraccionXXX_1trimestre2023.xls\" data-enable-open-in-new-tab=\"true\"><span style=\"background-color: transparent;\">1\u00b0Trimestre<\/span><\/a><\/p>\n<\/div>\n<\/div>\n<\/td>\n<td style=\"font-weight: bold; background-color: #ffffff; text-align: center; color: #0066cc; vertical-align: middle;\" class=\"selected\">\n<div class=\"wrap\" style=\"justify-content: center;\">\n<div style=\"margin: 10px 5px;\" class=\"\" contenteditable=\"false\">\n<p><a href=\"https:\/\/psiquiatricodecampeche.com\/DOCUMN\/XXX\/2023\/FraccionXXX_2trimestre2023.xls\" data-enable-open-in-new-tab=\"true\"><span>2\u00b0Trimestre<\/span><\/a><\/p>\n<\/div>\n<\/div>\n<\/td>\n<td style=\"font-weight: bold; background-color: #ffffff; text-align: center; color: #0066cc; vertical-align: middle;\" class=\"selected\">\n<div class=\"wrap\" style=\"justify-content: center;\">\n<div style=\"margin: 10px 5px;\" class=\"\" contenteditable=\"false\">\n<p><a href=\"https:\/\/psiquiatricodecampeche.com\/DOCUMN\/XXX\/2023\/FraccionXXX_3trimestre2023.xls\" data-enable-open-in-new-tab=\"false\"><span>3\u00b0Trimestre<\/span><\/a><\/p>\n<\/div>\n<\/div>\n<\/td>\n<td style=\"font-weight: bold; background-color: #ffffff; text-align: center; color: #0066cc; vertical-align: middle;\" class=\"selected\">\n<div class=\"wrap\" style=\"justify-content: center;\">\n<div style=\"margin: 10px 5px;\" class=\"\" contenteditable=\"false\">\n<p><a href=\"https:\/\/psiquiatricodecampeche.com\/DOCUMN\/XXX\/2023\/FraccionXXX_4trimestre2023.xls\" data-enable-open-in-new-tab=\"false\"><span>4\u00b0Trimestre<\/span><\/a><\/p>\n<\/div>\n<\/div>\n<\/td>\n<td style=\"font-weight: bold; background-color: #ffffff; text-align: center; color: #000000; vertical-align: middle; display: table-cell;\" colspan=\"1\" rowspan=\"3\" class=\"selected\">\n<div class=\"wrap\" style=\"justify-content: center;\">\n<div style=\"margin: 10px 5px;\">\n<p><img loading=\"lazy\" decoding=\"async\" src=\"https:\/\/psiquiatricodecampeche.com\/DOCUMN\/img22\/excel%20logo.png\" alt=\"EXCEL\" width=\"30\" style=\"width: 30px; max-width: 30px; height: 29px; max-height: 29px;\" height=\"29\" \/><\/p>\n<\/div>\n<\/div>\n<\/td>\n<\/tr>\n<tr>\n<td style=\"font-weight: bold; background-color: #ffffff; text-align: center; color: #000000; vertical-align: middle; display: none;\" colspan=\"1\" class=\"selected\">\n<div class=\"wrap\" style=\"justify-content: center;\">\n<div style=\"margin: 10px 5px;\"><\/div>\n<\/div>\n<\/td>\n<td style=\"font-weight: bold; background-color: #ffffff; text-align: center; color: #000000; vertical-align: middle; display: none;\" colspan=\"1\" class=\"selected\">\n<div class=\"wrap\" style=\"justify-content: center;\">\n<div style=\"margin: 10px 5px;\"><\/div>\n<\/div>\n<\/td>\n<td style=\"font-weight: bold; background-color: #ffffff; text-align: center; color: #000000; vertical-align: middle;\" class=\"selected\">\n<div class=\"wrap\" style=\"justify-content: center;\">\n<div style=\"margin: 10px 5px;\">\n<p><span style=\"background-color: transparent; font-weight: bold;\">2022<\/span><\/p>\n<\/div>\n<\/div>\n<\/td>\n<td style=\"font-weight: bold; background-color: #ffffff; text-align: center; color: #000000; vertical-align: middle;\" class=\"selected\">\n<div class=\"wrap\" style=\"justify-content: center;\">\n<div style=\"margin: 10px 5px;\">\n<p><a href=\"https:\/\/psiquiatricodecampeche.com\/DOCUMN\/XXX\/PNT\/2022\/Fracci%C3%B3n%20XXX%201ER%20TRIMESTRE%202022.xls\" data-enable-open-in-new-tab=\"true\"><span style=\"background-color: transparent; text-decoration: none;\">1\u00b0Trimestre<\/span><\/a><\/p>\n<\/div>\n<\/div>\n<\/td>\n<td style=\"font-weight: bold; background-color: #ffffff; text-align: center; color: #000000; vertical-align: middle;\" class=\"selected\">\n<div class=\"wrap\" style=\"justify-content: center;\">\n<div style=\"margin: 10px 5px;\">\n<p><a href=\"https:\/\/psiquiatricodecampeche.com\/DOCUMN\/XXX\/PNT\/2022\/Fracci%C3%B3n%20XXX%202DO%20TRIMESTRE%202022.xls\" data-enable-open-in-new-tab=\"true\"><span style=\"background-color: transparent; text-decoration: none;\">2\u00b0Trimestre<\/span><\/a><\/p>\n<\/div>\n<\/div>\n<\/td>\n<td style=\"font-weight: bold; background-color: #ffffff; text-align: center; color: #000000; vertical-align: middle;\" class=\"selected\">\n<div class=\"wrap\" style=\"justify-content: center;\">\n<div style=\"margin: 10px 5px;\">\n<p><a href=\"https:\/\/psiquiatricodecampeche.com\/DOCUMN\/XXX\/PNT\/2022\/Fracci%C3%B3n%20XXX%203ER%20TRIMESTRE%202022.xls\" data-enable-open-in-new-tab=\"true\"><span style=\"background-color: transparent; text-decoration: none;\">3\u00b0Trimestre<\/span><\/a><\/p>\n<\/div>\n<\/div>\n<\/td>\n<td style=\"font-weight: bold; background-color: #ffffff; text-align: center; color: #000000; vertical-align: middle;\" class=\"selected\">\n<div class=\"wrap\" style=\"justify-content: center;\">\n<div style=\"margin: 10px 5px;\">\n<p><a href=\"https:\/\/psiquiatricodecampeche.com\/DOCUMN\/XXX\/PNT\/2022\/Fracci%C3%B3n%20XXX%204TO%20TRIMESTRE%202022.xls\" data-enable-open-in-new-tab=\"true\"><span style=\"background-color: transparent; text-decoration: none;\">4\u00b0Trimestre<\/span><\/a><\/p>\n<\/div>\n<\/div>\n<\/td>\n<\/tr>\n<tr>\n<td style=\"font-weight: bold; background-color: #ffffff; text-align: center; color: #000000; vertical-align: middle; display: none;\" colspan=\"1\" class=\"selected\">\n<div class=\"wrap\" style=\"justify-content: center;\">\n<div style=\"margin: 10px 5px;\"><\/div>\n<\/div>\n<\/td>\n<td style=\"font-weight: bold; background-color: #ffffff; text-align: center; color: #000000; vertical-align: middle; display: none;\" colspan=\"1\" class=\"selected\">\n<div class=\"wrap\" style=\"justify-content: center;\">\n<div style=\"margin: 10px 5px;\"><\/div>\n<\/div>\n<\/td>\n<td style=\"font-weight: bold; background-color: #ffffff; text-align: center; color: #000000; vertical-align: middle;\" class=\"selected\">\n<div class=\"wrap\" style=\"justify-content: center;\">\n<div style=\"margin: 10px 5px;\">\n<p><span style=\"background-color: transparent; font-weight: bold;\">2021<\/span><\/p>\n<\/div>\n<\/div>\n<\/td>\n<td style=\"font-weight: bold; background-color: #ffffff; text-align: center; color: #000000; vertical-align: middle;\" class=\"selected\">\n<div class=\"wrap\" style=\"justify-content: center;\">\n<div style=\"margin: 10px 5px;\">\n<p><a href=\"https:\/\/psiquiatricodecampeche.com\/DOCUMN\/XXX\/PNT\/2021\/Fracci%C3%B3n%20XXX%201ER%20TRIMESTRE%202021.xls\" data-enable-open-in-new-tab=\"true\"><span style=\"background-color: transparent; text-decoration: none;\">1\u00b0Trimestre<\/span><\/a><\/p>\n<\/div>\n<\/div>\n<\/td>\n<td style=\"font-weight: bold; background-color: #ffffff; text-align: center; color: #000000; vertical-align: middle;\" class=\"selected\">\n<div class=\"wrap\" style=\"justify-content: center;\">\n<div style=\"margin: 10px 5px;\">\n<p><a href=\"https:\/\/psiquiatricodecampeche.com\/DOCUMN\/XXX\/PNT\/2021\/Fracci%C3%B3n%20XXX%202DO%20TRIMESTRE%202021.xls\" data-enable-open-in-new-tab=\"true\"><span style=\"background-color: transparent; text-decoration: none;\">2\u00b0Trimestre<\/span><\/a><\/p>\n<\/div>\n<\/div>\n<\/td>\n<td style=\"font-weight: bold; background-color: #ffffff; text-align: center; color: #000000; vertical-align: middle;\" class=\"selected\">\n<div class=\"wrap\" style=\"justify-content: center;\">\n<div style=\"margin: 10px 5px;\" class=\"\" contenteditable=\"false\">\n<p><a href=\"https:\/\/psiquiatricodecampeche.com\/DOCUMN\/XXX\/PNT\/2021\/Fracci%C3%B3n%20XXX%203ER%20TRIMESTRE%202021.xls\" data-enable-open-in-new-tab=\"true\"><span style=\"background-color: transparent; text-decoration: none;\">3\u00b0Trimestre<\/span><\/a><\/p>\n<\/div>\n<\/div>\n<\/td>\n<td style=\"font-weight: bold; background-color: #ffffff; text-align: center; color: #000000; vertical-align: middle;\" class=\"selected\">\n<div class=\"wrap\" style=\"justify-content: center;\">\n<div style=\"margin: 10px 5px;\">\n<p><a href=\"https:\/\/psiquiatricodecampeche.com\/DOCUMN\/XXX\/PNT\/2021\/Fracci%C3%B3n%20XXX%204TO%20TRIMESTRE%202021.xls\" data-enable-open-in-new-tab=\"true\"><span style=\"background-color: transparent; text-decoration: none;\">4\u00b0Trimestre<\/span><\/a><\/p>\n<\/div>\n<\/div>\n<\/td>\n<\/tr>\n<\/tbody>\n<\/table>\n<p>[\/et_pb_text][et_pb_text _builder_version=\u00bb4.21.0&#8243; _module_preset=\u00bbdefault\u00bb global_colors_info=\u00bb{}\u00bb]<\/p>\n<p>Para realizar la descarga de clic sobre el periodo correspondiente.<\/p>\n<p>[\/et_pb_text][\/et_pb_column][\/et_pb_row][\/et_pb_section]<\/p>\n","protected":false},"excerpt":{"rendered":"<p>XXX. ESTAD\u00cdSTICAS QUE GENEREN EN CUMPLIMIENTO DE SUS FACULTADESPara dar cumplimiento a lo establecido en esta fracci\u00f3n, todos los sujetos obligados deber\u00e1n publicar una relaci\u00f3n de las estad\u00edsticas de cualquier tipo que hayan generado en cumplimiento de sus facultades, competencias y\/o funciones, y vincular a los documentos, bases de datos y\/o sistemas donde se registran [&hellip;]<\/p>\n","protected":false},"author":1,"featured_media":0,"parent":0,"menu_order":0,"comment_status":"closed","ping_status":"closed","template":"","meta":{"_et_pb_use_builder":"on","_et_pb_old_content":"","_et_gb_content_width":"","footnotes":""},"class_list":["post-460","page","type-page","status-publish","hentry"],"_links":{"self":[{"href":"https:\/\/transparencia.psiquiatricodecampeche.com\/index.php\/wp-json\/wp\/v2\/pages\/460","targetHints":{"allow":["GET"]}}],"collection":[{"href":"https:\/\/transparencia.psiquiatricodecampeche.com\/index.php\/wp-json\/wp\/v2\/pages"}],"about":[{"href":"https:\/\/transparencia.psiquiatricodecampeche.com\/index.php\/wp-json\/wp\/v2\/types\/page"}],"author":[{"embeddable":true,"href":"https:\/\/transparencia.psiquiatricodecampeche.com\/index.php\/wp-json\/wp\/v2\/users\/1"}],"replies":[{"embeddable":true,"href":"https:\/\/transparencia.psiquiatricodecampeche.com\/index.php\/wp-json\/wp\/v2\/comments?post=460"}],"version-history":[{"count":9,"href":"https:\/\/transparencia.psiquiatricodecampeche.com\/index.php\/wp-json\/wp\/v2\/pages\/460\/revisions"}],"predecessor-version":[{"id":1030,"href":"https:\/\/transparencia.psiquiatricodecampeche.com\/index.php\/wp-json\/wp\/v2\/pages\/460\/revisions\/1030"}],"wp:attachment":[{"href":"https:\/\/transparencia.psiquiatricodecampeche.com\/index.php\/wp-json\/wp\/v2\/media?parent=460"}],"curies":[{"name":"wp","href":"https:\/\/api.w.org\/{rel}","templated":true}]}}