{"id":480,"date":"2023-03-22T18:45:24","date_gmt":"2023-03-22T18:45:24","guid":{"rendered":"https:\/\/transparencia.psiquiatricodecampeche.com\/?page_id=480"},"modified":"2025-10-08T11:37:51","modified_gmt":"2025-10-08T17:37:51","slug":"xxxii-padron-de-proveedores-y-contratistas","status":"publish","type":"page","link":"https:\/\/transparencia.psiquiatricodecampeche.com\/index.php\/xxxii-padron-de-proveedores-y-contratistas\/","title":{"rendered":"XXXII. PADR\u00d3N DE PROVEEDORES Y CONTRATISTAS"},"content":{"rendered":"<p>[et_pb_section fb_built=\u00bb1&#8243; _builder_version=\u00bb4.20.0&#8243; _module_preset=\u00bbdefault\u00bb da_disable_devices=\u00bboff|off|off\u00bb global_colors_info=\u00bb{}\u00bb da_is_popup=\u00bboff\u00bb da_exit_intent=\u00bboff\u00bb da_has_close=\u00bbon\u00bb da_alt_close=\u00bboff\u00bb da_dark_close=\u00bboff\u00bb da_not_modal=\u00bbon\u00bb da_is_singular=\u00bboff\u00bb da_with_loader=\u00bboff\u00bb da_has_shadow=\u00bbon\u00bb][et_pb_row _builder_version=\u00bb4.20.0&#8243; _module_preset=\u00bbdefault\u00bb global_colors_info=\u00bb{}\u00bb][et_pb_column type=\u00bb4_4&#8243; _builder_version=\u00bb4.20.0&#8243; _module_preset=\u00bbdefault\u00bb global_colors_info=\u00bb{}\u00bb][et_pb_text _builder_version=\u00bb4.20.2&#8243; _module_preset=\u00bbdefault\u00bb text_font=\u00bbMontserrat|600|||||||\u00bb text_text_color=\u00bb#9F2241&#8243; text_font_size=\u00bb30px\u00bb global_colors_info=\u00bb{}\u00bb]<\/p>\n<p style=\"text-align: center;\">XXXII. PADR\u00d3N DE PROVEEDORES Y CONTRATISTAS<\/p>\n<p>[\/et_pb_text][\/et_pb_column][\/et_pb_row][et_pb_row _builder_version=\u00bb4.20.0&#8243; _module_preset=\u00bbdefault\u00bb global_colors_info=\u00bb{}\u00bb][et_pb_column type=\u00bb4_4&#8243; _builder_version=\u00bb4.20.0&#8243; _module_preset=\u00bbdefault\u00bb global_colors_info=\u00bb{}\u00bb][et_pb_text _builder_version=\u00bb4.20.2&#8243; _module_preset=\u00bbdefault\u00bb text_font=\u00bbMontserrat|600|||||||\u00bb text_text_color=\u00bb#000000&#8243; text_font_size=\u00bb15px\u00bb text_line_height=\u00bb1em\u00bb global_colors_info=\u00bb{}\u00bb]<\/p>\n<p style=\"text-align: justify;\">En cumplimiento a la presente fracci\u00f3n, los sujetos obligados deber\u00e1n publicar un padr\u00f3n con informaci\u00f3n relativa a las personas f\u00edsicas y morales con las que celebren contratos de adquisiciones, arrendamientos, servicios, obras p\u00fablicas y\/o servicios relacionados con las mismas, que deber\u00e1 actualizarse por lo menos cada tres meses.<\/p>\n<p style=\"text-align: justify;\">Periodo de actualizaci\u00f3n: Trimestral<\/p>\n<p style=\"text-align: justify;\">Unidad(es) Administrativa(s) que genera(n) o posee(n) la informaci\u00f3n: Subdirecci\u00f3n Administrativa<\/p>\n<p>[\/et_pb_text][\/et_pb_column][\/et_pb_row][et_pb_row _builder_version=\u00bb4.20.0&#8243; _module_preset=\u00bbdefault\u00bb global_colors_info=\u00bb{}\u00bb][et_pb_column type=\u00bb4_4&#8243; _builder_version=\u00bb4.20.0&#8243; _module_preset=\u00bbdefault\u00bb global_colors_info=\u00bb{}\u00bb][et_pb_text _builder_version=\u00bb4.27.4&#8243; _module_preset=\u00bbdefault\u00bb hover_enabled=\u00bb0&#8243; global_colors_info=\u00bb{}\u00bb sticky_enabled=\u00bb0&#8243;]<\/p>\n<table>\n<tbody>\n<tr>\n<td class=\"selected\" colspan=\"8\" style=\"display: table-cell; text-align: center; vertical-align: middle; font-weight: bold; background-color: #9f2241; color: #ffffff; border-color: #000000;\" rowspan=\"1\">\n<div class=\"wrap\" style=\"justify-content: center;\">\n<div style=\"margin: 10px 5px;\" class=\"\" contenteditable=\"false\">\n<p><span style=\"background-color: transparent; color: #ffffff;\">FRACCI\u00d3N XXXII<\/span><\/p>\n<\/div>\n<\/div>\n<\/td>\n<td style=\"font-weight: bold; background-color: #9f2241; text-align: center; color: #ffffff; vertical-align: middle; display: none; border-color: #000000;\" rowspan=\"1\" class=\"selected\">\n<div class=\"wrap\" style=\"justify-content: center;\">\n<div style=\"margin: 10px 5px;\"><\/div>\n<\/div>\n<\/td>\n<td style=\"font-weight: bold; background-color: #9f2241; text-align: center; color: #ffffff; vertical-align: middle; display: none; border-color: #000000;\" rowspan=\"1\" class=\"selected\">\n<div class=\"wrap\" style=\"justify-content: center;\">\n<div style=\"margin: 10px 5px;\"><\/div>\n<\/div>\n<\/td>\n<td style=\"font-weight: bold; background-color: #9f2241; text-align: center; color: #ffffff; vertical-align: middle; display: none; border-color: #000000;\" rowspan=\"1\" class=\"selected\">\n<div class=\"wrap\" style=\"justify-content: center;\">\n<div style=\"margin: 10px 5px;\"><\/div>\n<\/div>\n<\/td>\n<td style=\"font-weight: bold; background-color: #9f2241; text-align: center; color: #ffffff; vertical-align: middle; display: none; border-color: #000000;\" rowspan=\"1\" class=\"selected\">\n<div class=\"wrap\" style=\"justify-content: center;\">\n<div style=\"margin: 10px 5px;\"><\/div>\n<\/div>\n<\/td>\n<td style=\"font-weight: bold; background-color: #9f2241; text-align: center; color: #ffffff; vertical-align: middle; display: none; border-color: #000000;\" rowspan=\"1\" class=\"selected\">\n<div class=\"wrap\" style=\"justify-content: center;\">\n<div style=\"margin: 10px 5px;\"><\/div>\n<\/div>\n<\/td>\n<td style=\"font-weight: bold; background-color: #9f2241; text-align: center; color: #ffffff; vertical-align: middle; display: none; border-color: #000000;\" rowspan=\"1\" class=\"selected\">\n<div class=\"wrap\" style=\"justify-content: center;\">\n<div style=\"margin: 10px 5px;\"><\/div>\n<\/div>\n<\/td>\n<\/tr>\n<tr>\n<td style=\"background-color: #ffffff; text-align: center; color: #000000; vertical-align: middle; display: table-cell; border-color: #000000;\" colspan=\"1\" rowspan=\"2\" class=\"selected\">\n<div class=\"wrap\" style=\"justify-content: center;\">\n<div style=\"margin: 10px 5px;\">\n<p><span style=\"background-color: transparent;\">Padr\u00f3n de proveedores y contratistas.<\/span><\/p>\n<\/div>\n<\/div>\n<\/td>\n<td style=\"font-weight: normal; background-color: #ffffff; text-align: center; color: #000000; vertical-align: middle; display: table-cell; border-color: #000000;\" colspan=\"1\" rowspan=\"2\" class=\"selected\">\n<div class=\"wrap\" style=\"justify-content: center;\">\n<div style=\"margin: 10px 5px;\" class=\"\" contenteditable=\"false\">\n<p><span style=\"background-color: transparent; font-weight: bold;\">TRIMESTRAL<\/span><\/p>\n<p><span style=\"background-color: transparent;\">Del a\u00f1o en curso y del pasado.<\/span><\/p>\n<\/div>\n<\/div>\n<\/td>\n<td style=\"font-weight: bold; background-color: #ffffff; text-align: center; color: #000000; vertical-align: middle; border-color: #000000;\" class=\"selected\">\n<div class=\"wrap\" style=\"justify-content: center;\">\n<div style=\"margin: 10px 5px;\">\n<p><span style=\"background-color: transparent; font-weight: bold;\">2024<\/span><\/p>\n<\/div>\n<\/div>\n<\/td>\n<td style=\"font-weight: bold; background-color: #ffffff; text-align: center; color: #000000; vertical-align: middle; border-color: #000000;\" class=\"selected\">\n<div class=\"wrap\" style=\"justify-content: center;\">\n<div style=\"margin: 10px 5px;\" class=\"\" contenteditable=\"false\">\n<p><a href=\"https:\/\/psiquiatricodecampeche.com\/DOCUMN\/XXXII\/2024\/N_F32_LTAIPEC_Art74FrXXXII-1TRIM24.xlsx\" data-enable-open-in-new-tab=\"false\"><span>1\u00b0Trimestre<\/span><\/a><\/p>\n<\/div>\n<\/div>\n<\/td>\n<td style=\"font-weight: bold; background-color: #ffffff; text-align: center; color: #000000; vertical-align: middle; border-color: #000000;\" class=\"selected\">\n<div class=\"wrap\" style=\"justify-content: center;\">\n<div style=\"margin: 10px 5px;\" class=\"\" contenteditable=\"false\">\n<p><a href=\"https:\/\/psiquiatricodecampeche.com\/DOCUMN\/XXXII\/2024\/N_F32_LTAIPEC_Art74FrXXXII-2TRIM24.xlsx\" data-enable-open-in-new-tab=\"false\"><span>2\u00b0Trimestre<\/span><\/a><\/p>\n<\/div>\n<\/div>\n<\/td>\n<td style=\"font-weight: bold; background-color: #ffffff; text-align: center; color: #000000; vertical-align: middle; border-color: #000000;\" class=\"selected\">\n<div class=\"wrap\" style=\"justify-content: center;\">\n<div style=\"margin: 10px 5px;\" class=\"\" contenteditable=\"false\">\n<p><a href=\"https:\/\/psiquiatricodecampeche.com\/DOCUMN\/XXXII\/2024\/N_F32_LTAIPEC_Art74FrXXXII-3TRIM24.xlsx\" data-enable-open-in-new-tab=\"false\"><span>3\u00b0Trimestre<\/span><\/a><\/p>\n<\/div>\n<\/div>\n<\/td>\n<td style=\"font-weight: bold; background-color: #ffffff; text-align: center; color: #000000; vertical-align: middle; border-color: #000000;\" class=\"selected\">\n<div class=\"wrap\" style=\"justify-content: center;\">\n<div style=\"margin: 10px 5px;\" class=\"\" contenteditable=\"false\">\n<p><a href=\"https:\/\/psiquiatricodecampeche.com\/DOCUMN\/XXXII\/2024\/N_F32_LTAIPEC_Art74FrXXXII-4TRIM24.xlsx\" data-enable-open-in-new-tab=\"false\"><span>4\u00b0Trimestre<\/span><\/a><\/p>\n<\/div>\n<\/div>\n<\/td>\n<td style=\"font-weight: bold; background-color: #ffffff; text-align: center; color: #666666; vertical-align: middle; display: table-cell; border-color: #000000;\" colspan=\"1\" rowspan=\"2\" class=\"selected\">\n<div class=\"wrap\" style=\"justify-content: center;\">\n<div style=\"margin: 10px 5px;\">\n<p><img loading=\"lazy\" decoding=\"async\" src=\"https:\/\/psiquiatricodecampeche.com\/DOCUMN\/img22\/excel%20logo.png\" alt=\"EXCEL\" width=\"30\" style=\"width: 30px; max-width: 30px; height: 29px; max-height: 29px;\" height=\"29\" \/><\/p>\n<\/div>\n<\/div>\n<\/td>\n<\/tr>\n<tr>\n<td style=\"background-color: #ffffff; text-align: center; color: #000000; vertical-align: middle; display: none; border-color: #000000;\" colspan=\"1\" class=\"selected\">\n<div class=\"wrap\" style=\"justify-content: center;\">\n<div style=\"margin: 10px 5px;\"><\/div>\n<\/div>\n<\/td>\n<td style=\"font-weight: bold; background-color: #ffffff; text-align: center; color: #000000; vertical-align: middle; display: none; border-color: #000000;\" colspan=\"1\" class=\"selected\">\n<div class=\"wrap\" style=\"justify-content: center;\">\n<div style=\"margin: 10px 5px;\"><\/div>\n<\/div>\n<\/td>\n<td style=\"font-weight: bold; background-color: #ffffff; text-align: center; color: #000000; vertical-align: middle; border-color: #000000;\" class=\"selected\">\n<div class=\"wrap\" style=\"justify-content: center;\">\n<div style=\"margin: 10px 5px;\">\n<p><span style=\"background-color: transparent; font-weight: bold;\">2025<\/span><\/p>\n<\/div>\n<\/div>\n<\/td>\n<td style=\"font-weight: bold; background-color: #ffffff; text-align: center; color: #000000; vertical-align: middle; border-color: #000000;\" class=\"selected\">\n<div class=\"wrap\" style=\"justify-content: center;\">\n<div style=\"margin: 10px 5px;\">\n<p><a href=\"https:\/\/psiquiatricodecampeche.com\/DOCUMN\/XXXII\/2025\/N_F32_LTAIPEC_Art74FrXXXII-1TRIM25.xlsx\" data-enable-open-in-new-tab=\"true\"><span style=\"background-color: transparent; text-decoration: none;\">1\u00b0Trimestre<\/span><\/a><\/p>\n<\/div>\n<\/div>\n<\/td>\n<td style=\"font-weight: bold; background-color: #ffffff; text-align: center; color: #000000; vertical-align: middle; border-color: #000000;\" class=\"selected\">\n<div class=\"wrap\" style=\"justify-content: center;\">\n<div style=\"margin: 10px 5px;\">\n<p><a href=\"https:\/\/psiquiatricodecampeche.com\/DOCUMN\/XXXII\/2025\/N_F32_LTAIPEC_Art74FrXXXII-2TRIM25.xlsx\" data-enable-open-in-new-tab=\"true\"><span style=\"background-color: transparent; text-decoration: none;\">2\u00b0Trimestre<\/span><\/a><\/p>\n<\/div>\n<\/div>\n<\/td>\n<td style=\"font-weight: bold; background-color: #ffffff; text-align: center; color: #000000; vertical-align: middle; border-color: #000000;\" class=\"selected\">\n<div class=\"wrap\" style=\"justify-content: center;\">\n<div style=\"margin: 10px 5px;\">\n<p><a href=\"\" data-enable-open-in-new-tab=\"true\"><span style=\"background-color: transparent; text-decoration: none;\">3\u00b0Trimestre<\/span><\/a><\/p>\n<\/div>\n<\/div>\n<\/td>\n<td style=\"font-weight: bold; background-color: #ffffff; text-align: center; color: #000000; vertical-align: middle; border-color: #000000;\" class=\"selected\">\n<div class=\"wrap\" style=\"justify-content: center;\">\n<div style=\"margin: 10px 5px;\">\n<p><a href=\"\" data-enable-open-in-new-tab=\"true\"><span style=\"background-color: transparent; text-decoration: none;\">4\u00b0Trimestre<\/span><\/a><\/p>\n<\/div>\n<\/div>\n<\/td>\n<\/tr>\n<\/tbody>\n<\/table>\n<p>[\/et_pb_text][et_pb_text _builder_version=\u00bb4.21.0&#8243; _module_preset=\u00bbdefault\u00bb global_colors_info=\u00bb{}\u00bb]<\/p>\n<p>Para realizar la descarga de clic sobre el periodo correspondiente.<\/p>\n<p>[\/et_pb_text][\/et_pb_column][\/et_pb_row][\/et_pb_section]<\/p>\n","protected":false},"excerpt":{"rendered":"<p>XXXII. PADR\u00d3N DE PROVEEDORES Y CONTRATISTASEn cumplimiento a la presente fracci\u00f3n, los sujetos obligados deber\u00e1n publicar un padr\u00f3n con informaci\u00f3n relativa a las personas f\u00edsicas y morales con las que celebren contratos de adquisiciones, arrendamientos, servicios, obras p\u00fablicas y\/o servicios relacionados con las mismas, que deber\u00e1 actualizarse por lo menos cada tres meses. Periodo de [&hellip;]<\/p>\n","protected":false},"author":1,"featured_media":0,"parent":0,"menu_order":0,"comment_status":"closed","ping_status":"closed","template":"","meta":{"_et_pb_use_builder":"on","_et_pb_old_content":"","_et_gb_content_width":"","footnotes":""},"class_list":["post-480","page","type-page","status-publish","hentry"],"_links":{"self":[{"href":"https:\/\/transparencia.psiquiatricodecampeche.com\/index.php\/wp-json\/wp\/v2\/pages\/480","targetHints":{"allow":["GET"]}}],"collection":[{"href":"https:\/\/transparencia.psiquiatricodecampeche.com\/index.php\/wp-json\/wp\/v2\/pages"}],"about":[{"href":"https:\/\/transparencia.psiquiatricodecampeche.com\/index.php\/wp-json\/wp\/v2\/types\/page"}],"author":[{"embeddable":true,"href":"https:\/\/transparencia.psiquiatricodecampeche.com\/index.php\/wp-json\/wp\/v2\/users\/1"}],"replies":[{"embeddable":true,"href":"https:\/\/transparencia.psiquiatricodecampeche.com\/index.php\/wp-json\/wp\/v2\/comments?post=480"}],"version-history":[{"count":10,"href":"https:\/\/transparencia.psiquiatricodecampeche.com\/index.php\/wp-json\/wp\/v2\/pages\/480\/revisions"}],"predecessor-version":[{"id":1190,"href":"https:\/\/transparencia.psiquiatricodecampeche.com\/index.php\/wp-json\/wp\/v2\/pages\/480\/revisions\/1190"}],"wp:attachment":[{"href":"https:\/\/transparencia.psiquiatricodecampeche.com\/index.php\/wp-json\/wp\/v2\/media?parent=480"}],"curies":[{"name":"wp","href":"https:\/\/api.w.org\/{rel}","templated":true}]}}