{"id":485,"date":"2023-03-22T18:54:03","date_gmt":"2023-03-22T18:54:03","guid":{"rendered":"https:\/\/transparencia.psiquiatricodecampeche.com\/?page_id=485"},"modified":"2025-10-21T08:35:36","modified_gmt":"2025-10-21T14:35:36","slug":"xxxiii-convenios-de-coordinacion-de-concertacion-con-el-sector-social-o-privado","status":"publish","type":"page","link":"https:\/\/transparencia.psiquiatricodecampeche.com\/index.php\/xxxiii-convenios-de-coordinacion-de-concertacion-con-el-sector-social-o-privado\/","title":{"rendered":"XXXIII. CONVENIOS DE COORDINACI\u00d3N, DE CONCERTACI\u00d3N CON EL SECTOR SOCIAL O PRIVADO"},"content":{"rendered":"<p>[et_pb_section fb_built=\u00bb1&#8243; _builder_version=\u00bb4.20.0&#8243; _module_preset=\u00bbdefault\u00bb da_disable_devices=\u00bboff|off|off\u00bb global_colors_info=\u00bb{}\u00bb da_is_popup=\u00bboff\u00bb da_exit_intent=\u00bboff\u00bb da_has_close=\u00bbon\u00bb da_alt_close=\u00bboff\u00bb da_dark_close=\u00bboff\u00bb da_not_modal=\u00bbon\u00bb da_is_singular=\u00bboff\u00bb da_with_loader=\u00bboff\u00bb da_has_shadow=\u00bbon\u00bb][et_pb_row _builder_version=\u00bb4.20.0&#8243; _module_preset=\u00bbdefault\u00bb global_colors_info=\u00bb{}\u00bb][et_pb_column type=\u00bb4_4&#8243; _builder_version=\u00bb4.20.0&#8243; _module_preset=\u00bbdefault\u00bb global_colors_info=\u00bb{}\u00bb][et_pb_text _builder_version=\u00bb4.20.2&#8243; _module_preset=\u00bbdefault\u00bb text_font=\u00bbMontserrat|600|||||||\u00bb text_text_color=\u00bb#9F2241&#8243; text_font_size=\u00bb30px\u00bb global_colors_info=\u00bb{}\u00bb]<\/p>\n<p style=\"text-align: center;\">XXXIII. CONVENIOS DE COORDINACI\u00d3N, DE CONCERTACI\u00d3N CON EL SECTOR SOCIAL O PRIVADO<\/p>\n<p>[\/et_pb_text][\/et_pb_column][\/et_pb_row][et_pb_row _builder_version=\u00bb4.20.0&#8243; _module_preset=\u00bbdefault\u00bb global_colors_info=\u00bb{}\u00bb][et_pb_column type=\u00bb4_4&#8243; _builder_version=\u00bb4.20.0&#8243; _module_preset=\u00bbdefault\u00bb global_colors_info=\u00bb{}\u00bb][et_pb_text _builder_version=\u00bb4.20.2&#8243; _module_preset=\u00bbdefault\u00bb text_font=\u00bbMontserrat|600|||||||\u00bb text_text_color=\u00bb#000000&#8243; text_font_size=\u00bb15px\u00bb text_line_height=\u00bb1em\u00bb global_colors_info=\u00bb{}\u00bb]<\/p>\n<p style=\"text-align: justify;\">Todos los sujetos obligados deber\u00e1n publicar la informaci\u00f3n relativa a cualquier convenio de coordinaci\u00f3n que suscriban para lograr los objetivos de la planeaci\u00f3n nacional del desarrollo. Se entender\u00e1 que los convenios de coordinaci\u00f3n se celebran entre los organismos p\u00fablicos de la federaci\u00f3n, las entidades federativas y los municipios; en tanto que los de concertaci\u00f3n son celebrados con los sectores social y privado.<\/p>\n<p style=\"text-align: justify;\">Periodo de actualizaci\u00f3n: Trimestral<\/p>\n<p style=\"text-align: justify;\">Unidad(es) Administrativa(s) que genera(n) o posee(n) la informaci\u00f3n: Unidad Jur\u00eddica<\/p>\n<p>[\/et_pb_text][\/et_pb_column][\/et_pb_row][et_pb_row _builder_version=\u00bb4.20.0&#8243; _module_preset=\u00bbdefault\u00bb global_colors_info=\u00bb{}\u00bb][et_pb_column type=\u00bb4_4&#8243; _builder_version=\u00bb4.20.0&#8243; _module_preset=\u00bbdefault\u00bb global_colors_info=\u00bb{}\u00bb][et_pb_text _builder_version=\u00bb4.27.4&#8243; _module_preset=\u00bbdefault\u00bb hover_enabled=\u00bb0&#8243; global_colors_info=\u00bb{}\u00bb sticky_enabled=\u00bb0&#8243;]<\/p>\n<style type=\"text\/css\">\n.tg  {border-collapse:collapse;border-spacing:0;margin:0px auto;}\n.tg td{border-color:black;border-style:solid;border-width:1px;font-family:Arial, sans-serif;font-size:14px;\n  overflow:hidden;padding:10px 5px;word-break:normal;}\n.tg th{border-color:black;border-style:solid;border-width:1px;font-family:Arial, sans-serif;font-size:14px;\n  font-weight:normal;overflow:hidden;padding:10px 5px;word-break:normal;}\n.tg .tg-v3k7{background-color:#9F2241;color:#FFF;font-weight:bold;text-align:center;vertical-align:top}\n.tg .tg-0djp{background-color:#FFF;color:#000000;font-weight:bold;text-align:center;vertical-align:middle}\n@media screen and (max-width: 767px) {.tg {width: auto !important;}.tg col {width: auto !important;}.tg-wrap {overflow-x: auto;-webkit-overflow-scrolling: touch;margin: auto 0px;}}<\/style>\n<div class=\"tg-wrap\">\n<table class=\"tg\">\n<thead>\n<tr>\n<th class=\"tg-v3k7\" colspan=\"8\"><span style=\"font-weight:bold;color:#FFF;background-color:transparent\">FRACCI\u00d3N XXXIII<\/span><\/th>\n<\/tr>\n<\/thead>\n<tbody>\n<tr>\n<td class=\"tg-0djp\" rowspan=\"2\"><span style=\"background-color:transparent\">Convenios de coordinaci\u00f3n, de concertaci\u00f3n con el sector social o privado.<\/span><\/td>\n<td class=\"tg-0djp\" rowspan=\"2\"><span style=\"font-weight:bold;background-color:transparent\">TRIMESTRAL<\/span><br \/><span style=\"background-color:transparent\">Del a\u00f1o en curso y del pasado.<\/span><\/td>\n<td class=\"tg-0djp\">2025<\/td>\n<td class=\"tg-0djp\"><a href=\"https:\/\/psiquiatricodecampeche.com\/DOCUMN\/XXXIII\/2025\/Fracci%C3%B3n%2033%201er%20trimestre%202025.xlsx\" target=\"_blank\" rel=\"noopener noreferrer\">1\u00b0Trimestre<\/a><\/td>\n<td class=\"tg-0djp\"><a href=\"https:\/\/psiquiatricodecampeche.com\/DOCUMN\/XXXIII\/2025\/Fracci%C3%B3n%2033%202do%20trimestre%202025.xlsx\" target=\"_blank\" rel=\"noopener noreferrer\">2\u00b0Trimestre<\/a><\/td>\n<td class=\"tg-0djp\">&#8211;<\/td>\n<td class=\"tg-0djp\">&#8211;<\/td>\n<td class=\"tg-0djp\" rowspan=\"2\"><img loading=\"lazy\" decoding=\"async\" src=\"https:\/\/psiquiatricodecampeche.com\/DOCUMN\/img22\/excel%20logo.png\" alt=\"EXCEL\" width=\"30\" height=\"29\"><\/td>\n<\/tr>\n<tr>\n<td class=\"tg-0djp\">2024<\/td>\n<td class=\"tg-0djp\"><a href=\"https:\/\/psiquiatricodecampeche.com\/DOCUMN\/XXXIII\/2024\/Fracci%C3%B3n%2033%201er%20trimestre%202024.xlsx\" target=\"_blank\" rel=\"noopener noreferrer\">1\u00b0Trimestre<\/a><\/td>\n<td class=\"tg-0djp\"><a href=\"https:\/\/psiquiatricodecampeche.com\/DOCUMN\/XXXIII\/2024\/Fracci%C3%B3n%2033%202do%20trimestre%202024.xlsx\" target=\"_blank\" rel=\"noopener noreferrer\">2\u00b0Trimestre<\/a><\/td>\n<td class=\"tg-0djp\"><a href=\"https:\/\/psiquiatricodecampeche.com\/DOCUMN\/XXXIII\/2024\/Fracci%C3%B3n%2033%203er%20trimestre%202024.xlsx\" target=\"_blank\" rel=\"noopener noreferrer\">3\u00b0Trimestre<\/a><\/td>\n<td class=\"tg-0djp\"><a href=\"https:\/\/psiquiatricodecampeche.com\/DOCUMN\/XXXIII\/2024\/Fracci%C3%B3n%2033%204to%20trimestre%202024.xlsx\" target=\"_blank\" rel=\"noopener noreferrer\">4\u00b0Trimestre<\/a><\/td>\n<\/tr>\n<\/tbody>\n<\/table>\n<\/div>\n<p>[\/et_pb_text][et_pb_text _builder_version=\u00bb4.21.0&#8243; _module_preset=\u00bbdefault\u00bb global_colors_info=\u00bb{}\u00bb]<\/p>\n<p>Para realizar la descarga de clic sobre el periodo correspondiente.<\/p>\n<p>[\/et_pb_text][\/et_pb_column][\/et_pb_row][\/et_pb_section]<\/p>\n","protected":false},"excerpt":{"rendered":"<p>XXXIII. CONVENIOS DE COORDINACI\u00d3N, DE CONCERTACI\u00d3N CON EL SECTOR SOCIAL O PRIVADOTodos los sujetos obligados deber\u00e1n publicar la informaci\u00f3n relativa a cualquier convenio de coordinaci\u00f3n que suscriban para lograr los objetivos de la planeaci\u00f3n nacional del desarrollo. Se entender\u00e1 que los convenios de coordinaci\u00f3n se celebran entre los organismos p\u00fablicos de la federaci\u00f3n, las entidades [&hellip;]<\/p>\n","protected":false},"author":1,"featured_media":0,"parent":0,"menu_order":0,"comment_status":"closed","ping_status":"closed","template":"","meta":{"_et_pb_use_builder":"on","_et_pb_old_content":"","_et_gb_content_width":"","footnotes":""},"class_list":["post-485","page","type-page","status-publish","hentry"],"_links":{"self":[{"href":"https:\/\/transparencia.psiquiatricodecampeche.com\/index.php\/wp-json\/wp\/v2\/pages\/485","targetHints":{"allow":["GET"]}}],"collection":[{"href":"https:\/\/transparencia.psiquiatricodecampeche.com\/index.php\/wp-json\/wp\/v2\/pages"}],"about":[{"href":"https:\/\/transparencia.psiquiatricodecampeche.com\/index.php\/wp-json\/wp\/v2\/types\/page"}],"author":[{"embeddable":true,"href":"https:\/\/transparencia.psiquiatricodecampeche.com\/index.php\/wp-json\/wp\/v2\/users\/1"}],"replies":[{"embeddable":true,"href":"https:\/\/transparencia.psiquiatricodecampeche.com\/index.php\/wp-json\/wp\/v2\/comments?post=485"}],"version-history":[{"count":9,"href":"https:\/\/transparencia.psiquiatricodecampeche.com\/index.php\/wp-json\/wp\/v2\/pages\/485\/revisions"}],"predecessor-version":[{"id":1242,"href":"https:\/\/transparencia.psiquiatricodecampeche.com\/index.php\/wp-json\/wp\/v2\/pages\/485\/revisions\/1242"}],"wp:attachment":[{"href":"https:\/\/transparencia.psiquiatricodecampeche.com\/index.php\/wp-json\/wp\/v2\/media?parent=485"}],"curies":[{"name":"wp","href":"https:\/\/api.w.org\/{rel}","templated":true}]}}