{"id":508,"date":"2023-03-23T14:51:53","date_gmt":"2023-03-23T14:51:53","guid":{"rendered":"https:\/\/transparencia.psiquiatricodecampeche.com\/?page_id=508"},"modified":"2025-10-16T13:13:32","modified_gmt":"2025-10-16T19:13:32","slug":"xxxviii-los-programas-que-ofrecen-incluyendo-informacion-sobre-la-poblacion-objetivo-y-destino","status":"publish","type":"page","link":"https:\/\/transparencia.psiquiatricodecampeche.com\/index.php\/xxxviii-los-programas-que-ofrecen-incluyendo-informacion-sobre-la-poblacion-objetivo-y-destino\/","title":{"rendered":"XXXVIII. LOS PROGRAMAS QUE OFRECEN, INCLUYENDO INFORMACI\u00d3N SOBRE LA POBLACI\u00d3N, OBJETIVO Y DESTINO"},"content":{"rendered":"<p>[et_pb_section fb_built=\u00bb1&#8243; _builder_version=\u00bb4.20.0&#8243; _module_preset=\u00bbdefault\u00bb da_disable_devices=\u00bboff|off|off\u00bb global_colors_info=\u00bb{}\u00bb da_is_popup=\u00bboff\u00bb da_exit_intent=\u00bboff\u00bb da_has_close=\u00bbon\u00bb da_alt_close=\u00bboff\u00bb da_dark_close=\u00bboff\u00bb da_not_modal=\u00bbon\u00bb da_is_singular=\u00bboff\u00bb da_with_loader=\u00bboff\u00bb da_has_shadow=\u00bbon\u00bb][et_pb_row _builder_version=\u00bb4.20.0&#8243; _module_preset=\u00bbdefault\u00bb global_colors_info=\u00bb{}\u00bb][et_pb_column type=\u00bb4_4&#8243; _builder_version=\u00bb4.20.0&#8243; _module_preset=\u00bbdefault\u00bb global_colors_info=\u00bb{}\u00bb][et_pb_text _builder_version=\u00bb4.20.2&#8243; _module_preset=\u00bbdefault\u00bb text_font=\u00bbMontserrat|600|||||||\u00bb text_text_color=\u00bb#9F2241&#8243; text_font_size=\u00bb30px\u00bb global_colors_info=\u00bb{}\u00bb]<\/p>\n<p style=\"text-align: center;\">XXXVIII. LOS PROGRAMAS QUE OFRECEN, INCLUYENDO INFORMACI\u00d3N SOBRE LA POBLACI\u00d3N, OBJETIVO Y DESTINO<\/p>\n<p>[\/et_pb_text][\/et_pb_column][\/et_pb_row][et_pb_row _builder_version=\u00bb4.20.0&#8243; _module_preset=\u00bbdefault\u00bb global_colors_info=\u00bb{}\u00bb][et_pb_column type=\u00bb4_4&#8243; _builder_version=\u00bb4.20.0&#8243; _module_preset=\u00bbdefault\u00bb global_colors_info=\u00bb{}\u00bb][et_pb_text _builder_version=\u00bb4.20.2&#8243; _module_preset=\u00bbdefault\u00bb text_font=\u00bbMontserrat|600|||||||\u00bb text_text_color=\u00bb#000000&#8243; text_font_size=\u00bb15px\u00bb text_line_height=\u00bb1em\u00bb global_colors_info=\u00bb{}\u00bb]<\/p>\n<p style=\"text-align: justify;\">Se entiende por programa al instrumento normativo de planeaci\u00f3n cuya finalidad consiste en desagregar y detallar los planteamientos y orientaciones generales de un plan nacional, estatal o regional y municipal mediante la identificaci\u00f3n de objetivos y metas. Tambi\u00e9n puede ser entendido como el conjunto homog\u00e9neo y organizado de actividades a realizar para alcanzar una o varias metas, con recursos previamente determinados, en su caso, y a cargo del \u00e1rea responsable.<\/p>\n<p style=\"text-align: justify;\">Periodo de actualizaci\u00f3n:\u00a0 TRIMESTRAL \u00a0<\/p>\n<p style=\"text-align: justify;\">Unidad(es) Administrativa(s) que genera(n) o posee(n) la informaci\u00f3n: Unidad de Contabilidad<\/p>\n<p>[\/et_pb_text][\/et_pb_column][\/et_pb_row][et_pb_row _builder_version=\u00bb4.20.0&#8243; _module_preset=\u00bbdefault\u00bb global_colors_info=\u00bb{}\u00bb][et_pb_column type=\u00bb4_4&#8243; _builder_version=\u00bb4.20.0&#8243; _module_preset=\u00bbdefault\u00bb global_colors_info=\u00bb{}\u00bb][et_pb_text _builder_version=\u00bb4.27.4&#8243; _module_preset=\u00bbdefault\u00bb hover_enabled=\u00bb0&#8243; global_colors_info=\u00bb{}\u00bb sticky_enabled=\u00bb0&#8243;]<\/p>\n<style type=\"text\/css\">\n.tg  {border-collapse:collapse;border-spacing:0;margin:0px auto;}\n.tg td{border-color:black;border-style:solid;border-width:1px;font-family:Arial, sans-serif;font-size:14px;\n  overflow:hidden;padding:10px 5px;word-break:normal;}\n.tg th{border-color:black;border-style:solid;border-width:1px;font-family:Arial, sans-serif;font-size:14px;\n  font-weight:normal;overflow:hidden;padding:10px 5px;word-break:normal;}\n.tg .tg-e40k{background-color:#FFF;border-color:#000000;color:#000000;font-weight:bold;text-align:center;vertical-align:middle}\n.tg .tg-10na{background-color:#9F2241;border-color:#000000;color:#FFF;font-weight:bold;text-align:center;vertical-align:middle}\n.tg .tg-pi20{background-color:#FFF;border-color:#000000;color:#666;font-weight:bold;text-align:center;vertical-align:middle}\n.tg .tg-bohg{background-color:#FFF;border-color:#000000;color:#000000;font-weight:bold;text-align:center;vertical-align:top}\n@media screen and (max-width: 767px) {.tg {width: auto !important;}.tg col {width: auto !important;}.tg-wrap {overflow-x: auto;-webkit-overflow-scrolling: touch;margin: auto 0px;}}<\/style>\n<div class=\"tg-wrap\">\n<table class=\"tg\">\n<thead>\n<tr>\n<th class=\"tg-10na\" colspan=\"8\"><span style=\"font-weight:bold;color:#FFF;background-color:transparent\">FRACCI\u00d3N XXXVIII<\/span><\/th>\n<\/tr>\n<\/thead>\n<tbody>\n<tr>\n<td class=\"tg-e40k\" rowspan=\"3\"><span style=\"font-weight:bold;background-color:transparent\">A<\/span><br \/><span style=\"background-color:transparent\">Los programas que ofrecen.<\/span><\/td>\n<td class=\"tg-e40k\" rowspan=\"6\"><span style=\"font-weight:bold;background-color:transparent\">TRIMESTRAL<\/span><br \/><span style=\"background-color:transparent\">A\u00f1o en curso y dos anteriores<\/span><\/td>\n<td class=\"tg-e40k\">2025<\/td>\n<td class=\"tg-bohg\"><a href=\"https:\/\/psiquiatricodecampeche.com\/DOCUMN\/XXXVIII\/2025\/N_F38a_LTAIPEC_Art74FrXXXVIII-1TRIM25.xlsx\" target=\"_blank\" rel=\"noopener noreferrer\">1\u00b0Trimestre<\/a><\/td>\n<td class=\"tg-bohg\"><a href=\"https:\/\/psiquiatricodecampeche.com\/DOCUMN\/XXXVIII\/2025\/N_F38a_LTAIPEC_Art74FrXXXVIII-2TRIM25.xlsx\" target=\"_blank\" rel=\"noopener noreferrer\">2\u00b0Trimestre<\/a><\/td>\n<td class=\"tg-bohg\">&#8211;<\/td>\n<td class=\"tg-bohg\">&#8211;<\/td>\n<td class=\"tg-pi20\" rowspan=\"6\"><img loading=\"lazy\" decoding=\"async\" src=\"https:\/\/psiquiatricodecampeche.com\/DOCUMN\/img22\/excel%20logo.png\" alt=\"EXCEL\" width=\"30\" height=\"29\"><\/td>\n<\/tr>\n<tr>\n<td class=\"tg-e40k\">2024<\/td>\n<td class=\"tg-e40k\"><a href=\"https:\/\/psiquiatricodecampeche.com\/DOCUMN\/XXXVIII\/2024\/N_F38a_LTAIPEC_Art74FrXXXVIII-1TRIM24.xlsx\" target=\"_blank\" rel=\"noopener noreferrer\">1\u00b0Trimestre<\/a><\/td>\n<td class=\"tg-e40k\"><a href=\"https:\/\/psiquiatricodecampeche.com\/DOCUMN\/XXXVIII\/2024\/N_F38a_LTAIPEC_Art74FrXXXVIII-2TRIM24.xlsx\" target=\"_blank\" rel=\"noopener noreferrer\">2\u00b0Trimestre<\/a><\/td>\n<td class=\"tg-e40k\"><a href=\"https:\/\/psiquiatricodecampeche.com\/DOCUMN\/XXXVIII\/2024\/N_F38a_LTAIPEC_Art74FrXXXVIII-3TRIM24.xlsx\" target=\"_blank\" rel=\"noopener noreferrer\">3\u00b0Trimestre<\/a><\/td>\n<td class=\"tg-e40k\"><a href=\"https:\/\/psiquiatricodecampeche.com\/DOCUMN\/XXXVIII\/2024\/N_F38a_LTAIPEC_Art74FrXXXVIII-4TRIM24.xlsx\" target=\"_blank\" rel=\"noopener noreferrer\">4\u00b0Trimestre<\/a><\/td>\n<\/tr>\n<tr>\n<td class=\"tg-e40k\">2023<\/td>\n<td class=\"tg-e40k\"><a href=\"https:\/\/psiquiatricodecampeche.com\/DOCUMN\/XXXVIII\/2023\/Fraccion38A_1trimestre2023.xls\" target=\"_blank\" rel=\"noopener noreferrer\">1\u00b0Trimestre<\/a><\/td>\n<td class=\"tg-e40k\"><a href=\"https:\/\/psiquiatricodecampeche.com\/DOCUMN\/XXXVIII\/2023\/Fraccion38A_2trimestre2023.xls\" target=\"_blank\" rel=\"noopener noreferrer\">2\u00b0Trimestre<\/a><\/td>\n<td class=\"tg-e40k\"><a href=\"https:\/\/psiquiatricodecampeche.com\/DOCUMN\/XXXVIII\/2023\/Fraccion38A_3trimestre2023.xls\" target=\"_blank\" rel=\"noopener noreferrer\">3\u00b0Trimestre<\/a><\/td>\n<td class=\"tg-e40k\"><a href=\"https:\/\/psiquiatricodecampeche.com\/DOCUMN\/XXXVIII\/2023\/Fraccion38A_4trimestre2023.xlsx\" target=\"_blank\" rel=\"noopener noreferrer\">4\u00b0Trimestre<\/a><\/td>\n<\/tr>\n<tr>\n<td class=\"tg-e40k\" rowspan=\"3\"><span style=\"font-weight:bold;background-color:transparent\">B<\/span><br \/><span style=\"background-color:transparent\">Los tr\u00e1mites, requisitos y formatos para acceder a los programas.<\/span><\/td>\n<td class=\"tg-e40k\">2025<\/td>\n<td class=\"tg-bohg\"><a href=\"https:\/\/psiquiatricodecampeche.com\/DOCUMN\/XXXVIII\/2025\/N_F38b_LTAIPEC_Art74FrXXXVIII-1TRIM25.xlsx\" target=\"_blank\" rel=\"noopener noreferrer\">1\u00b0Trimestre<\/a><\/td>\n<td class=\"tg-bohg\"><a href=\"https:\/\/psiquiatricodecampeche.com\/DOCUMN\/XXXVIII\/2025\/N_F38b_LTAIPEC_Art74FrXXXVIII-2TRIM25.xlsx\" target=\"_blank\" rel=\"noopener noreferrer\">2\u00b0Trimestre<\/a><\/td>\n<td class=\"tg-bohg\">&#8211;<\/td>\n<td class=\"tg-bohg\">&#8211;<\/td>\n<\/tr>\n<tr>\n<td class=\"tg-e40k\">2024<\/td>\n<td class=\"tg-e40k\"><a href=\"https:\/\/psiquiatricodecampeche.com\/DOCUMN\/XXXVIII\/2024\/N_F38b_LTAIPEC_Art74FrXXXVIII-1TRIM24.xlsx\" target=\"_blank\" rel=\"noopener noreferrer\">1\u00b0Trimestre<\/a><\/td>\n<td class=\"tg-e40k\"><a href=\"https:\/\/psiquiatricodecampeche.com\/DOCUMN\/XXXVIII\/2024\/N_F38b_LTAIPEC_Art74FrXXXVIII-2TRIM24.xlsx\" target=\"_blank\" rel=\"noopener noreferrer\">2\u00b0Trimestre<\/a><\/td>\n<td class=\"tg-e40k\"><a href=\"https:\/\/psiquiatricodecampeche.com\/DOCUMN\/XXXVIII\/2024\/N_F38b_LTAIPEC_Art74FrXXXVIII-3TRIM24.xlsx\" target=\"_blank\" rel=\"noopener noreferrer\">3\u00b0Trimestre<\/a><\/td>\n<td class=\"tg-e40k\"><a href=\"https:\/\/psiquiatricodecampeche.com\/DOCUMN\/XXXVIII\/2024\/N_F38b_LTAIPEC_Art74FrXXXVIII-4TRIM24.xlsx\" target=\"_blank\" rel=\"noopener noreferrer\">4\u00b0Trimestre<\/a><\/td>\n<\/tr>\n<tr>\n<td class=\"tg-e40k\">2023<\/td>\n<td class=\"tg-e40k\"><a href=\"https:\/\/psiquiatricodecampeche.com\/DOCUMN\/XXXVIII\/2023\/Fraccion38B_1trimestre2023.xls\" target=\"_blank\" rel=\"noopener noreferrer\">1\u00b0Trimestre<\/a><\/td>\n<td class=\"tg-e40k\"><a href=\"https:\/\/psiquiatricodecampeche.com\/DOCUMN\/XXXVIII\/2023\/Fraccion38B_2trimestre2023.xls\" target=\"_blank\" rel=\"noopener noreferrer\">2\u00b0Trimestre<\/a><\/td>\n<td class=\"tg-e40k\"><a href=\"https:\/\/psiquiatricodecampeche.com\/DOCUMN\/XXXVIII\/2023\/Fraccion38B_3trimestre2023.xls\" target=\"_blank\" rel=\"noopener noreferrer\">3\u00b0Trimestre<\/a><\/td>\n<td class=\"tg-e40k\"><a href=\"https:\/\/psiquiatricodecampeche.com\/DOCUMN\/XXXVIII\/2023\/Fraccion38B_4trimestre2023.xlsx\" target=\"_blank\" rel=\"noopener noreferrer\">4\u00b0Trimestre<\/a><\/td>\n<\/tr>\n<\/tbody>\n<\/table>\n<\/div>\n<p>[\/et_pb_text][et_pb_text _builder_version=\u00bb4.21.0&#8243; _module_preset=\u00bbdefault\u00bb global_colors_info=\u00bb{}\u00bb]<\/p>\n<p>Para realizar la descarga de clic sobre el periodo correspondiente.<\/p>\n<p>[\/et_pb_text][\/et_pb_column][\/et_pb_row][\/et_pb_section]<\/p>\n","protected":false},"excerpt":{"rendered":"<p>XXXVIII. LOS PROGRAMAS QUE OFRECEN, INCLUYENDO INFORMACI\u00d3N SOBRE LA POBLACI\u00d3N, OBJETIVO Y DESTINOSe entiende por programa al instrumento normativo de planeaci\u00f3n cuya finalidad consiste en desagregar y detallar los planteamientos y orientaciones generales de un plan nacional, estatal o regional y municipal mediante la identificaci\u00f3n de objetivos y metas. Tambi\u00e9n puede ser entendido como el [&hellip;]<\/p>\n","protected":false},"author":1,"featured_media":0,"parent":0,"menu_order":0,"comment_status":"closed","ping_status":"closed","template":"","meta":{"_et_pb_use_builder":"on","_et_pb_old_content":"","_et_gb_content_width":"","footnotes":""},"class_list":["post-508","page","type-page","status-publish","hentry"],"_links":{"self":[{"href":"https:\/\/transparencia.psiquiatricodecampeche.com\/index.php\/wp-json\/wp\/v2\/pages\/508","targetHints":{"allow":["GET"]}}],"collection":[{"href":"https:\/\/transparencia.psiquiatricodecampeche.com\/index.php\/wp-json\/wp\/v2\/pages"}],"about":[{"href":"https:\/\/transparencia.psiquiatricodecampeche.com\/index.php\/wp-json\/wp\/v2\/types\/page"}],"author":[{"embeddable":true,"href":"https:\/\/transparencia.psiquiatricodecampeche.com\/index.php\/wp-json\/wp\/v2\/users\/1"}],"replies":[{"embeddable":true,"href":"https:\/\/transparencia.psiquiatricodecampeche.com\/index.php\/wp-json\/wp\/v2\/comments?post=508"}],"version-history":[{"count":11,"href":"https:\/\/transparencia.psiquiatricodecampeche.com\/index.php\/wp-json\/wp\/v2\/pages\/508\/revisions"}],"predecessor-version":[{"id":1228,"href":"https:\/\/transparencia.psiquiatricodecampeche.com\/index.php\/wp-json\/wp\/v2\/pages\/508\/revisions\/1228"}],"wp:attachment":[{"href":"https:\/\/transparencia.psiquiatricodecampeche.com\/index.php\/wp-json\/wp\/v2\/media?parent=508"}],"curies":[{"name":"wp","href":"https:\/\/api.w.org\/{rel}","templated":true}]}}