{"id":538,"date":"2023-03-24T15:14:39","date_gmt":"2023-03-24T15:14:39","guid":{"rendered":"https:\/\/transparencia.psiquiatricodecampeche.com\/?page_id=538"},"modified":"2023-06-12T09:57:40","modified_gmt":"2023-06-12T14:57:40","slug":"xlv-catalogo-de-disposicion-documental-y-guia-de-archivo-documental","status":"publish","type":"page","link":"https:\/\/transparencia.psiquiatricodecampeche.com\/index.php\/xlv-catalogo-de-disposicion-documental-y-guia-de-archivo-documental\/","title":{"rendered":"XLV. CAT\u00c1LOGO DE DISPOSICI\u00d3N DOCUMENTAL Y GU\u00cdA DE ARCHIVO DOCUMENTAL"},"content":{"rendered":"<p>[et_pb_section fb_built=\u00bb1&#8243; _builder_version=\u00bb4.20.0&#8243; _module_preset=\u00bbdefault\u00bb da_disable_devices=\u00bboff|off|off\u00bb global_colors_info=\u00bb{}\u00bb da_is_popup=\u00bboff\u00bb da_exit_intent=\u00bboff\u00bb da_has_close=\u00bbon\u00bb da_alt_close=\u00bboff\u00bb da_dark_close=\u00bboff\u00bb da_not_modal=\u00bbon\u00bb da_is_singular=\u00bboff\u00bb da_with_loader=\u00bboff\u00bb da_has_shadow=\u00bbon\u00bb][et_pb_row _builder_version=\u00bb4.20.0&#8243; _module_preset=\u00bbdefault\u00bb global_colors_info=\u00bb{}\u00bb][et_pb_column type=\u00bb4_4&#8243; _builder_version=\u00bb4.20.0&#8243; _module_preset=\u00bbdefault\u00bb global_colors_info=\u00bb{}\u00bb][et_pb_text _builder_version=\u00bb4.20.2&#8243; _module_preset=\u00bbdefault\u00bb text_font=\u00bbMontserrat|600|||||||\u00bb text_text_color=\u00bb#9F2241&#8243; text_font_size=\u00bb30px\u00bb global_colors_info=\u00bb{}\u00bb]<\/p>\n<p style=\"text-align: center;\">XLV. CAT\u00c1LOGO DE DISPOSICI\u00d3N DOCUMENTAL Y GU\u00cdA DE ARCHIVO DOCUMENTAL<\/p>\n<p>[\/et_pb_text][\/et_pb_column][\/et_pb_row][et_pb_row _builder_version=\u00bb4.20.0&#8243; _module_preset=\u00bbdefault\u00bb global_colors_info=\u00bb{}\u00bb][et_pb_column type=\u00bb4_4&#8243; _builder_version=\u00bb4.20.0&#8243; _module_preset=\u00bbdefault\u00bb global_colors_info=\u00bb{}\u00bb][et_pb_text _builder_version=\u00bb4.20.2&#8243; _module_preset=\u00bbdefault\u00bb text_font=\u00bbMontserrat|600|||||||\u00bb text_text_color=\u00bb#000000&#8243; text_font_size=\u00bb15px\u00bb text_line_height=\u00bb1em\u00bb global_colors_info=\u00bb{}\u00bb]<\/p>\n<p style=\"text-align: justify;\">La Ley General de Transparencia y Acceso a la Informaci\u00f3n indica que todo sujeto obligado deber\u00e1 \u201cconstituir y mantener actualizados sus sistemas de archivo y gesti\u00f3n documental, conforme a la normatividad aplicable\u201d. Asimismo, tal como lo establece la Ley General de Archivos, los sujetos obligados deben cumplir los principios y bases generales para la organizaci\u00f3n y conservaci\u00f3n, administraci\u00f3n y preservaci\u00f3n homog\u00e9nea de los archivos en su posesi\u00f3n.<\/p>\n<p style=\"text-align: justify;\">Periodo de actualizaci\u00f3n: Anual \/ Semestral<\/p>\n<p style=\"text-align: justify;\">Unidad(es) Administrativa(s) que genera(n) o posee(n) la informaci\u00f3n: Unidad de Archivo cl\u00ednico y Estad\u00edstica \/ Unidad de Transparencia y Datos Personales.<\/p>\n<p>[\/et_pb_text][\/et_pb_column][\/et_pb_row][et_pb_row _builder_version=\u00bb4.20.0&#8243; _module_preset=\u00bbdefault\u00bb global_colors_info=\u00bb{}\u00bb][et_pb_column type=\u00bb4_4&#8243; _builder_version=\u00bb4.20.0&#8243; _module_preset=\u00bbdefault\u00bb global_colors_info=\u00bb{}\u00bb][et_pb_text _builder_version=\u00bb4.21.0&#8243; _module_preset=\u00bbdefault\u00bb global_colors_info=\u00bb{}\u00bb]<\/p>\n<table>\n<tbody>\n<tr>\n<td class=\"selected\" colspan=\"4\" style=\"display: table-cell; font-weight: bold; text-align: center; vertical-align: middle; background-color: #9f2241; color: #ffffff;\" rowspan=\"1\">\n<div class=\"wrap\" style=\"justify-content: center;\">\n<div style=\"margin: 10px 5px;\">\n<p><span style=\"color: white;\">FRACCI\u00d3N XLV<\/span><\/p>\n<\/div>\n<\/div>\n<\/td>\n<td style=\"font-weight: normal; background-color: #c52393; text-align: center; color: #ffffff; vertical-align: middle; display: none;\" rowspan=\"1\" class=\"selected\">\n<div class=\"wrap\" style=\"justify-content: center;\">\n<div style=\"margin: 10px 5px;\"><\/div>\n<\/div>\n<\/td>\n<td style=\"font-weight: bold; background-color: #c52393; text-align: center; color: #ffffff; vertical-align: middle; display: none;\" rowspan=\"1\" class=\"selected\">\n<div class=\"wrap\" style=\"justify-content: center;\">\n<div style=\"margin: 10px 5px;\"><\/div>\n<\/div>\n<\/td>\n<td style=\"font-weight: bold; background-color: #c52393; text-align: center; color: #ffffff; vertical-align: middle; display: none;\" rowspan=\"1\" class=\"selected\">\n<div class=\"wrap\" style=\"justify-content: center;\">\n<div style=\"margin: 10px 5px;\"><\/div>\n<\/div>\n<\/td>\n<\/tr>\n<tr>\n<td style=\"font-weight: bold; background-color: #ffffff; text-align: center; color: #000000; vertical-align: middle;\" class=\"selected\">\n<div class=\"wrap\" style=\"justify-content: center;\">\n<div style=\"margin: 10px 5px;\">\n<p><span>Cat\u00e1logo de disposici\u00f3n documental y gu\u00eda de archivo documental.<\/span><\/p>\n<\/div>\n<\/div>\n<\/td>\n<td style=\"font-weight: normal; background-color: #ffffff; text-align: center; color: #000000; vertical-align: middle;\" class=\"selected\">\n<div class=\"wrap\" style=\"justify-content: center;\">\n<div style=\"margin: 10px 5px;\" class=\"\" contenteditable=\"false\">\n<p><span style=\"font-weight: bold;\">ANUAL\/SEMESTRAL<\/span><\/p>\n<p><span>Vigente<\/span><\/p>\n<\/div>\n<\/div>\n<\/td>\n<td style=\"background-color: #ffffff; text-align: center; color: #000000; vertical-align: middle;\" class=\"selected\">\n<div class=\"wrap\" style=\"justify-content: center;\">\n<div style=\"margin: 10px 5px;\" class=\"\" contenteditable=\"false\">\n<p><a href=\"https:\/\/psiquiatricodecampeche.com\/DOCUMN\/XLV\/2023\/Fraccion45_1trimestre2023.xls\" data-enable-open-in-new-tab=\"true\"><span style=\"font-weight: bold; text-decoration: none;\">2023<\/span><\/a><\/p>\n<p><span>(Y semestres acumulados)<\/span><\/p>\n<\/div>\n<\/div>\n<\/td>\n<td style=\"background-color: #ffffff; text-align: center; color: #000000; vertical-align: middle;\" class=\"selected\">\n<div class=\"wrap\" style=\"justify-content: center;\">\n<div style=\"margin: 10px 5px;\">\n<p><img loading=\"lazy\" decoding=\"async\" src=\"https:\/\/psiquiatricodecampeche.com\/DOCUMN\/img22\/excel%20logo.png\" alt=\"EXCEL\" style=\"width: 30px; max-width: 30px; height: 29px; max-height: 29px;\" width=\"30\" height=\"29\" \/><\/p>\n<\/div>\n<\/div>\n<\/td>\n<\/tr>\n<\/tbody>\n<\/table>\n<p>[\/et_pb_text][et_pb_text _builder_version=\u00bb4.21.0&#8243; _module_preset=\u00bbdefault\u00bb hover_enabled=\u00bb0&#8243; sticky_enabled=\u00bb0&#8243;]<\/p>\n<p>Para realizar la descarga de clic sobre el periodo correspondiente.<\/p>\n<p>[\/et_pb_text][\/et_pb_column][\/et_pb_row][\/et_pb_section]<\/p>\n","protected":false},"excerpt":{"rendered":"<p>XLV. CAT\u00c1LOGO DE DISPOSICI\u00d3N DOCUMENTAL Y GU\u00cdA DE ARCHIVO DOCUMENTALLa Ley General de Transparencia y Acceso a la Informaci\u00f3n indica que todo sujeto obligado deber\u00e1 \u201cconstituir y mantener actualizados sus sistemas de archivo y gesti\u00f3n documental, conforme a la normatividad aplicable\u201d. Asimismo, tal como lo establece la Ley General de Archivos, los sujetos obligados deben [&hellip;]<\/p>\n","protected":false},"author":1,"featured_media":0,"parent":0,"menu_order":0,"comment_status":"closed","ping_status":"closed","template":"","meta":{"_et_pb_use_builder":"on","_et_pb_old_content":"","_et_gb_content_width":"","footnotes":""},"class_list":["post-538","page","type-page","status-publish","hentry"],"_links":{"self":[{"href":"https:\/\/transparencia.psiquiatricodecampeche.com\/index.php\/wp-json\/wp\/v2\/pages\/538","targetHints":{"allow":["GET"]}}],"collection":[{"href":"https:\/\/transparencia.psiquiatricodecampeche.com\/index.php\/wp-json\/wp\/v2\/pages"}],"about":[{"href":"https:\/\/transparencia.psiquiatricodecampeche.com\/index.php\/wp-json\/wp\/v2\/types\/page"}],"author":[{"embeddable":true,"href":"https:\/\/transparencia.psiquiatricodecampeche.com\/index.php\/wp-json\/wp\/v2\/users\/1"}],"replies":[{"embeddable":true,"href":"https:\/\/transparencia.psiquiatricodecampeche.com\/index.php\/wp-json\/wp\/v2\/comments?post=538"}],"version-history":[{"count":5,"href":"https:\/\/transparencia.psiquiatricodecampeche.com\/index.php\/wp-json\/wp\/v2\/pages\/538\/revisions"}],"predecessor-version":[{"id":734,"href":"https:\/\/transparencia.psiquiatricodecampeche.com\/index.php\/wp-json\/wp\/v2\/pages\/538\/revisions\/734"}],"wp:attachment":[{"href":"https:\/\/transparencia.psiquiatricodecampeche.com\/index.php\/wp-json\/wp\/v2\/media?parent=538"}],"curies":[{"name":"wp","href":"https:\/\/api.w.org\/{rel}","templated":true}]}}