{"id":655,"date":"2023-05-18T14:42:32","date_gmt":"2023-05-18T19:42:32","guid":{"rendered":"https:\/\/transparencia.psiquiatricodecampeche.com\/?page_id=655"},"modified":"2025-10-15T15:47:02","modified_gmt":"2025-10-15T21:47:02","slug":"xxv-el-resultado-de-la-dictaminacion-de-los-estados-financieros","status":"publish","type":"page","link":"https:\/\/transparencia.psiquiatricodecampeche.com\/index.php\/xxv-el-resultado-de-la-dictaminacion-de-los-estados-financieros\/","title":{"rendered":"XXV.EL RESULTADO DE LA DICTAMINACI\u00d3N DE LOS ESTADOS FINANCIEROS"},"content":{"rendered":"<p>[et_pb_section fb_built=\u00bb1&#8243; _builder_version=\u00bb4.20.0&#8243; _module_preset=\u00bbdefault\u00bb custom_padding=\u00bb||0px|||\u00bb da_disable_devices=\u00bboff|off|off\u00bb global_colors_info=\u00bb{}\u00bb da_is_popup=\u00bboff\u00bb da_exit_intent=\u00bboff\u00bb da_has_close=\u00bbon\u00bb da_alt_close=\u00bboff\u00bb da_dark_close=\u00bboff\u00bb da_not_modal=\u00bbon\u00bb da_is_singular=\u00bboff\u00bb da_with_loader=\u00bboff\u00bb da_has_shadow=\u00bbon\u00bb][et_pb_row _builder_version=\u00bb4.20.0&#8243; _module_preset=\u00bbdefault\u00bb global_colors_info=\u00bb{}\u00bb][et_pb_column type=\u00bb4_4&#8243; _builder_version=\u00bb4.20.0&#8243; _module_preset=\u00bbdefault\u00bb global_colors_info=\u00bb{}\u00bb][et_pb_text _builder_version=\u00bb4.21.0&#8243; _module_preset=\u00bbdefault\u00bb text_font=\u00bbMontserrat|600|||||||\u00bb text_text_color=\u00bb#9F2241&#8243; text_font_size=\u00bb30px\u00bb global_colors_info=\u00bb{}\u00bb]<\/p>\n<p style=\"text-align: center;\">XXV. EL RESULTADO DE LA DICTAMINACI\u00d3N DE LOS ESTADOS FINANCIEROS<\/p>\n<p>[\/et_pb_text][\/et_pb_column][\/et_pb_row][et_pb_row _builder_version=\u00bb4.20.0&#8243; _module_preset=\u00bbdefault\u00bb global_colors_info=\u00bb{}\u00bb][et_pb_column type=\u00bb4_4&#8243; _builder_version=\u00bb4.20.0&#8243; _module_preset=\u00bbdefault\u00bb global_colors_info=\u00bb{}\u00bb][et_pb_text _builder_version=\u00bb4.21.0&#8243; _module_preset=\u00bbdefault\u00bb text_font=\u00bbMontserrat|600|||||||\u00bb text_text_color=\u00bb#000000&#8243; text_font_size=\u00bb15px\u00bb text_line_height=\u00bb1em\u00bb global_colors_info=\u00bb{}\u00bb]<\/p>\n<p style=\"text-align: justify;\">Informe de resultados de los dict\u00e1menes realizados a sus estados financieros por las empresas auditoras contratadas para tal fin. La dictaminaci\u00f3n de los estados financieros deber\u00e1 realizarla un contador p\u00fablico registrado en t\u00e9rminos de las disposiciones que establezcan el C\u00f3digo Fiscal de la Federaci\u00f3n y los c\u00f3digos u ordenamientos fiscales de las Entidades Federativas.<\/p>\n<p style=\"text-align: justify;\">Unidad(es) Administrativa(s) que genera(n) o posee(n) la informaci\u00f3n: Contabilidad<\/p>\n<p>[\/et_pb_text][\/et_pb_column][\/et_pb_row][et_pb_row _builder_version=\u00bb4.20.0&#8243; _module_preset=\u00bbdefault\u00bb global_colors_info=\u00bb{}\u00bb][et_pb_column type=\u00bb4_4&#8243; _builder_version=\u00bb4.20.0&#8243; _module_preset=\u00bbdefault\u00bb global_colors_info=\u00bb{}\u00bb][et_pb_text _builder_version=\u00bb4.27.4&#8243; _module_preset=\u00bbdefault\u00bb hover_enabled=\u00bb0&#8243; global_colors_info=\u00bb{}\u00bb sticky_enabled=\u00bb0&#8243;]<\/p>\n<style type=\"text\/css\">\n.tg  {border-collapse:collapse;border-spacing:0;margin:0px auto;}\n.tg td{border-color:black;border-style:solid;border-width:1px;font-family:Arial, sans-serif;font-size:14px;\n  overflow:hidden;padding:10px 5px;word-break:normal;}\n.tg th{border-color:black;border-style:solid;border-width:1px;font-family:Arial, sans-serif;font-size:14px;\n  font-weight:normal;overflow:hidden;padding:10px 5px;word-break:normal;}\n.tg .tg-e40k{background-color:#FFF;border-color:#000000;color:#000000;font-weight:bold;text-align:center;vertical-align:middle}\n.tg .tg-10na{background-color:#9F2241;border-color:#000000;color:#FFF;font-weight:bold;text-align:center;vertical-align:middle}\n@media screen and (max-width: 767px) {.tg {width: auto !important;}.tg col {width: auto !important;}.tg-wrap {overflow-x: auto;-webkit-overflow-scrolling: touch;margin: auto 0px;}}<\/style>\n<div class=\"tg-wrap\">\n<table class=\"tg\">\n<thead>\n<tr>\n<th class=\"tg-10na\" colspan=\"4\"><span style=\"background-color:transparent\">FRACCI\u00d3N XXV<\/span><\/th>\n<\/tr>\n<\/thead>\n<tbody>\n<tr>\n<td class=\"tg-e40k\" rowspan=\"2\"><span style=\"background-color:transparent\">DICTAMENES FINANCIEROS<\/span><\/td>\n<td class=\"tg-e40k\" rowspan=\"2\"><span style=\"font-weight:bold;background-color:transparent\">ANUAL<\/span><br \/><span style=\"background-color:transparent\">\u00daltimo a\u00f1o concluido y seis anteriores<\/span><\/td>\n<td class=\"tg-e40k\"><a href=\"https:\/\/psiquiatricodecampeche.com\/DOCUMN\/XXV\/N_F25_LTAIPEC_Art74FrXXV-2024.xlsx\" target=\"_blank\" rel=\"noopener noreferrer\">2024<\/a><\/td>\n<td class=\"tg-e40k\" rowspan=\"2\"><img loading=\"lazy\" decoding=\"async\" src=\"https:\/\/psiquiatricodecampeche.com\/DOCUMN\/img22\/excel%20logo.png\" alt=\"EXCEL\" width=\"30\" height=\"29\"><\/td>\n<\/tr>\n<tr>\n<td class=\"tg-e40k\"><a href=\"https:\/\/psiquiatricodecampeche.com\/DOCUMN\/XXV\/N_F25_LTAIPEC_Art74FrXXV-2018-2023.zip\" target=\"_blank\" rel=\"noopener noreferrer\">2018-2023<\/a><\/td>\n<\/tr>\n<\/tbody>\n<\/table>\n<\/div>\n<p>[\/et_pb_text][et_pb_text _builder_version=\u00bb4.21.0&#8243; _module_preset=\u00bbdefault\u00bb global_colors_info=\u00bb{}\u00bb]<\/p>\n<p>Para realizar la descarga de clic sobre el periodo correspondiente.<\/p>\n<p>[\/et_pb_text][\/et_pb_column][\/et_pb_row][\/et_pb_section]<\/p>\n","protected":false},"excerpt":{"rendered":"<p>XXV. EL RESULTADO DE LA DICTAMINACI\u00d3N DE LOS ESTADOS FINANCIEROSInforme de resultados de los dict\u00e1menes realizados a sus estados financieros por las empresas auditoras contratadas para tal fin. La dictaminaci\u00f3n de los estados financieros deber\u00e1 realizarla un contador p\u00fablico registrado en t\u00e9rminos de las disposiciones que establezcan el C\u00f3digo Fiscal de la Federaci\u00f3n y los [&hellip;]<\/p>\n","protected":false},"author":1,"featured_media":0,"parent":0,"menu_order":0,"comment_status":"closed","ping_status":"closed","template":"","meta":{"_et_pb_use_builder":"on","_et_pb_old_content":"","_et_gb_content_width":"","footnotes":""},"class_list":["post-655","page","type-page","status-publish","hentry"],"_links":{"self":[{"href":"https:\/\/transparencia.psiquiatricodecampeche.com\/index.php\/wp-json\/wp\/v2\/pages\/655","targetHints":{"allow":["GET"]}}],"collection":[{"href":"https:\/\/transparencia.psiquiatricodecampeche.com\/index.php\/wp-json\/wp\/v2\/pages"}],"about":[{"href":"https:\/\/transparencia.psiquiatricodecampeche.com\/index.php\/wp-json\/wp\/v2\/types\/page"}],"author":[{"embeddable":true,"href":"https:\/\/transparencia.psiquiatricodecampeche.com\/index.php\/wp-json\/wp\/v2\/users\/1"}],"replies":[{"embeddable":true,"href":"https:\/\/transparencia.psiquiatricodecampeche.com\/index.php\/wp-json\/wp\/v2\/comments?post=655"}],"version-history":[{"count":5,"href":"https:\/\/transparencia.psiquiatricodecampeche.com\/index.php\/wp-json\/wp\/v2\/pages\/655\/revisions"}],"predecessor-version":[{"id":1224,"href":"https:\/\/transparencia.psiquiatricodecampeche.com\/index.php\/wp-json\/wp\/v2\/pages\/655\/revisions\/1224"}],"wp:attachment":[{"href":"https:\/\/transparencia.psiquiatricodecampeche.com\/index.php\/wp-json\/wp\/v2\/media?parent=655"}],"curies":[{"name":"wp","href":"https:\/\/api.w.org\/{rel}","templated":true}]}}